{"id":18160,"date":"2026-02-27T00:38:26","date_gmt":"2026-02-27T00:38:26","guid":{"rendered":"https:\/\/nordicmart.andreevmaster.com\/product\/feandrea-klattertrad-med-hangmatta-154-cm-gra\/"},"modified":"2026-02-27T08:27:17","modified_gmt":"2026-02-27T08:27:17","slug":"feandrea-klattertrad-med-hangmatta-154-cm-gra","status":"publish","type":"product","link":"https:\/\/nordicmart.andreevmaster.com\/sv\/produkt\/feandrea-klattertrad-med-hangmatta-154-cm-gra\/","title":{"rendered":"Feandrea kl\u00e4ttertr\u00e4d med h\u00e4ngmatta 154 cm Gr\u00e5"},"content":{"rendered":"<p>Produktdetaljer: F\u00e4rg: R\u00f6kgr\u00e5 Material: Sp\u00e5nskiva + plysch + sisal Total h\u00f6jd: ca 154 cm M\u00e5tt bottenplatta: ca 50 x 50 cm M\u00e5tt p\u00e5 grottan: ca 35 x 25 x 30 cm (B x H x D)M\u00e5tt p\u00e5 den fyrkantiga plattformen: ca 36 x 36 cm M\u00e5tt p\u00e5 den ovala plattformen (2 x): ca 50 x 30 cm vardera Vikt: ca 16,9 kg Leveransomfattning: 1 x kl\u00f6sst\u00e5ng 1 x bruksanvisning (DE, EN, FR, IT, ES) FEANDREA Anm\u00e4rkningar: &#8211; Det kan h\u00e4nda att produkten luktar<br \/>\n&#8221;ny&#8221;. Lukten f\u00f6rsvinner efter n\u00e5gra dagar,<br \/>\nom du placerar den monterade kl\u00f6sstammen i ett v\u00e4l ventilerat rum<br \/>\n. &#8211; Vi rekommenderar att du placerar kl\u00f6sstammen mot en v\u00e4gg eller i ett<br \/>\n h\u00f6rn f\u00f6r att undvika instabilitet. (B\u00e4rkraft: 3-4<br \/>\nkatter (\u2264 7 kg per katt)) &#8211; Om<br \/>\n din katt b\u00f6rjar tugga p\u00e5 plyschbollen eller<br \/>\n\u00e4ta p\u00e5 den och gummibandet, ta bort leksaken<br \/>\n och f\u00f6rvara den utom r\u00e4ckh\u00e5ll f\u00f6r din katt.<\/p>\n","protected":false},"excerpt":{"rendered":"<p>Feandrea XXL kl\u00e4ttertr\u00e4d, stabil kl\u00f6sst\u00e5ng med h\u00e4ngmatta, grotta, leksisal, 154 cm, r\u00f6kgr\u00e5 beige ljusgr\u00e5 PCT86W<\/p>\n","protected":false},"featured_media":45193,"comment_status":"open","ping_status":"closed","template":"","meta":[],"product_brand":[],"product_cat":[33],"product_tag":[],"class_list":{"0":"post-18160","1":"product","2":"type-product","3":"status-publish","4":"has-post-thumbnail","6":"product_cat-okategoriserad","8":"first","9":"instock","10":"shipping-taxable","11":"purchasable","12":"product-type-simple"},"_links":{"self":[{"href":"https:\/\/nordicmart.andreevmaster.com\/sv\/wp-json\/wp\/v2\/product\/18160","targetHints":{"allow":["GET"]}}],"collection":[{"href":"https:\/\/nordicmart.andreevmaster.com\/sv\/wp-json\/wp\/v2\/product"}],"about":[{"href":"https:\/\/nordicmart.andreevmaster.com\/sv\/wp-json\/wp\/v2\/types\/product"}],"replies":[{"embeddable":true,"href":"https:\/\/nordicmart.andreevmaster.com\/sv\/wp-json\/wp\/v2\/comments?post=18160"}],"wp:featuredmedia":[{"embeddable":true,"href":"https:\/\/nordicmart.andreevmaster.com\/sv\/wp-json\/wp\/v2\/media\/45193"}],"wp:attachment":[{"href":"https:\/\/nordicmart.andreevmaster.com\/sv\/wp-json\/wp\/v2\/media?parent=18160"}],"wp:term":[{"taxonomy":"product_brand","embeddable":true,"href":"https:\/\/nordicmart.andreevmaster.com\/sv\/wp-json\/wp\/v2\/product_brand?post=18160"},{"taxonomy":"product_cat","embeddable":true,"href":"https:\/\/nordicmart.andreevmaster.com\/sv\/wp-json\/wp\/v2\/product_cat?post=18160"},{"taxonomy":"product_tag","embeddable":true,"href":"https:\/\/nordicmart.andreevmaster.com\/sv\/wp-json\/wp\/v2\/product_tag?post=18160"}],"curies":[{"name":"wp","href":"https:\/\/api.w.org\/{rel}","templated":true}]}}