{"id":18157,"date":"2026-02-27T00:38:25","date_gmt":"2026-02-27T00:38:25","guid":{"rendered":"https:\/\/nordicmart.andreevmaster.com\/product\/feandrea-klosstativ-med-liggkorg-70-cm-beige\/"},"modified":"2026-02-27T08:27:16","modified_gmt":"2026-02-27T08:27:16","slug":"feandrea-klosstativ-med-liggkorg-70-cm-beige","status":"publish","type":"product","link":"https:\/\/nordicmart.andreevmaster.com\/sv\/produkt\/feandrea-klosstativ-med-liggkorg-70-cm-beige\/","title":{"rendered":"Feandrea kl\u00f6sstativ med liggkorg 70 cm beige"},"content":{"rendered":"<p>zoomundo Kattkl\u00f6sst\u00e5ng \/ kl\u00f6sst\u00e5ng 120 cm i gr\u00e5tt En kl\u00f6sst\u00e5ng \u00e4r en idealisk lek- och sovplats f\u00f6r katter. Den skyddar dina m\u00f6bler och inredningsf\u00f6rem\u00e5l och ger din katt allt den beh\u00f6ver f\u00f6r ett lyckligt liv i l\u00e4genheten, en egen liten v\u00e4rld. Ge din katt tillr\u00e4ckligt med m\u00f6jligheter att f\u00f6rdriva tiden p\u00e5 ett lekfullt s\u00e4tt. En kl\u00f6sst\u00e5ng \u00e4r oumb\u00e4rlig f\u00f6r den dagliga kl\u00f6sningen. De stora plattformarna maximerar utrymmet f\u00f6r vilda jaktlekar och mysiga stunder. Olika liggytor inbjuder till slummer och dvala, s\u00e4rskilt den \u00f6versta plattformen med mysig kant kommer att bli en popul\u00e4r sovplats f\u00f6r din katt. Den \u00e4r perfekt som tillflyktsort och utsiktspunkt. Tack vare de m\u00e5nga olika och varierande sov- och kl\u00f6sm\u00f6jligheterna \u00e4r v\u00e5rt kl\u00f6sstr\u00e4d ocks\u00e5 idealiskt f\u00f6r hush\u00e5ll med flera katter. Detaljer: Material: sp\u00e5nskiva, kartong, sisal, plysch M\u00e5tt i uppbyggt tillst\u00e5nd: ca 49 x 44 x 120 cm (LxBxH) Ett hus i plysch En stege och tv\u00e5 liggplatser 5 plattformar, en idealisk liggplats f\u00f6r dina sm\u00e5 v\u00e4nner 10 sisalpelare Denna kl\u00f6sst\u00e5ng \u00e4r mer l\u00e4mplig f\u00f6r sm\u00e5 katter. Vi rekommenderar dessutom att kl\u00f6sst\u00e5ngen placeras mot en v\u00e4gg f\u00f6r att \u00f6ka stabiliteten.<\/p>\n","protected":false},"excerpt":{"rendered":"<p>Feandrea kl\u00e4ttertr\u00e4d kl\u00e4ttertr\u00e4d med ligghylla 70 cm PCT82M<\/p>\n","protected":false},"featured_media":45190,"comment_status":"open","ping_status":"closed","template":"","meta":[],"product_brand":[],"product_cat":[33],"product_tag":[],"class_list":{"0":"post-18157","1":"product","2":"type-product","3":"status-publish","4":"has-post-thumbnail","6":"product_cat-okategoriserad","8":"first","9":"instock","10":"shipping-taxable","11":"purchasable","12":"product-type-simple"},"_links":{"self":[{"href":"https:\/\/nordicmart.andreevmaster.com\/sv\/wp-json\/wp\/v2\/product\/18157","targetHints":{"allow":["GET"]}}],"collection":[{"href":"https:\/\/nordicmart.andreevmaster.com\/sv\/wp-json\/wp\/v2\/product"}],"about":[{"href":"https:\/\/nordicmart.andreevmaster.com\/sv\/wp-json\/wp\/v2\/types\/product"}],"replies":[{"embeddable":true,"href":"https:\/\/nordicmart.andreevmaster.com\/sv\/wp-json\/wp\/v2\/comments?post=18157"}],"wp:featuredmedia":[{"embeddable":true,"href":"https:\/\/nordicmart.andreevmaster.com\/sv\/wp-json\/wp\/v2\/media\/45190"}],"wp:attachment":[{"href":"https:\/\/nordicmart.andreevmaster.com\/sv\/wp-json\/wp\/v2\/media?parent=18157"}],"wp:term":[{"taxonomy":"product_brand","embeddable":true,"href":"https:\/\/nordicmart.andreevmaster.com\/sv\/wp-json\/wp\/v2\/product_brand?post=18157"},{"taxonomy":"product_cat","embeddable":true,"href":"https:\/\/nordicmart.andreevmaster.com\/sv\/wp-json\/wp\/v2\/product_cat?post=18157"},{"taxonomy":"product_tag","embeddable":true,"href":"https:\/\/nordicmart.andreevmaster.com\/sv\/wp-json\/wp\/v2\/product_tag?post=18157"}],"curies":[{"name":"wp","href":"https:\/\/api.w.org\/{rel}","templated":true}]}}