{"id":18155,"date":"2026-02-27T00:38:24","date_gmt":"2026-02-27T00:38:24","guid":{"rendered":"https:\/\/nordicmart.andreevmaster.com\/product\/feandrea-klattertrad-1199-cm\/"},"modified":"2026-02-27T08:27:16","modified_gmt":"2026-02-27T08:27:16","slug":"feandrea-klattertrad-1199-cm","status":"publish","type":"product","link":"https:\/\/nordicmart.andreevmaster.com\/sv\/produkt\/feandrea-klattertrad-1199-cm\/","title":{"rendered":"Feandrea kl\u00e4ttertr\u00e4d 119,9 cm"},"content":{"rendered":"<p>I FEANDREAs kreativa verkst\u00e4der hoppar tv\u00e5 s\u00f6ta kattungar runt och granskar alla kl\u00f6sst\u00e4nger personligen och ger sin djuriska feedback. P\u00e5 s\u00e5 s\u00e4tt f\u00e5r FEANDREAs designers f\u00f6rstahandsinformation, eller snarare f\u00f6rstapawinformation, om produkterna uppfyller kraven fr\u00e5n de bortsk\u00e4mda morrh\u00e5riga v\u00e4nnerna. H\u00f6jdpunkterna i detta kl\u00f6sstativ i korthet: &#8211; Rymligt; g\u00f6r upp till 2 katter med en vikt p\u00e5 upp till 7 kg vardera glada &#8211; H\u00f6g stabilitet tack vare f\u00f6rst\u00e4rkt sockel och tippskydd &#8211; 2 bekv\u00e4ma mysgrottor att g\u00f6mma sig i- V\u00e4lstoppad utsiktsplattform med upph\u00f6jda kanter f\u00f6r avkoppling &#8211; Stabil liggkorg f\u00e4st vid tv\u00e5 stammar f\u00f6r en s\u00e4ker tupplur &#8211; Kl\u00e4dsel av slitstarkt, mjukt plysch &#8211; Robusta sisalstammar f\u00f6r att v\u00e4ssa klorna &#8211; 1 p\u00e4lsboll f\u00f6r extra lekgl\u00e4dje Produktdetaljer: &#8211; F\u00e4rg: R\u00f6kgr\u00e5 &#8211; Material: Sp\u00e5nskiva, plysch, sisal &#8211; Storlek: 49 x 45 x 120 cm (L x B x H) &#8211; Vikt: 14,4 kg Leveransomfattning: &#8211; 1 x kl\u00f6sst\u00e5ng &#8211; 1 x tippskydd &#8211; 1 x tillbeh\u00f6rsset &#8211; 1 x bruksanvisning (DE, EN, FR, ES, IT) FEANDREA Anm\u00e4rkningar:- Om din katt tuggar p\u00e5 p\u00e4lsbollen eller gummibandet, ta bort tillbeh\u00f6ret omedelbart och f\u00f6rvara det utom r\u00e4ckh\u00e5ll f\u00f6r ditt husdjur. &#8211; Om mysgrottan \u00e4r skadad, kontakta oss omedelbart s\u00e5 att detta kl\u00f6sst\u00e4llningselement kan bytas ut eller en annan l\u00f6sning kan hittas. Skadade delar kan orsaka skador, s\u00e5 byt ut dem omedelbart.<\/p>\n","protected":false},"excerpt":{"rendered":"<p>Feandrea kl\u00e4ttertr\u00e4d, stabilt kattr\u00e4d, 120 cm, r\u00f6kgr\u00e5 PCT80G<\/p>\n","protected":false},"featured_media":45188,"comment_status":"open","ping_status":"closed","template":"","meta":[],"product_brand":[],"product_cat":[33],"product_tag":[],"class_list":{"0":"post-18155","1":"product","2":"type-product","3":"status-publish","4":"has-post-thumbnail","6":"product_cat-okategoriserad","8":"first","9":"instock","10":"shipping-taxable","11":"purchasable","12":"product-type-simple"},"_links":{"self":[{"href":"https:\/\/nordicmart.andreevmaster.com\/sv\/wp-json\/wp\/v2\/product\/18155","targetHints":{"allow":["GET"]}}],"collection":[{"href":"https:\/\/nordicmart.andreevmaster.com\/sv\/wp-json\/wp\/v2\/product"}],"about":[{"href":"https:\/\/nordicmart.andreevmaster.com\/sv\/wp-json\/wp\/v2\/types\/product"}],"replies":[{"embeddable":true,"href":"https:\/\/nordicmart.andreevmaster.com\/sv\/wp-json\/wp\/v2\/comments?post=18155"}],"wp:featuredmedia":[{"embeddable":true,"href":"https:\/\/nordicmart.andreevmaster.com\/sv\/wp-json\/wp\/v2\/media\/45188"}],"wp:attachment":[{"href":"https:\/\/nordicmart.andreevmaster.com\/sv\/wp-json\/wp\/v2\/media?parent=18155"}],"wp:term":[{"taxonomy":"product_brand","embeddable":true,"href":"https:\/\/nordicmart.andreevmaster.com\/sv\/wp-json\/wp\/v2\/product_brand?post=18155"},{"taxonomy":"product_cat","embeddable":true,"href":"https:\/\/nordicmart.andreevmaster.com\/sv\/wp-json\/wp\/v2\/product_cat?post=18155"},{"taxonomy":"product_tag","embeddable":true,"href":"https:\/\/nordicmart.andreevmaster.com\/sv\/wp-json\/wp\/v2\/product_tag?post=18155"}],"curies":[{"name":"wp","href":"https:\/\/api.w.org\/{rel}","templated":true}]}}