{"id":18152,"date":"2026-02-27T00:38:23","date_gmt":"2026-02-27T00:38:23","guid":{"rendered":"https:\/\/nordicmart.andreevmaster.com\/product\/feandrea-klosstang-fleece-85-cm-ljusgra\/"},"modified":"2026-02-27T08:27:15","modified_gmt":"2026-02-27T08:27:15","slug":"feandrea-klosstang-fleece-85-cm-ljusgra","status":"publish","type":"product","link":"https:\/\/nordicmart.andreevmaster.com\/sv\/produkt\/feandrea-klosstang-fleece-85-cm-ljusgra\/","title":{"rendered":"Feandrea kl\u00f6sst\u00e5ng Fleece 85 cm Ljusgr\u00e5"},"content":{"rendered":"<p>I FEANDREAs kreativa verkst\u00e4der hoppar tv\u00e5 s\u00f6ta kattungar omkring, som personligen granskar alla kl\u00f6sstr\u00e5n och ger sin djuriska feedback. P\u00e5 s\u00e5 s\u00e4tt f\u00e5r FEANDREAs designers f\u00f6rstahandsinformation, eller snarare f\u00f6rstapawinformation, om produkterna uppfyller kraven fr\u00e5n de bortsk\u00e4mda morrh\u00e5riga v\u00e4nnerna. En kl\u00f6sst\u00e5ng med m\u00e5nga f\u00f6rdelar Kattornas test har godk\u00e4nt den kattkl\u00f6sst\u00e5ng som visas ovan. De gillade framf\u00f6r allt den fluffiga utsiktsplattformen och de tv\u00e5 mysiga krypin. Men \u00e4ven stammarna, som \u00e4r helt kl\u00e4dda med sisal, var mycket popul\u00e4ra. De unga katterna gillade ocks\u00e5 att kl\u00f6sstammen \u00e4r n\u00e4stan lika h\u00f6g som f\u00f6nsterbr\u00e4dan. P\u00e5 s\u00e5 s\u00e4tt kunde de utan problem titta ut genom f\u00f6nstret. Designen med tv\u00e5 hj\u00e4lpsteg \u00e4r ocks\u00e5 perfekt f\u00f6r \u00e4ldre katter. Kl\u00f6sstammens fleece\u00f6verdrag fick ocks\u00e5 stor uppskattning av djuren. De tv\u00e5 testarna kunde mysa sig mot det och k\u00e4nde sig som om de fick massage. Testa vilken del av v\u00e5rt kl\u00f6sstr\u00e4d din katt gillar b\u00e4st och dela testresultatet med andra djurv\u00e4nner i kommentarerna. Produktdetaljer:- F\u00e4rg: Ljusgr\u00e5, vit &#8211; Material: Fleece, sisal, h\u00e5rd kartong, CARB-certifierad sp\u00e5nskiva &#8211; Storlek: 50 x 50 x 90 cm (L x B x H) &#8211; Vikt: 11,7 kg Leveransomfattning: &#8211; 1 x kl\u00f6sst\u00e5ng &#8211; 1 x bruksanvisning (DE, EN, ES, FR, IT)<\/p>\n","protected":false},"excerpt":{"rendered":"<p>Feandrea kl\u00f6sst\u00e5ng 85 cm, medelstor kl\u00f6sst\u00e5ng f\u00f6r katter med vadderad liggyta och 2 mysgrottor, kattkl\u00f6sst\u00e5ng av fleece, sisalstammar, f\u00f6r unga och \u00e4ldre katter, stabil, ljusgr\u00e5 PCT69W<\/p>\n","protected":false},"featured_media":45186,"comment_status":"open","ping_status":"closed","template":"","meta":[],"product_brand":[],"product_cat":[33],"product_tag":[],"class_list":{"0":"post-18152","1":"product","2":"type-product","3":"status-publish","4":"has-post-thumbnail","6":"product_cat-okategoriserad","8":"first","9":"instock","10":"shipping-taxable","11":"purchasable","12":"product-type-simple"},"_links":{"self":[{"href":"https:\/\/nordicmart.andreevmaster.com\/sv\/wp-json\/wp\/v2\/product\/18152","targetHints":{"allow":["GET"]}}],"collection":[{"href":"https:\/\/nordicmart.andreevmaster.com\/sv\/wp-json\/wp\/v2\/product"}],"about":[{"href":"https:\/\/nordicmart.andreevmaster.com\/sv\/wp-json\/wp\/v2\/types\/product"}],"replies":[{"embeddable":true,"href":"https:\/\/nordicmart.andreevmaster.com\/sv\/wp-json\/wp\/v2\/comments?post=18152"}],"wp:featuredmedia":[{"embeddable":true,"href":"https:\/\/nordicmart.andreevmaster.com\/sv\/wp-json\/wp\/v2\/media\/45186"}],"wp:attachment":[{"href":"https:\/\/nordicmart.andreevmaster.com\/sv\/wp-json\/wp\/v2\/media?parent=18152"}],"wp:term":[{"taxonomy":"product_brand","embeddable":true,"href":"https:\/\/nordicmart.andreevmaster.com\/sv\/wp-json\/wp\/v2\/product_brand?post=18152"},{"taxonomy":"product_cat","embeddable":true,"href":"https:\/\/nordicmart.andreevmaster.com\/sv\/wp-json\/wp\/v2\/product_cat?post=18152"},{"taxonomy":"product_tag","embeddable":true,"href":"https:\/\/nordicmart.andreevmaster.com\/sv\/wp-json\/wp\/v2\/product_tag?post=18152"}],"curies":[{"name":"wp","href":"https:\/\/api.w.org\/{rel}","templated":true}]}}