{"id":18151,"date":"2026-02-27T00:38:23","date_gmt":"2026-02-27T00:38:23","guid":{"rendered":"https:\/\/nordicmart.andreevmaster.com\/product\/feandrea-klattertrad-konstlinne-136-cm-ljusgra\/"},"modified":"2026-02-27T08:27:15","modified_gmt":"2026-02-27T08:27:15","slug":"feandrea-klattertrad-konstlinne-136-cm-ljusgra","status":"publish","type":"product","link":"https:\/\/nordicmart.andreevmaster.com\/sv\/produkt\/feandrea-klattertrad-konstlinne-136-cm-ljusgra\/","title":{"rendered":"Feandrea kl\u00e4ttertr\u00e4d konstlinne 136 cm ljusgr\u00e5"},"content":{"rendered":"<p>FEANDREA kl\u00e4ttertr\u00e4d har alla egenskaper du beh\u00f6ver f\u00f6r att dina katter ska trivas. AVKOPPLING \u2013 Den lyxiga liggytan med vadderad kant erbjuder en f\u00f6rstklassig loungek\u00e4nsla. KL\u00d6SSA \u2013 Tjocka stammar som \u00e4r lindade med naturlig sisalrep hj\u00e4lper dina katter att str\u00e4cka p\u00e5 musklerna och slipa klorna.TAGE EN TUPLUR \u2013 Tack vare den mysiga grottan har dina katter \u00e4ntligen sin egen s\u00e4ng och kan ta en l\u00e5ng tupplur i timmar. Oavsett om du har kattungar, stora katter eller gamla katter \u2013 detta kl\u00e4ttertr\u00e4d \u00e4r ett underbart hem f\u00f6r dina p\u00e4lsklingar. Produktdetaljer: F\u00e4rg: ljusgr\u00e5 Material: sp\u00e5nskiva, imiterat linne, sisalrep Produktstorlek: 54 x 44 x 136 cm (B x D x H) Vikt: 12,9 kg L\u00e4mplig f\u00f6r 2 katter, vardera \u2264 7 kg Leveransomfattning: 1 x kl\u00f6sst\u00e5ng 1 x bruksanvisning (DE, EN, FR, ES, IT) FEANDREA Anm\u00e4rkningar: Om din katt b\u00f6rjar \u00e4ta eller tugga p\u00e5 p\u00e4lsbollarna eller gummibandet, ta bort leksaken och f\u00f6rvara den utom r\u00e4ckh\u00e5ll f\u00f6r din katt. St\u00e4ll kl\u00f6sstammen p\u00e5 en v\u00e4l ventilerad plats efter uppackningen f\u00f6r att ta bort eventuella lukter och l\u00e5ta den luftas. Kontrollera regelbundet att skruvarna sitter ordentligt f\u00f6r att garantera s\u00e4ker anv\u00e4ndning. St\u00e4ll kl\u00f6sstammen p\u00e5 ett plant underlag lutad mot v\u00e4ggen.  <\/p>\n","protected":false},"excerpt":{"rendered":"<p>Feandrea kl\u00e4ttertr\u00e4d i flera v\u00e5ningar med sisal\u00f6verdragna stammar, kattkl\u00e4ttertr\u00e4d med vadderat lekhus och \u00f6vre liggplats, kattm\u00f6bler, yta i imiterat linne, ljusgr\u00e5 PCT64W<\/p>\n","protected":false},"featured_media":45185,"comment_status":"open","ping_status":"closed","template":"","meta":[],"product_brand":[],"product_cat":[33],"product_tag":[],"class_list":{"0":"post-18151","1":"product","2":"type-product","3":"status-publish","4":"has-post-thumbnail","6":"product_cat-okategoriserad","8":"first","9":"instock","10":"shipping-taxable","11":"purchasable","12":"product-type-simple"},"_links":{"self":[{"href":"https:\/\/nordicmart.andreevmaster.com\/sv\/wp-json\/wp\/v2\/product\/18151","targetHints":{"allow":["GET"]}}],"collection":[{"href":"https:\/\/nordicmart.andreevmaster.com\/sv\/wp-json\/wp\/v2\/product"}],"about":[{"href":"https:\/\/nordicmart.andreevmaster.com\/sv\/wp-json\/wp\/v2\/types\/product"}],"replies":[{"embeddable":true,"href":"https:\/\/nordicmart.andreevmaster.com\/sv\/wp-json\/wp\/v2\/comments?post=18151"}],"wp:featuredmedia":[{"embeddable":true,"href":"https:\/\/nordicmart.andreevmaster.com\/sv\/wp-json\/wp\/v2\/media\/45185"}],"wp:attachment":[{"href":"https:\/\/nordicmart.andreevmaster.com\/sv\/wp-json\/wp\/v2\/media?parent=18151"}],"wp:term":[{"taxonomy":"product_brand","embeddable":true,"href":"https:\/\/nordicmart.andreevmaster.com\/sv\/wp-json\/wp\/v2\/product_brand?post=18151"},{"taxonomy":"product_cat","embeddable":true,"href":"https:\/\/nordicmart.andreevmaster.com\/sv\/wp-json\/wp\/v2\/product_cat?post=18151"},{"taxonomy":"product_tag","embeddable":true,"href":"https:\/\/nordicmart.andreevmaster.com\/sv\/wp-json\/wp\/v2\/product_tag?post=18151"}],"curies":[{"name":"wp","href":"https:\/\/api.w.org\/{rel}","templated":true}]}}