{"id":18150,"date":"2026-02-27T00:38:23","date_gmt":"2026-02-27T00:38:23","guid":{"rendered":"https:\/\/nordicmart.andreevmaster.com\/product\/feandrea-stabil-klosstang-med-hangmatta-och-trappa\/"},"modified":"2026-02-27T08:27:14","modified_gmt":"2026-02-27T08:27:14","slug":"feandrea-stabil-klosstang-med-hangmatta-och-trappa","status":"publish","type":"product","link":"https:\/\/nordicmart.andreevmaster.com\/sv\/produkt\/feandrea-stabil-klosstang-med-hangmatta-och-trappa\/","title":{"rendered":"Feandrea Stabil kl\u00f6sst\u00e5ng med h\u00e4ngmatta och trappa"},"content":{"rendered":"<p>Det \u00e4r en kl\u00f6sst\u00e5ngskombination i trendigt design. Den stora bottenplattan och de f\u00f6rtjockade pelarna g\u00f6r den till en robust och stabil konstruktion. St\u00e5ngen \u00e4r ocks\u00e5 idealisk f\u00f6r flera katter. Den erbjuder gott om plats att g\u00f6mma sig, sova eller leka p\u00e5. Grottan, utsiktsplattformarna och stegen inbjuder till lek och observation. Katterna slipar klorna p\u00e5 sisalrep som \u00e4r lindat runt stammarna och stegen.  Tack vare den s\u00e4rskilt robusta konstruktionen kommer denna kombination att ge dig och din katt gl\u00e4dje under l\u00e5ng tid. Anm\u00e4rkning: &#8211; Det kan h\u00e4nda att produkten luktar &#8221;nytt&#8221; n\u00e4r du packar upp den. Men denna lukt f\u00f6rsvinner inom en vecka om du placerar den monterade kl\u00f6sstammen i ett ventilerat rum. &#8211; F\u00f6r att ta bort lukter som fastnat, v\u00e4nligen lufta den monterade kl\u00f6sstammen i n\u00e5gra dagar. &#8211; Det rekommenderas att kl\u00f6sstammen lutas mot en v\u00e4gg eller placeras i ett h\u00f6rn f\u00f6r att undvika instabilitet och vinglighet n\u00e4r tunga katter kl\u00e4ttrar i den. &#8211; Dra \u00e5t skruvarna p\u00e5 alla delar igen 2-3 dagar efter monteringen. Kontrollera skruvarnas \u00e5tdragning minst en g\u00e5ng i m\u00e5naden vid anv\u00e4ndning. &#8211; Belastningskapacitet: 3-4 katter (varje katt: 7 kg) Produktdetaljer:- Total h\u00f6jd: ca 140 cm &#8211; Bottenplatta: ca 75 x 40 cm &#8211; M\u00e5tt: ca 75 x 140 x 70 cm &#8211; Grotta: \u00d8 ca 19; h\u00f6jd 25 cm &#8211; Kratst\u00e5ng: \u00d8 ca 16; h\u00f6jd 25 cm &#8211; \u00d8 p\u00e5 pelarna: ca 8,6 cm &#8211; Material: sp\u00e5nskiva + plysch (polyester) + sisal &#8211; Vikt: 16 kg Leveransomfattning: &#8211; 1 x kattkl\u00e4ttertr\u00e4d &#8211; 1 x verktyg &#8211; 1 x bruksanvisning (DE, EN, FR, IT, ES)<\/p>\n","protected":false},"excerpt":{"rendered":"<p>Feandrea Stabil kl\u00f6sst\u00e5ng med h\u00e4ngmatta och trappa, h\u00f6jd 140 cm, f\u00f6rtjockade sisalstammar upp till \u00d8 8,6 cm PCT63G<\/p>\n","protected":false},"featured_media":45184,"comment_status":"open","ping_status":"closed","template":"","meta":[],"product_brand":[],"product_cat":[33],"product_tag":[],"class_list":{"0":"post-18150","1":"product","2":"type-product","3":"status-publish","4":"has-post-thumbnail","6":"product_cat-okategoriserad","8":"first","9":"instock","10":"shipping-taxable","11":"purchasable","12":"product-type-simple"},"_links":{"self":[{"href":"https:\/\/nordicmart.andreevmaster.com\/sv\/wp-json\/wp\/v2\/product\/18150","targetHints":{"allow":["GET"]}}],"collection":[{"href":"https:\/\/nordicmart.andreevmaster.com\/sv\/wp-json\/wp\/v2\/product"}],"about":[{"href":"https:\/\/nordicmart.andreevmaster.com\/sv\/wp-json\/wp\/v2\/types\/product"}],"replies":[{"embeddable":true,"href":"https:\/\/nordicmart.andreevmaster.com\/sv\/wp-json\/wp\/v2\/comments?post=18150"}],"wp:featuredmedia":[{"embeddable":true,"href":"https:\/\/nordicmart.andreevmaster.com\/sv\/wp-json\/wp\/v2\/media\/45184"}],"wp:attachment":[{"href":"https:\/\/nordicmart.andreevmaster.com\/sv\/wp-json\/wp\/v2\/media?parent=18150"}],"wp:term":[{"taxonomy":"product_brand","embeddable":true,"href":"https:\/\/nordicmart.andreevmaster.com\/sv\/wp-json\/wp\/v2\/product_brand?post=18150"},{"taxonomy":"product_cat","embeddable":true,"href":"https:\/\/nordicmart.andreevmaster.com\/sv\/wp-json\/wp\/v2\/product_cat?post=18150"},{"taxonomy":"product_tag","embeddable":true,"href":"https:\/\/nordicmart.andreevmaster.com\/sv\/wp-json\/wp\/v2\/product_tag?post=18150"}],"curies":[{"name":"wp","href":"https:\/\/api.w.org\/{rel}","templated":true}]}}