{"id":18149,"date":"2026-02-27T00:38:22","date_gmt":"2026-02-27T00:38:22","guid":{"rendered":"https:\/\/nordicmart.andreevmaster.com\/product\/feandrea-klosstang-med-2-grottor-84-cm-ljusgra\/"},"modified":"2026-02-27T08:27:14","modified_gmt":"2026-02-27T08:27:14","slug":"feandrea-klosstang-med-2-grottor-84-cm-ljusgra","status":"publish","type":"product","link":"https:\/\/nordicmart.andreevmaster.com\/sv\/produkt\/feandrea-klosstang-med-2-grottor-84-cm-ljusgra\/","title":{"rendered":"Feandrea kl\u00f6sst\u00e5ng med 2 grottor 84 cm ljusgr\u00e5"},"content":{"rendered":"<p>Produktdetaljer: &#8211; F\u00e4rg: Ljusgr\u00e5 &#8211; Material: CARB-certifierad sp\u00e5nskiva, plysch, sisal &#8211; Produktm\u00e5tt: 60 x 40 x 84 cm (B x D x H) &#8211; Vikt: 10,9 kg Leveransomfattning: &#8211; 1 x kl\u00f6sst\u00e5ng &#8211; 1 x bruksanvisning (DE, EN, FR, ES, IT) FEANDREA Anvisningar:- Placera kl\u00f6sstammen p\u00e5 en plan yta i ett h\u00f6rn av rummet. &#8211; Placera inte produkten i en fuktig milj\u00f6. &#8211; Barn f\u00e5r inte kl\u00e4ttra p\u00e5 kl\u00f6sstammen eller leka med den. &#8211; Vi rekommenderar att du f\u00e4ster tornet i v\u00e4ggen med de medf\u00f6ljande tippskydden.<\/p>\n","protected":false},"excerpt":{"rendered":"<p>Feandrea kl\u00e4ttertr\u00e4d, kattkl\u00e4ttertr\u00e4d med stor plattform och 2 plyschgrottor, lekstuga, kl\u00e4ttertr\u00e4d f\u00f6r katter, ljusgr\u00e5 PCT61W<\/p>\n","protected":false},"featured_media":45183,"comment_status":"open","ping_status":"closed","template":"","meta":[],"product_brand":[],"product_cat":[33],"product_tag":[],"class_list":{"0":"post-18149","1":"product","2":"type-product","3":"status-publish","4":"has-post-thumbnail","6":"product_cat-okategoriserad","8":"first","9":"instock","10":"shipping-taxable","11":"purchasable","12":"product-type-simple"},"_links":{"self":[{"href":"https:\/\/nordicmart.andreevmaster.com\/sv\/wp-json\/wp\/v2\/product\/18149","targetHints":{"allow":["GET"]}}],"collection":[{"href":"https:\/\/nordicmart.andreevmaster.com\/sv\/wp-json\/wp\/v2\/product"}],"about":[{"href":"https:\/\/nordicmart.andreevmaster.com\/sv\/wp-json\/wp\/v2\/types\/product"}],"replies":[{"embeddable":true,"href":"https:\/\/nordicmart.andreevmaster.com\/sv\/wp-json\/wp\/v2\/comments?post=18149"}],"wp:featuredmedia":[{"embeddable":true,"href":"https:\/\/nordicmart.andreevmaster.com\/sv\/wp-json\/wp\/v2\/media\/45183"}],"wp:attachment":[{"href":"https:\/\/nordicmart.andreevmaster.com\/sv\/wp-json\/wp\/v2\/media?parent=18149"}],"wp:term":[{"taxonomy":"product_brand","embeddable":true,"href":"https:\/\/nordicmart.andreevmaster.com\/sv\/wp-json\/wp\/v2\/product_brand?post=18149"},{"taxonomy":"product_cat","embeddable":true,"href":"https:\/\/nordicmart.andreevmaster.com\/sv\/wp-json\/wp\/v2\/product_cat?post=18149"},{"taxonomy":"product_tag","embeddable":true,"href":"https:\/\/nordicmart.andreevmaster.com\/sv\/wp-json\/wp\/v2\/product_tag?post=18149"}],"curies":[{"name":"wp","href":"https:\/\/api.w.org\/{rel}","templated":true}]}}