{"id":18147,"date":"2026-02-27T00:38:22","date_gmt":"2026-02-27T00:38:22","guid":{"rendered":"https:\/\/nordicmart.andreevmaster.com\/product\/feandrea-klattertrad-med-lekstuga\/"},"modified":"2026-02-27T08:27:14","modified_gmt":"2026-02-27T08:27:14","slug":"feandrea-klattertrad-med-lekstuga","status":"publish","type":"product","link":"https:\/\/nordicmart.andreevmaster.com\/sv\/produkt\/feandrea-klattertrad-med-lekstuga\/","title":{"rendered":"Feandrea kl\u00e4ttertr\u00e4d med lekstuga"},"content":{"rendered":"<p>FEANDREA kattr\u00e4d har alla egenskaper du beh\u00f6ver f\u00f6r att dina katter ska trivas. AVKOPPLING \u2013 F\u00f6rstorad \u00f6vre yta med upph\u00f6jd kant ger en lyxig loungek\u00e4nsla.KL\u00d6VA \u2013 Starka stolpar t\u00e4ckta med naturliga sisalrep g\u00f6r det m\u00f6jligt f\u00f6r katter att kl\u00f6va och str\u00e4cka p\u00e5 sig. SOVA \u2013 Tack vare de tv\u00e5 grottorna kan dina katter \u00e4ntligen ha sin egen s\u00e4ng och bete sig lugnt. F\u00f6rutom all den roliga leken garanteras ocks\u00e5 dina husdjurs s\u00e4kerhet. Golvet \u00e4r f\u00f6rst\u00e4rkt med lister f\u00f6r att garantera stabilitet. Anti-tippningsbeslag ing\u00e5r ocks\u00e5, s\u00e5 att du kan f\u00e4sta kl\u00f6sst\u00e4llningen p\u00e5 v\u00e4ggen. Oavsett om du har kattungar, stora katter eller \u00e4ldre katter \u00e4r denna kattkl\u00f6sst\u00e4llning ett underbart hem f\u00f6r dina p\u00e4lsklingar. Produktdetaljer: &#8211; F\u00e4rg: R\u00f6kgr\u00e5 &#8211; Material: CARB-certifierad sp\u00e5nskiva, plysch, sisal &#8211; Produktm\u00e5tt: 60 x 40 x 84 cm (B x D x H) &#8211; Vikt: 10,9 kg Leveransomfattning: &#8211; 1 x kl\u00f6sst\u00e5ng &#8211; 1 x bruksanvisning (DE, EN, FR, ES, IT) FEANDREA Anvisningar:- Placera kl\u00f6sstammen p\u00e5 en plan yta i ett h\u00f6rn av rummet. &#8211; Undvik fuktiga milj\u00f6er. &#8211; Barn f\u00e5r inte kl\u00e4ttra p\u00e5 kl\u00f6sstammen eller leka med den. &#8211; Vi rekommenderar att du f\u00e4ster tornet i v\u00e4ggen med de medf\u00f6ljande tippskydden.<\/p>\n","protected":false},"excerpt":{"rendered":"<p>Feandrea kl\u00e4ttertr\u00e4d, kattkl\u00e4ttertr\u00e4d med stor plattform och 2 plyschgrottor, lekstuga, kl\u00e4ttertr\u00e4d f\u00f6r katter, ljusgr\u00e5 PCT61W<\/p>\n","protected":false},"featured_media":0,"comment_status":"open","ping_status":"closed","template":"","meta":[],"product_brand":[],"product_cat":[33],"product_tag":[],"class_list":{"0":"post-18147","1":"product","2":"type-product","3":"status-publish","5":"product_cat-okategoriserad","7":"first","8":"instock","9":"shipping-taxable","10":"purchasable","11":"product-type-simple"},"_links":{"self":[{"href":"https:\/\/nordicmart.andreevmaster.com\/sv\/wp-json\/wp\/v2\/product\/18147","targetHints":{"allow":["GET"]}}],"collection":[{"href":"https:\/\/nordicmart.andreevmaster.com\/sv\/wp-json\/wp\/v2\/product"}],"about":[{"href":"https:\/\/nordicmart.andreevmaster.com\/sv\/wp-json\/wp\/v2\/types\/product"}],"replies":[{"embeddable":true,"href":"https:\/\/nordicmart.andreevmaster.com\/sv\/wp-json\/wp\/v2\/comments?post=18147"}],"wp:attachment":[{"href":"https:\/\/nordicmart.andreevmaster.com\/sv\/wp-json\/wp\/v2\/media?parent=18147"}],"wp:term":[{"taxonomy":"product_brand","embeddable":true,"href":"https:\/\/nordicmart.andreevmaster.com\/sv\/wp-json\/wp\/v2\/product_brand?post=18147"},{"taxonomy":"product_cat","embeddable":true,"href":"https:\/\/nordicmart.andreevmaster.com\/sv\/wp-json\/wp\/v2\/product_cat?post=18147"},{"taxonomy":"product_tag","embeddable":true,"href":"https:\/\/nordicmart.andreevmaster.com\/sv\/wp-json\/wp\/v2\/product_tag?post=18147"}],"curies":[{"name":"wp","href":"https:\/\/api.w.org\/{rel}","templated":true}]}}