{"id":18138,"date":"2026-02-27T00:38:18","date_gmt":"2026-02-27T00:38:18","guid":{"rendered":"https:\/\/nordicmart.andreevmaster.com\/product\/feandrea-67-cm-klattertrad-litet-rokgratt\/"},"modified":"2026-02-27T08:27:11","modified_gmt":"2026-02-27T08:27:11","slug":"feandrea-67-cm-klattertrad-litet-rokgratt","status":"publish","type":"product","link":"https:\/\/nordicmart.andreevmaster.com\/sv\/produkt\/feandrea-67-cm-klattertrad-litet-rokgratt\/","title":{"rendered":"Feandrea 67 cm kl\u00e4ttertr\u00e4d, litet, r\u00f6kgr\u00e5tt"},"content":{"rendered":"<p>Feandrea kl\u00e4ttertr\u00e4d, litet, 67 cm Kattkl\u00e4ttertr\u00e4d, kattkoja f\u00f6r kattungar upp till 3 kg, stor plattform, sisalstammar, r\u00f6kgr\u00e5 PCT611G01<br \/>\nF\u00e4rg: R\u00f6kgr\u00e5<br \/>\nMaterial: sp\u00e5nskiva, plysch, sisal<br \/>\nStorlek: 40 x 30 x 67 cm (L x B x H)<br \/>\nVikt: 6 kg<\/p>\n","protected":false},"excerpt":{"rendered":"<p>Feandrea kl\u00e4ttertr\u00e4d, litet, 67 cm Kattkl\u00e4ttertr\u00e4d, kattkoja f\u00f6r kattungar upp till 3 kg, stor plattform, sisalstammar, r\u00f6kgr\u00e5 PCT611G01<\/p>\n","protected":false},"featured_media":0,"comment_status":"open","ping_status":"closed","template":"","meta":[],"product_brand":[],"product_cat":[33],"product_tag":[],"class_list":{"0":"post-18138","1":"product","2":"type-product","3":"status-publish","5":"product_cat-okategoriserad","7":"first","8":"instock","9":"shipping-taxable","10":"purchasable","11":"product-type-simple"},"_links":{"self":[{"href":"https:\/\/nordicmart.andreevmaster.com\/sv\/wp-json\/wp\/v2\/product\/18138","targetHints":{"allow":["GET"]}}],"collection":[{"href":"https:\/\/nordicmart.andreevmaster.com\/sv\/wp-json\/wp\/v2\/product"}],"about":[{"href":"https:\/\/nordicmart.andreevmaster.com\/sv\/wp-json\/wp\/v2\/types\/product"}],"replies":[{"embeddable":true,"href":"https:\/\/nordicmart.andreevmaster.com\/sv\/wp-json\/wp\/v2\/comments?post=18138"}],"wp:attachment":[{"href":"https:\/\/nordicmart.andreevmaster.com\/sv\/wp-json\/wp\/v2\/media?parent=18138"}],"wp:term":[{"taxonomy":"product_brand","embeddable":true,"href":"https:\/\/nordicmart.andreevmaster.com\/sv\/wp-json\/wp\/v2\/product_brand?post=18138"},{"taxonomy":"product_cat","embeddable":true,"href":"https:\/\/nordicmart.andreevmaster.com\/sv\/wp-json\/wp\/v2\/product_cat?post=18138"},{"taxonomy":"product_tag","embeddable":true,"href":"https:\/\/nordicmart.andreevmaster.com\/sv\/wp-json\/wp\/v2\/product_tag?post=18138"}],"curies":[{"name":"wp","href":"https:\/\/api.w.org\/{rel}","templated":true}]}}