{"id":18137,"date":"2026-02-27T00:38:18","date_gmt":"2026-02-27T00:38:18","guid":{"rendered":"https:\/\/nordicmart.andreevmaster.com\/product\/feandrea-klosstang-med-hog-torn-138-cm-gra\/"},"modified":"2026-02-27T08:27:11","modified_gmt":"2026-02-27T08:27:11","slug":"feandrea-klosstang-med-hog-torn-138-cm-gra","status":"publish","type":"product","link":"https:\/\/nordicmart.andreevmaster.com\/sv\/produkt\/feandrea-klosstang-med-hog-torn-138-cm-gra\/","title":{"rendered":"Feandrea kl\u00f6sst\u00e5ng med h\u00f6g torn 138 cm Gr\u00e5"},"content":{"rendered":"<p>Medelstor kl\u00f6sst\u00e5ng f\u00f6r lek och vila Den perfekta kl\u00f6sst\u00e5ngen f\u00f6r katter som gillar att leka och vila i en mysig s\u00e4ng. Plushkl\u00e4dda liggytor ger en bekv\u00e4m yta att ligga p\u00e5, som ocks\u00e5 \u00e4r utformad f\u00f6r lek. Multifunktionellt kl\u00f6sstr\u00e4d Med m\u00e5nga kl\u00f6sm\u00f6jligheter p\u00e5 varje stolpe och bottenplatta, en grotta, en h\u00e4ngande sk\u00e5l och liggytor finns det m\u00e5nga m\u00f6jligheter f\u00f6r din katt att njuta av kl\u00f6sstr\u00e4det till fullo. Dessutom finns ett klassiskt fiskespel som \u00e4r fastmonterat s\u00e5 att din katt kan leva ut sin lekfullhet. Med den medf\u00f6ljande monteringsanvisningen kan du snabbt och s\u00e4kert montera kattr\u00e4det. Produktdetaljer: F\u00e4rg: Ljusgr\u00e5 Material: Sp\u00e5nskiva, plysch, sisal, stolpar av f\u00f6rst\u00e4rkt kartong Storlek: 55 x 40 x 138 cm (L x B x H) Vikt: 13,5 kg Leveransomfattning: 1 x kattkl\u00e4ttertr\u00e4d 1 x instruktioner (DE, EN, FR, IT, ES) SONGMICS Anm\u00e4rkningar: St\u00e4ll kl\u00e4ttertr\u00e4det p\u00e5 en plan yta mot v\u00e4ggen. Undvik fukt i n\u00e4rheten av kl\u00e4ttertr\u00e4det. H\u00e5ll barn borta fr\u00e5n kattkl\u00e4ttertr\u00e4det.Som ett led i optimeringen av v\u00e5rt varum\u00e4rke har vi ersatt gamla f\u00f6rpackningar med nya. Dessa v\u00e4ljs slumpm\u00e4ssigt f\u00f6r leverans av respektive produkt, s\u00e5 det kan h\u00e4nda att du f\u00e5r en f\u00f6r\u00e5ldrad f\u00f6rpackningsversion. Produkten i sig \u00e4r dock naturligtvis den senaste versionen. Genom att st\u00e4ndigt vidareutveckla v\u00e5rt varum\u00e4rke vill vi kontinuerligt f\u00f6rb\u00e4ttra din shoppingupplevelse.<\/p>\n","protected":false},"excerpt":{"rendered":"<p>Feandrea kattkl\u00e4ttertr\u00e4d med kl\u00f6sbr\u00e4da, kl\u00e4ttertr\u00e4d f\u00f6r katter, 138 cm h\u00f6gt, med grotta och liggytor, i ljusgr\u00e5tt PCT60W<\/p>\n","protected":false},"featured_media":45176,"comment_status":"open","ping_status":"closed","template":"","meta":[],"product_brand":[],"product_cat":[33],"product_tag":[],"class_list":{"0":"post-18137","1":"product","2":"type-product","3":"status-publish","4":"has-post-thumbnail","6":"product_cat-okategoriserad","8":"first","9":"instock","10":"shipping-taxable","11":"purchasable","12":"product-type-simple"},"_links":{"self":[{"href":"https:\/\/nordicmart.andreevmaster.com\/sv\/wp-json\/wp\/v2\/product\/18137","targetHints":{"allow":["GET"]}}],"collection":[{"href":"https:\/\/nordicmart.andreevmaster.com\/sv\/wp-json\/wp\/v2\/product"}],"about":[{"href":"https:\/\/nordicmart.andreevmaster.com\/sv\/wp-json\/wp\/v2\/types\/product"}],"replies":[{"embeddable":true,"href":"https:\/\/nordicmart.andreevmaster.com\/sv\/wp-json\/wp\/v2\/comments?post=18137"}],"wp:featuredmedia":[{"embeddable":true,"href":"https:\/\/nordicmart.andreevmaster.com\/sv\/wp-json\/wp\/v2\/media\/45176"}],"wp:attachment":[{"href":"https:\/\/nordicmart.andreevmaster.com\/sv\/wp-json\/wp\/v2\/media?parent=18137"}],"wp:term":[{"taxonomy":"product_brand","embeddable":true,"href":"https:\/\/nordicmart.andreevmaster.com\/sv\/wp-json\/wp\/v2\/product_brand?post=18137"},{"taxonomy":"product_cat","embeddable":true,"href":"https:\/\/nordicmart.andreevmaster.com\/sv\/wp-json\/wp\/v2\/product_cat?post=18137"},{"taxonomy":"product_tag","embeddable":true,"href":"https:\/\/nordicmart.andreevmaster.com\/sv\/wp-json\/wp\/v2\/product_tag?post=18137"}],"curies":[{"name":"wp","href":"https:\/\/api.w.org\/{rel}","templated":true}]}}