{"id":18135,"date":"2026-02-27T00:38:18","date_gmt":"2026-02-27T00:38:18","guid":{"rendered":"https:\/\/nordicmart.andreevmaster.com\/product\/feandrea-liten-klosstang\/"},"modified":"2026-02-27T08:27:11","modified_gmt":"2026-02-27T08:27:11","slug":"feandrea-liten-klosstang","status":"publish","type":"product","link":"https:\/\/nordicmart.andreevmaster.com\/sv\/produkt\/feandrea-liten-klosstang\/","title":{"rendered":"Feandrea Liten kl\u00f6sst\u00e5ng"},"content":{"rendered":"<p>I FEANDREAs kreativa verkst\u00e4der hoppar tv\u00e5 s\u00f6ta kattungar runt och granskar alla kl\u00f6sstr\u00e5n personligen och ger sin djuriska feedback. P\u00e5 s\u00e5 s\u00e4tt f\u00e5r FEANDREAs designers f\u00f6rstahandsinformation, eller snarare f\u00f6rstapawinformation, om produkterna uppfyller kraven fr\u00e5n de bortsk\u00e4mda morrh\u00e5riga v\u00e4nnerna. \u00d6versikt \u00f6ver kl\u00f6sstammens h\u00f6jdpunkter: &#8211; Platsbesparande; s\u00e4rskilt l\u00e4mplig f\u00f6r sm\u00e5 l\u00e4genheter &#8211; Trappformade kl\u00e4tterelement; idealisk f\u00f6r sm\u00e5 katter &#8211; V\u00e4lstoppad utsiktsplattform &#8211; Mysig kramgrotta &#8211; Stabil liggplats &#8211; Kl\u00e4dd med slitstark plysch Produktdetaljer: &#8211; F\u00e4rg: r\u00f6kgr\u00e5 &#8211; Material: sp\u00e5nskiva, plysch, sisal &#8211; Storlek: 48 x 32 x 68 cm (L x B x H) &#8211; Vikt: 5,9 kg Leveransomfattning: &#8211; 1 x kl\u00f6sst\u00e5ng &#8211; 1 x bruksanvisning (DE, EN, FR, ES, IT) FEANDREA Anm\u00e4rkningar:- Om din katt har repat i krypplatsen, kontakta omedelbart v\u00e5r kundtj\u00e4nst f\u00f6r att f\u00e5 en ers\u00e4ttning eller hitta en annan l\u00f6sning, s\u00e5 att skador p\u00e5 grund av skadade delar kan undvikas.<\/p>\n","protected":false},"excerpt":{"rendered":"<p>Feandrea kl\u00e4ttertr\u00e4d, litet kattr\u00e4d, flera niv\u00e5er, 68 cm, ljusgr\u00e5 PCT59W<\/p>\n","protected":false},"featured_media":45174,"comment_status":"open","ping_status":"closed","template":"","meta":[],"product_brand":[],"product_cat":[33],"product_tag":[],"class_list":{"0":"post-18135","1":"product","2":"type-product","3":"status-publish","4":"has-post-thumbnail","6":"product_cat-okategoriserad","8":"first","9":"instock","10":"shipping-taxable","11":"purchasable","12":"product-type-simple"},"_links":{"self":[{"href":"https:\/\/nordicmart.andreevmaster.com\/sv\/wp-json\/wp\/v2\/product\/18135","targetHints":{"allow":["GET"]}}],"collection":[{"href":"https:\/\/nordicmart.andreevmaster.com\/sv\/wp-json\/wp\/v2\/product"}],"about":[{"href":"https:\/\/nordicmart.andreevmaster.com\/sv\/wp-json\/wp\/v2\/types\/product"}],"replies":[{"embeddable":true,"href":"https:\/\/nordicmart.andreevmaster.com\/sv\/wp-json\/wp\/v2\/comments?post=18135"}],"wp:featuredmedia":[{"embeddable":true,"href":"https:\/\/nordicmart.andreevmaster.com\/sv\/wp-json\/wp\/v2\/media\/45174"}],"wp:attachment":[{"href":"https:\/\/nordicmart.andreevmaster.com\/sv\/wp-json\/wp\/v2\/media?parent=18135"}],"wp:term":[{"taxonomy":"product_brand","embeddable":true,"href":"https:\/\/nordicmart.andreevmaster.com\/sv\/wp-json\/wp\/v2\/product_brand?post=18135"},{"taxonomy":"product_cat","embeddable":true,"href":"https:\/\/nordicmart.andreevmaster.com\/sv\/wp-json\/wp\/v2\/product_cat?post=18135"},{"taxonomy":"product_tag","embeddable":true,"href":"https:\/\/nordicmart.andreevmaster.com\/sv\/wp-json\/wp\/v2\/product_tag?post=18135"}],"curies":[{"name":"wp","href":"https:\/\/api.w.org\/{rel}","templated":true}]}}