{"id":18134,"date":"2026-02-27T00:38:17","date_gmt":"2026-02-27T00:38:17","guid":{"rendered":"https:\/\/nordicmart.andreevmaster.com\/product\/feandrea-klattertrad-med-2-grottor-85-cm-antracit\/"},"modified":"2026-02-27T08:27:10","modified_gmt":"2026-02-27T08:27:10","slug":"feandrea-klattertrad-med-2-grottor-85-cm-antracit","status":"publish","type":"product","link":"https:\/\/nordicmart.andreevmaster.com\/sv\/produkt\/feandrea-klattertrad-med-2-grottor-85-cm-antracit\/","title":{"rendered":"Feandrea kl\u00e4ttertr\u00e4d med 2 grottor 85 cm antracit"},"content":{"rendered":"<p>FEANDREA kl\u00e4ttertr\u00e4d har alla egenskaper du beh\u00f6ver f\u00f6r att dina katter ska trivas. MATNING \u2013 Med matsk\u00e5len p\u00e5 den nedersta br\u00e4dan kommer detta kl\u00e4ttertr\u00e4d aldrig att bli tr\u00e5kigt f\u00f6r dina kattungar. AVKOPPLING \u2013 Lyxig liggyta med vadderad kant erbjuder en f\u00f6rstklassig loungek\u00e4nsla.KL\u00d6VANDET \u2013 Tjocka stammar som \u00e4r lindade med naturligt sisalrep hj\u00e4lper dina katter att str\u00e4cka p\u00e5 sig och v\u00e4ssa klorna. TUPLUR \u2013 Tack vare de mysiga grottorna har dina katter \u00e4ntligen sina egna s\u00e4ngar och kan sluta fred med varandra.  Produktdetaljer: &#8211; F\u00e4rg: antracit &#8211; Material: sp\u00e5nskiva, plysch, sisalrep &#8211; M\u00e5tt: 50 x 40 x 85 cm (B x D x H) &#8211; Vikt: 13,4 kg Leveransomfattning: &#8211; 1 x kl\u00f6sst\u00e5ng &#8211; 1 x bruksanvisning (DE, EN, FR, IT, ES) FEANDREA Anm\u00e4rkningar:- Om din katt b\u00f6rjar \u00e4ta eller tugga p\u00e5 p\u00e4lsbollarna eller gummibandet, ta bort leksaken och f\u00f6rvara den utom r\u00e4ckh\u00e5ll f\u00f6r din katt. &#8211; St\u00e4ll kl\u00f6sstammen p\u00e5 en v\u00e4l ventilerad plats efter uppackningen f\u00f6r att ta bort eventuella lukter och l\u00e5ta den luftas.- Kontrollera regelbundet att skruvarna sitter ordentligt f\u00f6r att garantera s\u00e4ker anv\u00e4ndning. &#8211; St\u00e4ll kl\u00f6sstammen p\u00e5 ett plant underlag mot v\u00e4ggen.<\/p>\n","protected":false},"excerpt":{"rendered":"<p>Feandrea Stabil kl\u00e4ttertr\u00e4d med matsk\u00e5l, kattkl\u00e4ttertr\u00e4d med 2 grottor f\u00f6r 2 katter, kattkl\u00e4ttertr\u00e4d med sisalstammar, antracit PCT57G<\/p>\n","protected":false},"featured_media":45173,"comment_status":"open","ping_status":"closed","template":"","meta":[],"product_brand":[],"product_cat":[33],"product_tag":[],"class_list":{"0":"post-18134","1":"product","2":"type-product","3":"status-publish","4":"has-post-thumbnail","6":"product_cat-okategoriserad","8":"first","9":"instock","10":"shipping-taxable","11":"purchasable","12":"product-type-simple"},"_links":{"self":[{"href":"https:\/\/nordicmart.andreevmaster.com\/sv\/wp-json\/wp\/v2\/product\/18134","targetHints":{"allow":["GET"]}}],"collection":[{"href":"https:\/\/nordicmart.andreevmaster.com\/sv\/wp-json\/wp\/v2\/product"}],"about":[{"href":"https:\/\/nordicmart.andreevmaster.com\/sv\/wp-json\/wp\/v2\/types\/product"}],"replies":[{"embeddable":true,"href":"https:\/\/nordicmart.andreevmaster.com\/sv\/wp-json\/wp\/v2\/comments?post=18134"}],"wp:featuredmedia":[{"embeddable":true,"href":"https:\/\/nordicmart.andreevmaster.com\/sv\/wp-json\/wp\/v2\/media\/45173"}],"wp:attachment":[{"href":"https:\/\/nordicmart.andreevmaster.com\/sv\/wp-json\/wp\/v2\/media?parent=18134"}],"wp:term":[{"taxonomy":"product_brand","embeddable":true,"href":"https:\/\/nordicmart.andreevmaster.com\/sv\/wp-json\/wp\/v2\/product_brand?post=18134"},{"taxonomy":"product_cat","embeddable":true,"href":"https:\/\/nordicmart.andreevmaster.com\/sv\/wp-json\/wp\/v2\/product_cat?post=18134"},{"taxonomy":"product_tag","embeddable":true,"href":"https:\/\/nordicmart.andreevmaster.com\/sv\/wp-json\/wp\/v2\/product_tag?post=18134"}],"curies":[{"name":"wp","href":"https:\/\/api.w.org\/{rel}","templated":true}]}}