{"id":18132,"date":"2026-02-27T00:38:17","date_gmt":"2026-02-27T00:38:17","guid":{"rendered":"https:\/\/nordicmart.andreevmaster.com\/product\/feandrea-klattertrad-med-ligghylla-110-cm-beige\/"},"modified":"2026-02-27T08:27:10","modified_gmt":"2026-02-27T08:27:10","slug":"feandrea-klattertrad-med-ligghylla-110-cm-beige","status":"publish","type":"product","link":"https:\/\/nordicmart.andreevmaster.com\/sv\/produkt\/feandrea-klattertrad-med-ligghylla-110-cm-beige\/","title":{"rendered":"Feandrea kl\u00e4ttertr\u00e4d med ligghylla 110 cm beige"},"content":{"rendered":"<p>I FEANDREAs kreativa verkst\u00e4der hoppar tv\u00e5 s\u00f6ta kattungar omkring, som personligen granskar alla kl\u00f6sst\u00e4nger och ger sin djuriska feedback. P\u00e5 s\u00e5 s\u00e4tt f\u00e5r FEANDREAs designers f\u00f6rstahandsinformation, eller snarare f\u00f6rstapawinformation, om produkterna uppfyller kraven fr\u00e5n de bortsk\u00e4mda morrh\u00e5riga v\u00e4nnerna.H\u00f6jdpunkterna i denna kl\u00f6sst\u00e5ng i \u00f6versikt: &#8211; Utrustad med m\u00e5nga kl\u00e4tterelement; l\u00e4mplig f\u00f6r katter i alla \u00e5ldrar &#8211; Rymlig, v\u00e4l vadderad utsiktsplattform &#8211; Gener\u00f6s mysgrotta och bekv\u00e4m liggkorg &#8211; H\u00f6g stabilitet; har en tr\u00e4f\u00f6rst\u00e4rkt bottenplatta &#8211; Tippskydd f\u00f6r extra s\u00e4kerhet Produktdetaljer: &#8211; F\u00e4rg: beige &#8211; Material: MDF (medeldensitetsfiberplatta), plysch, sisal &#8211; Storlek: 50 x 40 x 110 cm (L x B x H) &#8211; Vikt: 10,4 kg Leveransomfattning: &#8211; 1 x kl\u00f6sst\u00e5ng &#8211; 1 x bruksanvisning (DE, EN, FR, ES, IT)<\/p>\n","protected":false},"excerpt":{"rendered":"<p>Feandrea kl\u00e4ttertr\u00e4d, 110 cm stort kattr\u00e4d, beige PCT52M<\/p>\n","protected":false},"featured_media":45171,"comment_status":"open","ping_status":"closed","template":"","meta":[],"product_brand":[],"product_cat":[33],"product_tag":[],"class_list":{"0":"post-18132","1":"product","2":"type-product","3":"status-publish","4":"has-post-thumbnail","6":"product_cat-okategoriserad","8":"first","9":"instock","10":"shipping-taxable","11":"purchasable","12":"product-type-simple"},"_links":{"self":[{"href":"https:\/\/nordicmart.andreevmaster.com\/sv\/wp-json\/wp\/v2\/product\/18132","targetHints":{"allow":["GET"]}}],"collection":[{"href":"https:\/\/nordicmart.andreevmaster.com\/sv\/wp-json\/wp\/v2\/product"}],"about":[{"href":"https:\/\/nordicmart.andreevmaster.com\/sv\/wp-json\/wp\/v2\/types\/product"}],"replies":[{"embeddable":true,"href":"https:\/\/nordicmart.andreevmaster.com\/sv\/wp-json\/wp\/v2\/comments?post=18132"}],"wp:featuredmedia":[{"embeddable":true,"href":"https:\/\/nordicmart.andreevmaster.com\/sv\/wp-json\/wp\/v2\/media\/45171"}],"wp:attachment":[{"href":"https:\/\/nordicmart.andreevmaster.com\/sv\/wp-json\/wp\/v2\/media?parent=18132"}],"wp:term":[{"taxonomy":"product_brand","embeddable":true,"href":"https:\/\/nordicmart.andreevmaster.com\/sv\/wp-json\/wp\/v2\/product_brand?post=18132"},{"taxonomy":"product_cat","embeddable":true,"href":"https:\/\/nordicmart.andreevmaster.com\/sv\/wp-json\/wp\/v2\/product_cat?post=18132"},{"taxonomy":"product_tag","embeddable":true,"href":"https:\/\/nordicmart.andreevmaster.com\/sv\/wp-json\/wp\/v2\/product_tag?post=18132"}],"curies":[{"name":"wp","href":"https:\/\/api.w.org\/{rel}","templated":true}]}}