{"id":18130,"date":"2026-02-27T00:38:16","date_gmt":"2026-02-27T00:38:16","guid":{"rendered":"https:\/\/nordicmart.andreevmaster.com\/product\/feandrea-kattklattertrad-med-klatterramp\/"},"modified":"2026-02-27T08:27:10","modified_gmt":"2026-02-27T08:27:10","slug":"feandrea-kattklattertrad-med-klatterramp","status":"publish","type":"product","link":"https:\/\/nordicmart.andreevmaster.com\/sv\/produkt\/feandrea-kattklattertrad-med-klatterramp\/","title":{"rendered":"Feandrea kattkl\u00e4ttertr\u00e4d med kl\u00e4tterramp"},"content":{"rendered":"<p>I FEANDREAs kreativa verkst\u00e4der hoppar tv\u00e5 s\u00f6ta kattungar runt och granskar alla kl\u00f6sst\u00e4nger personligen och ger sin djuriska feedback. P\u00e5 s\u00e5 s\u00e4tt f\u00e5r FEANDREAs designers f\u00f6rstahandsinformation, eller snarare f\u00f6rstapawinformation, om produkterna uppfyller kraven fr\u00e5n de bortsk\u00e4mda morrh\u00e5riga v\u00e4nnerna. En kl\u00e4ttertr\u00e4d med m\u00e5nga f\u00f6rdelar Kattornas test har godk\u00e4nt kattornas test. De gillade framf\u00f6r allt den mysiga och fina kramgrotta samt rampen med kl\u00e4tterbr\u00e4da. Men \u00e4ven stammarna som \u00e4r kl\u00e4dda med sisal och plysch, de trappstegsformade, mysiga plattformarna samt liggplatsen var mycket popul\u00e4ra.Oavsett om du har en ung kattunge eller en \u00e4ldre katt, erbjuder denna 48 x 48 x 96 cm (L x B x H) stora kattkl\u00e4ttertr\u00e4d ett hem f\u00f6r alla huskatter. Vilken del av v\u00e5rt kl\u00e4ttertr\u00e4d kommer din katt att gilla mest? Tror du att den inte kommer att kunna sluta slipa sina klor p\u00e5 kl\u00f6sbr\u00e4dan? Produktdetaljer: &#8211; F\u00e4rg: Beige &#8211; Material: Sp\u00e5nskiva, h\u00e5rd kartong, plysch, sisal &#8211; Storlek: 48 x 48 x 96 cm (L x B x H) &#8211; Vikt: 11,6 kg Leveransomfattning: &#8211; 1 x kl\u00f6sst\u00e5ng &#8211; 1 x bruksanvisning (DE, EN, FR, ES, IT)<\/p>\n","protected":false},"excerpt":{"rendered":"<p>Feandrea kl\u00e4ttertr\u00e4d, kattkl\u00e4ttertr\u00e4d, kl\u00e4ttertorn f\u00f6r katter, mysgrotta, kl\u00f6sbr\u00e4da, ljusgr\u00e5 PCT51W<\/p>\n","protected":false},"featured_media":0,"comment_status":"open","ping_status":"closed","template":"","meta":[],"product_brand":[],"product_cat":[33],"product_tag":[],"class_list":{"0":"post-18130","1":"product","2":"type-product","3":"status-publish","5":"product_cat-okategoriserad","7":"first","8":"instock","9":"shipping-taxable","10":"purchasable","11":"product-type-simple"},"_links":{"self":[{"href":"https:\/\/nordicmart.andreevmaster.com\/sv\/wp-json\/wp\/v2\/product\/18130","targetHints":{"allow":["GET"]}}],"collection":[{"href":"https:\/\/nordicmart.andreevmaster.com\/sv\/wp-json\/wp\/v2\/product"}],"about":[{"href":"https:\/\/nordicmart.andreevmaster.com\/sv\/wp-json\/wp\/v2\/types\/product"}],"replies":[{"embeddable":true,"href":"https:\/\/nordicmart.andreevmaster.com\/sv\/wp-json\/wp\/v2\/comments?post=18130"}],"wp:attachment":[{"href":"https:\/\/nordicmart.andreevmaster.com\/sv\/wp-json\/wp\/v2\/media?parent=18130"}],"wp:term":[{"taxonomy":"product_brand","embeddable":true,"href":"https:\/\/nordicmart.andreevmaster.com\/sv\/wp-json\/wp\/v2\/product_brand?post=18130"},{"taxonomy":"product_cat","embeddable":true,"href":"https:\/\/nordicmart.andreevmaster.com\/sv\/wp-json\/wp\/v2\/product_cat?post=18130"},{"taxonomy":"product_tag","embeddable":true,"href":"https:\/\/nordicmart.andreevmaster.com\/sv\/wp-json\/wp\/v2\/product_tag?post=18130"}],"curies":[{"name":"wp","href":"https:\/\/api.w.org\/{rel}","templated":true}]}}