{"id":18128,"date":"2026-02-27T00:38:15","date_gmt":"2026-02-27T00:38:15","guid":{"rendered":"https:\/\/nordicmart.andreevmaster.com\/product\/feandrea-klosstang-med-grotta-134-cm-rokgra\/"},"modified":"2026-02-27T08:27:09","modified_gmt":"2026-02-27T08:27:09","slug":"feandrea-klosstang-med-grotta-134-cm-rokgra","status":"publish","type":"product","link":"https:\/\/nordicmart.andreevmaster.com\/sv\/produkt\/feandrea-klosstang-med-grotta-134-cm-rokgra\/","title":{"rendered":"Feandrea kl\u00f6sst\u00e5ng med grotta 134 cm r\u00f6kgr\u00e5"},"content":{"rendered":"<p>Anvisningar: &#8211; Musarna eller bollarna \u00e4r endast dekorativa detaljer, det \u00e4r normalt att de rivs av av katterna. &#8211; Det kan h\u00e4nda att produkten luktar &#8221;nytt&#8221; n\u00e4r den packas upp. Denna lukt f\u00f6rsvinner dock efter n\u00e5gra dagar om du placerar den monterade kl\u00f6sstammen i ett ventilerat rum. &#8211; Dra \u00e5t skruvarna p\u00e5 alla delar igen 2-3 dagar efter monteringen. &#8211; Det rekommenderas att kl\u00e4ttertr\u00e4det placeras mot en v\u00e4gg eller i ett h\u00f6rn f\u00f6r att undvika instabilitet och vinglighet n\u00e4r tunga katter kl\u00e4ttrar p\u00e5 det. &#8211; Belastningskapacitet: 2 katter (varje katt \u2264 7 kg) &#8211; Om din katt b\u00f6rjar tugga p\u00e5 plyschbollen eller vill \u00e4ta den och gummibandet, ta bort leksaken och f\u00f6rvara den utom r\u00e4ckh\u00e5ll f\u00f6r din katt. Produktdetaljer:- F\u00e4rg: r\u00f6kgr\u00e5 &#8211; Total h\u00f6jd: ca 134 cm &#8211; M\u00e5tt p\u00e5 bottenplatta: ca 60 x 36 cm &#8211; M\u00e5tt p\u00e5 grotta: ca 30 x 28 x 30 cm (B x H x D) &#8211; Diameter p\u00e5 grop: ca 30 cm &#8211; Diameter p\u00e5 sisalstam: ca 7,1 cm &#8211; Material: sp\u00e5nskiva + plysch + sisal + metallram &#8211; Vikt: ca 10,8 kg Leveransomfattning: &#8211; 1 x kl\u00f6sst\u00e5ng &#8211; 1 x bruksanvisning<\/p>\n","protected":false},"excerpt":{"rendered":"<p>Feandrea kl\u00e4ttertr\u00e4d kl\u00e4ttertr\u00e4d med liggkupa grotta leksisal 134 cm PCT35G<\/p>\n","protected":false},"featured_media":45170,"comment_status":"open","ping_status":"closed","template":"","meta":[],"product_brand":[],"product_cat":[33],"product_tag":[],"class_list":{"0":"post-18128","1":"product","2":"type-product","3":"status-publish","4":"has-post-thumbnail","6":"product_cat-okategoriserad","8":"first","9":"instock","10":"shipping-taxable","11":"purchasable","12":"product-type-simple"},"_links":{"self":[{"href":"https:\/\/nordicmart.andreevmaster.com\/sv\/wp-json\/wp\/v2\/product\/18128","targetHints":{"allow":["GET"]}}],"collection":[{"href":"https:\/\/nordicmart.andreevmaster.com\/sv\/wp-json\/wp\/v2\/product"}],"about":[{"href":"https:\/\/nordicmart.andreevmaster.com\/sv\/wp-json\/wp\/v2\/types\/product"}],"replies":[{"embeddable":true,"href":"https:\/\/nordicmart.andreevmaster.com\/sv\/wp-json\/wp\/v2\/comments?post=18128"}],"wp:featuredmedia":[{"embeddable":true,"href":"https:\/\/nordicmart.andreevmaster.com\/sv\/wp-json\/wp\/v2\/media\/45170"}],"wp:attachment":[{"href":"https:\/\/nordicmart.andreevmaster.com\/sv\/wp-json\/wp\/v2\/media?parent=18128"}],"wp:term":[{"taxonomy":"product_brand","embeddable":true,"href":"https:\/\/nordicmart.andreevmaster.com\/sv\/wp-json\/wp\/v2\/product_brand?post=18128"},{"taxonomy":"product_cat","embeddable":true,"href":"https:\/\/nordicmart.andreevmaster.com\/sv\/wp-json\/wp\/v2\/product_cat?post=18128"},{"taxonomy":"product_tag","embeddable":true,"href":"https:\/\/nordicmart.andreevmaster.com\/sv\/wp-json\/wp\/v2\/product_tag?post=18128"}],"curies":[{"name":"wp","href":"https:\/\/api.w.org\/{rel}","templated":true}]}}