{"id":18126,"date":"2026-02-27T00:38:15","date_gmt":"2026-02-27T00:38:15","guid":{"rendered":"https:\/\/nordicmart.andreevmaster.com\/product\/feandrea-klattertrad-hangmatta-grotta-kramvit\/"},"modified":"2026-02-27T08:27:08","modified_gmt":"2026-02-27T08:27:08","slug":"feandrea-klattertrad-hangmatta-grotta-kramvit","status":"publish","type":"product","link":"https:\/\/nordicmart.andreevmaster.com\/sv\/produkt\/feandrea-klattertrad-hangmatta-grotta-kramvit\/","title":{"rendered":"Feandrea kl\u00e4ttertr\u00e4d h\u00e4ngmatta grotta kr\u00e4mvit"},"content":{"rendered":"<p>Feandrea kattkl\u00e4ttertr\u00e4d med kl\u00f6sbr\u00e4da, kl\u00e4ttertr\u00e4d f\u00f6r katter, 138 cm h\u00f6gt, med grotta och liggytor, i ljusgr\u00e5tt PCT60W<br \/>\n&#8211; F\u00e4rg: kr\u00e4mvit<br \/>\n&#8211; Material: sp\u00e5nskiva, plysch, sisal.<br \/>\n&#8211; Produktstorlek: 45 x 35 x 112 cm (L x B x H).<br \/>\n&#8211; Produktvikt: 10 kg.<br \/>\n&#8211; Max. total statisk b\u00e4rf\u00f6rm\u00e5ga: 40 kg<br \/>\n&#8211; Idealisk antal katter: Upp till 4 katter, vardera \u2264 5 kg<\/p>\n","protected":false},"excerpt":{"rendered":"<p>Feandrea kattkl\u00e4ttertr\u00e4d med kl\u00f6sbr\u00e4da, kl\u00e4ttertr\u00e4d f\u00f6r katter, 138 cm h\u00f6gt, med grotta och liggytor, i ljusgr\u00e5tt PCT60W<\/p>\n","protected":false},"featured_media":0,"comment_status":"open","ping_status":"closed","template":"","meta":[],"product_brand":[],"product_cat":[33],"product_tag":[],"class_list":{"0":"post-18126","1":"product","2":"type-product","3":"status-publish","5":"product_cat-okategoriserad","7":"first","8":"instock","9":"shipping-taxable","10":"purchasable","11":"product-type-simple"},"_links":{"self":[{"href":"https:\/\/nordicmart.andreevmaster.com\/sv\/wp-json\/wp\/v2\/product\/18126","targetHints":{"allow":["GET"]}}],"collection":[{"href":"https:\/\/nordicmart.andreevmaster.com\/sv\/wp-json\/wp\/v2\/product"}],"about":[{"href":"https:\/\/nordicmart.andreevmaster.com\/sv\/wp-json\/wp\/v2\/types\/product"}],"replies":[{"embeddable":true,"href":"https:\/\/nordicmart.andreevmaster.com\/sv\/wp-json\/wp\/v2\/comments?post=18126"}],"wp:attachment":[{"href":"https:\/\/nordicmart.andreevmaster.com\/sv\/wp-json\/wp\/v2\/media?parent=18126"}],"wp:term":[{"taxonomy":"product_brand","embeddable":true,"href":"https:\/\/nordicmart.andreevmaster.com\/sv\/wp-json\/wp\/v2\/product_brand?post=18126"},{"taxonomy":"product_cat","embeddable":true,"href":"https:\/\/nordicmart.andreevmaster.com\/sv\/wp-json\/wp\/v2\/product_cat?post=18126"},{"taxonomy":"product_tag","embeddable":true,"href":"https:\/\/nordicmart.andreevmaster.com\/sv\/wp-json\/wp\/v2\/product_tag?post=18126"}],"curies":[{"name":"wp","href":"https:\/\/api.w.org\/{rel}","templated":true}]}}