{"id":18122,"date":"2026-02-27T00:38:14","date_gmt":"2026-02-27T00:38:14","guid":{"rendered":"https:\/\/nordicmart.andreevmaster.com\/product\/feandrea-klattertrad-110-cm-med-plattformar-och-grotta-ljusgra\/"},"modified":"2026-02-27T08:27:08","modified_gmt":"2026-02-27T08:27:08","slug":"feandrea-klattertrad-110-cm-med-plattformar-och-grotta-ljusgra","status":"publish","type":"product","link":"https:\/\/nordicmart.andreevmaster.com\/sv\/produkt\/feandrea-klattertrad-110-cm-med-plattformar-och-grotta-ljusgra\/","title":{"rendered":"Feandrea kl\u00e4ttertr\u00e4d 110 cm med plattformar och grotta ljusgr\u00e5"},"content":{"rendered":"<p>Feandrea kattkl\u00e4ttertr\u00e4d med kl\u00f6sbr\u00e4da, kl\u00e4ttertr\u00e4d f\u00f6r katter, 138 cm h\u00f6gt, med grotta och liggytor, i ljusgr\u00e5tt PCT60W<br \/>\nF\u00e4rg: Ljusgr\u00e5<br \/>\nMaterial: sp\u00e5nskiva, plysch, sisal<br \/>\nStorlek: 42 x 32 x 110 cm (L x B x H)<br \/>\nVikt: 9,6 kg<br \/>\nMax. statisk totalbelastning: 50 kg<br \/>\nIdealt antal katter: Upp till 4 katter (var och en \u2264 5 kg)<\/p>\n","protected":false},"excerpt":{"rendered":"<p>Feandrea kattkl\u00e4ttertr\u00e4d med kl\u00f6sbr\u00e4da, kl\u00e4ttertr\u00e4d f\u00f6r katter, 138 cm h\u00f6gt, med grotta och liggytor, i ljusgr\u00e5tt PCT60W<\/p>\n","protected":false},"featured_media":45166,"comment_status":"open","ping_status":"closed","template":"","meta":[],"product_brand":[],"product_cat":[33],"product_tag":[],"class_list":{"0":"post-18122","1":"product","2":"type-product","3":"status-publish","4":"has-post-thumbnail","6":"product_cat-okategoriserad","8":"first","9":"instock","10":"shipping-taxable","11":"purchasable","12":"product-type-simple"},"_links":{"self":[{"href":"https:\/\/nordicmart.andreevmaster.com\/sv\/wp-json\/wp\/v2\/product\/18122","targetHints":{"allow":["GET"]}}],"collection":[{"href":"https:\/\/nordicmart.andreevmaster.com\/sv\/wp-json\/wp\/v2\/product"}],"about":[{"href":"https:\/\/nordicmart.andreevmaster.com\/sv\/wp-json\/wp\/v2\/types\/product"}],"replies":[{"embeddable":true,"href":"https:\/\/nordicmart.andreevmaster.com\/sv\/wp-json\/wp\/v2\/comments?post=18122"}],"wp:featuredmedia":[{"embeddable":true,"href":"https:\/\/nordicmart.andreevmaster.com\/sv\/wp-json\/wp\/v2\/media\/45166"}],"wp:attachment":[{"href":"https:\/\/nordicmart.andreevmaster.com\/sv\/wp-json\/wp\/v2\/media?parent=18122"}],"wp:term":[{"taxonomy":"product_brand","embeddable":true,"href":"https:\/\/nordicmart.andreevmaster.com\/sv\/wp-json\/wp\/v2\/product_brand?post=18122"},{"taxonomy":"product_cat","embeddable":true,"href":"https:\/\/nordicmart.andreevmaster.com\/sv\/wp-json\/wp\/v2\/product_cat?post=18122"},{"taxonomy":"product_tag","embeddable":true,"href":"https:\/\/nordicmart.andreevmaster.com\/sv\/wp-json\/wp\/v2\/product_tag?post=18122"}],"curies":[{"name":"wp","href":"https:\/\/api.w.org\/{rel}","templated":true}]}}