{"id":18121,"date":"2026-02-27T00:38:13","date_gmt":"2026-02-27T00:38:13","guid":{"rendered":"https:\/\/nordicmart.andreevmaster.com\/product\/feandrea-kattklattertrad-med-klosbrada-145-cm-gra\/"},"modified":"2026-02-27T08:27:07","modified_gmt":"2026-02-27T08:27:07","slug":"feandrea-kattklattertrad-med-klosbrada-145-cm-gra","status":"publish","type":"product","link":"https:\/\/nordicmart.andreevmaster.com\/sv\/produkt\/feandrea-kattklattertrad-med-klosbrada-145-cm-gra\/","title":{"rendered":"Feandrea kattkl\u00e4ttertr\u00e4d med kl\u00f6sbr\u00e4da 145 cm gr\u00e5"},"content":{"rendered":"<p>Uppfinnarna av v\u00e5rt nya varum\u00e4rke \u201dFEANDREA\u201d har en alldeles speciell relation till katter: tv\u00e5 sm\u00e5, f\u00f6r\u00e4ldral\u00f6sa kattungar som k\u00e4rleksfullt sk\u00f6ttes om av en av f\u00f6retagets anst\u00e4llda gav upphov till id\u00e9n att utveckla djurv\u00e4nliga m\u00f6bler. Med denna hj\u00e4rtev\u00e4rmande historia i \u00e5tanke skapade designerna p\u00e5 \u201dFEANDREA\u201d mysiga, funktionella och stilfulla m\u00f6bler f\u00f6r husdjur, s\u00e5som den ovan visade kl\u00f6sstammen. Kl\u00e4ttringstr\u00e4d med m\u00e5nga specialfunktioner F\u00f6r att uppfylla alla katters s\u00e4rskilda behov har v\u00e5rt kl\u00f6sstativ n\u00e5gra specialfunktioner. F\u00f6rst och fr\u00e4mst har stabiliteten f\u00f6rb\u00e4ttrats. F\u00f6r detta \u00e4ndam\u00e5l har bottenplattan f\u00f6rst\u00e4rkts med extra tr\u00e4ribbor, och \u00e4ven sisalst\u00e4ngerna med en diameter p\u00e5 7,1 cm och tippskyddet s\u00e4kerst\u00e4ller h\u00f6g stabilitet. Produktdetaljer: &#8211; F\u00e4rg: r\u00f6kgr\u00e5 &#8211; Material: h\u00f6gkvalitativ sp\u00e5nskiva, plysch, sisal, f\u00f6rst\u00e4rkt h\u00e5rdpappersrulle &#8211; M\u00e5tt: 90 x 145 x 55 (B x H x D) &#8211; Vikt: 16,4 kg Leveransomfattning: &#8211; 1 x kl\u00f6sst\u00e5ng &#8211; 1 x bruksanvisning (DE, EN, FR, IT, ES) FEANDREA Anvisningar: &#8211; Placera kl\u00f6sst\u00e5ngen i ett h\u00f6rn av rummet och anv\u00e4nd en plan yta. &#8211; Anv\u00e4nd inte kl\u00f6sst\u00e5ngen i en fuktig milj\u00f6. &#8211; Barn f\u00e5r inte kl\u00e4ttra p\u00e5 kl\u00f6sst\u00e5ngen eller leka med den.- Vi rekommenderar att du f\u00e4ster produkten p\u00e5 v\u00e4ggen med de medf\u00f6ljande tippskydden. &#8211; Om din katt b\u00f6rjar tugga p\u00e5 plyschbollen eller vill \u00e4ta den och gummibandet, ta bort leksaken och f\u00f6rvara den utom r\u00e4ckh\u00e5ll f\u00f6r din katt.<\/p>\n","protected":false},"excerpt":{"rendered":"<p>Feandrea Stabil kl\u00e4ttertr\u00e4d med kl\u00f6sbr\u00e4da, 145 cm, robust kl\u00e4ttertr\u00e4d med stor lekplats, gr\u00e5 PCT25G<\/p>\n","protected":false},"featured_media":45165,"comment_status":"open","ping_status":"closed","template":"","meta":[],"product_brand":[],"product_cat":[33],"product_tag":[],"class_list":{"0":"post-18121","1":"product","2":"type-product","3":"status-publish","4":"has-post-thumbnail","6":"product_cat-okategoriserad","8":"first","9":"instock","10":"shipping-taxable","11":"purchasable","12":"product-type-simple"},"_links":{"self":[{"href":"https:\/\/nordicmart.andreevmaster.com\/sv\/wp-json\/wp\/v2\/product\/18121","targetHints":{"allow":["GET"]}}],"collection":[{"href":"https:\/\/nordicmart.andreevmaster.com\/sv\/wp-json\/wp\/v2\/product"}],"about":[{"href":"https:\/\/nordicmart.andreevmaster.com\/sv\/wp-json\/wp\/v2\/types\/product"}],"replies":[{"embeddable":true,"href":"https:\/\/nordicmart.andreevmaster.com\/sv\/wp-json\/wp\/v2\/comments?post=18121"}],"wp:featuredmedia":[{"embeddable":true,"href":"https:\/\/nordicmart.andreevmaster.com\/sv\/wp-json\/wp\/v2\/media\/45165"}],"wp:attachment":[{"href":"https:\/\/nordicmart.andreevmaster.com\/sv\/wp-json\/wp\/v2\/media?parent=18121"}],"wp:term":[{"taxonomy":"product_brand","embeddable":true,"href":"https:\/\/nordicmart.andreevmaster.com\/sv\/wp-json\/wp\/v2\/product_brand?post=18121"},{"taxonomy":"product_cat","embeddable":true,"href":"https:\/\/nordicmart.andreevmaster.com\/sv\/wp-json\/wp\/v2\/product_cat?post=18121"},{"taxonomy":"product_tag","embeddable":true,"href":"https:\/\/nordicmart.andreevmaster.com\/sv\/wp-json\/wp\/v2\/product_tag?post=18121"}],"curies":[{"name":"wp","href":"https:\/\/api.w.org\/{rel}","templated":true}]}}