{"id":18120,"date":"2026-02-27T00:38:13","date_gmt":"2026-02-27T00:38:13","guid":{"rendered":"https:\/\/nordicmart.andreevmaster.com\/product\/feandrea-klattertrad-takhojd-231-291-cm-hoj-justerbar-beige\/"},"modified":"2026-02-27T08:27:07","modified_gmt":"2026-02-27T08:27:07","slug":"feandrea-klattertrad-takhojd-231-291-cm-hoj-justerbar-beige","status":"publish","type":"product","link":"https:\/\/nordicmart.andreevmaster.com\/sv\/produkt\/feandrea-klattertrad-takhojd-231-291-cm-hoj-justerbar-beige\/","title":{"rendered":"Feandrea kl\u00e4ttertr\u00e4d takh\u00f6jd 231-291 cm h\u00f6j justerbar beige"},"content":{"rendered":"<p>Feandrea Kratzbaum takh\u00f6jd, 231-291 cm h\u00f6jdjusterbar kattkl\u00e4ttertr\u00e4d, XXL, h\u00f6gt flerstegs kattkl\u00e4ttertr\u00e4d, 11 cm tjocka stammar, grotta, liggplats, plattform, ljusgr\u00e5 PCT210G01<br \/>\nF\u00e4rg: Beige<br \/>\nMaterial: MDF (medeldensitetsfiberplatta), plywood, plysch, sisal<br \/>\nStorlek: 45 x 30 x (231-291) cm (L x B x H)<br \/>\nVikt: 13 kg<\/p>\n","protected":false},"excerpt":{"rendered":"<p>Feandrea Kratzbaum takh\u00f6jd, 231-291 cm h\u00f6jdjusterbar kattkl\u00e4ttertr\u00e4d, XXL, h\u00f6gt flerstegs kattkl\u00e4ttertr\u00e4d, 11 cm tjocka stammar, grotta, liggplats, plattform, ljusgr\u00e5 PCT210G01<\/p>\n","protected":false},"featured_media":45164,"comment_status":"open","ping_status":"closed","template":"","meta":[],"product_brand":[],"product_cat":[33],"product_tag":[],"class_list":{"0":"post-18120","1":"product","2":"type-product","3":"status-publish","4":"has-post-thumbnail","6":"product_cat-okategoriserad","8":"first","9":"instock","10":"shipping-taxable","11":"purchasable","12":"product-type-simple"},"_links":{"self":[{"href":"https:\/\/nordicmart.andreevmaster.com\/sv\/wp-json\/wp\/v2\/product\/18120","targetHints":{"allow":["GET"]}}],"collection":[{"href":"https:\/\/nordicmart.andreevmaster.com\/sv\/wp-json\/wp\/v2\/product"}],"about":[{"href":"https:\/\/nordicmart.andreevmaster.com\/sv\/wp-json\/wp\/v2\/types\/product"}],"replies":[{"embeddable":true,"href":"https:\/\/nordicmart.andreevmaster.com\/sv\/wp-json\/wp\/v2\/comments?post=18120"}],"wp:featuredmedia":[{"embeddable":true,"href":"https:\/\/nordicmart.andreevmaster.com\/sv\/wp-json\/wp\/v2\/media\/45164"}],"wp:attachment":[{"href":"https:\/\/nordicmart.andreevmaster.com\/sv\/wp-json\/wp\/v2\/media?parent=18120"}],"wp:term":[{"taxonomy":"product_brand","embeddable":true,"href":"https:\/\/nordicmart.andreevmaster.com\/sv\/wp-json\/wp\/v2\/product_brand?post=18120"},{"taxonomy":"product_cat","embeddable":true,"href":"https:\/\/nordicmart.andreevmaster.com\/sv\/wp-json\/wp\/v2\/product_cat?post=18120"},{"taxonomy":"product_tag","embeddable":true,"href":"https:\/\/nordicmart.andreevmaster.com\/sv\/wp-json\/wp\/v2\/product_tag?post=18120"}],"curies":[{"name":"wp","href":"https:\/\/api.w.org\/{rel}","templated":true}]}}