{"id":18117,"date":"2026-02-27T00:38:12","date_gmt":"2026-02-27T00:38:12","guid":{"rendered":"https:\/\/nordicmart.andreevmaster.com\/product\/drapak-dla-kota-199cm-domek-jaskinia-legowisko-duzy-wysoki-sizal-plusz-2\/"},"modified":"2026-02-27T08:27:06","modified_gmt":"2026-02-27T08:27:06","slug":"drapak-dla-kota-199cm-domek-jaskinia-legowisko-duzy-wysoki-sizal-plusz-2","status":"publish","type":"product","link":"https:\/\/nordicmart.andreevmaster.com\/sv\/produkt\/drapak-dla-kota-199cm-domek-jaskinia-legowisko-duzy-wysoki-sizal-plusz-2\/","title":{"rendered":"DRAPAK DLA KOTA 199CM DOMEK JASKINIA LEGOWISKO DU\u017bY WYSOKI SIZAL PLUSZ"},"content":{"rendered":"<p>Perfekt f\u00f6r katter som \u00e4lskar att kl\u00e4ttra och observera. 5 niv\u00e5er, avst\u00e5ndet mellan niv\u00e5erna \u00e4r 35-40 cm. Stabil och s\u00e4ker:<br \/>\nF\u00f6rst\u00e4rkt botten garanterar stabilitet.<\/p>\n<p>Anti-tip-skydd f\u00f6r s\u00e4kerhet. M\u00e5ngsidig komfort och lek:<\/p>\n<p>Hela tr\u00e4det \u00e4r kl\u00e4tt med mjuk plysch. 2 observationsplatser, 2 grottor, 1 h\u00e4ngmatta, 1 korg, 2 pompulan.<\/p>\n<p>Skydd av m\u00f6bler: 7 kl\u00f6sbr\u00e4dor tillfredsst\u00e4ller kattens naturliga instinkter och skyddar dina m\u00f6bler.<\/p>\n<p>L\u00e4tt att reng\u00f6ra: De tv\u00e5 \u00f6vre s\u00e4ngarna \u00e4r avtagbara f\u00f6r enkel reng\u00f6ring. L\u00e4tt att kl\u00e4ttra f\u00f6r alla:<\/p>\n<p>Kl\u00e4ttringspelarens viktigaste egenskaper:<br \/>\nBeige f\u00e4rg<br \/>\nStorlek: 60 x 50 x 199 cm<br \/>\nVikt: 18,4 kg<br \/>\nMax: 70 kg<br \/>\nH\u00f6jd 199 cm:<\/p>\n","protected":false},"excerpt":{"rendered":"<p>Perfekt f\u00f6r katter som \u00e4lskar att kl\u00e4ttra och observera. 5 niv\u00e5er, avst\u00e5ndet mellan niv\u00e5erna \u00e4r 35-40 cm. Stabil och s\u00e4ker: F\u00f6rst\u00e4rkt botten garanterar stabilitet. Anti-tip-skydd f\u00f6r s\u00e4kerhet. M\u00e5ngsidig komfort och lek: Hela tr\u00e4det \u00e4r kl\u00e4tt med mjuk plysch. 2 observationsplatser, 2 grottor, 1 h\u00e4ngmatta, 1 korg, 2 pompulan. Skydd av m\u00f6bler: 7 kl\u00f6sbr\u00e4dor tillfredsst\u00e4ller kattens [&hellip;]<\/p>\n","protected":false},"featured_media":0,"comment_status":"open","ping_status":"closed","template":"","meta":[],"product_brand":[],"product_cat":[33],"product_tag":[],"class_list":{"0":"post-18117","1":"product","2":"type-product","3":"status-publish","5":"product_cat-okategoriserad","7":"first","8":"instock","9":"shipping-taxable","10":"product-type-simple"},"_links":{"self":[{"href":"https:\/\/nordicmart.andreevmaster.com\/sv\/wp-json\/wp\/v2\/product\/18117","targetHints":{"allow":["GET"]}}],"collection":[{"href":"https:\/\/nordicmart.andreevmaster.com\/sv\/wp-json\/wp\/v2\/product"}],"about":[{"href":"https:\/\/nordicmart.andreevmaster.com\/sv\/wp-json\/wp\/v2\/types\/product"}],"replies":[{"embeddable":true,"href":"https:\/\/nordicmart.andreevmaster.com\/sv\/wp-json\/wp\/v2\/comments?post=18117"}],"wp:attachment":[{"href":"https:\/\/nordicmart.andreevmaster.com\/sv\/wp-json\/wp\/v2\/media?parent=18117"}],"wp:term":[{"taxonomy":"product_brand","embeddable":true,"href":"https:\/\/nordicmart.andreevmaster.com\/sv\/wp-json\/wp\/v2\/product_brand?post=18117"},{"taxonomy":"product_cat","embeddable":true,"href":"https:\/\/nordicmart.andreevmaster.com\/sv\/wp-json\/wp\/v2\/product_cat?post=18117"},{"taxonomy":"product_tag","embeddable":true,"href":"https:\/\/nordicmart.andreevmaster.com\/sv\/wp-json\/wp\/v2\/product_tag?post=18117"}],"curies":[{"name":"wp","href":"https:\/\/api.w.org\/{rel}","templated":true}]}}