{"id":18112,"date":"2026-02-27T00:38:11","date_gmt":"2026-02-27T00:38:11","guid":{"rendered":"https:\/\/nordicmart.andreevmaster.com\/product\/feandrea-klattertrad-med-2-grottor-och-2-liggplatser-greige\/"},"modified":"2026-02-27T08:27:05","modified_gmt":"2026-02-27T08:27:05","slug":"feandrea-klattertrad-med-2-grottor-och-2-liggplatser-greige","status":"publish","type":"product","link":"https:\/\/nordicmart.andreevmaster.com\/sv\/produkt\/feandrea-klattertrad-med-2-grottor-och-2-liggplatser-greige\/","title":{"rendered":"Feandrea kl\u00e4ttertr\u00e4d med 2 grottor och 2 liggplatser, greige"},"content":{"rendered":"<p>Feandrea kl\u00e4ttertr\u00e4d stort, 197 cm h\u00f6gt, kattkl\u00e4ttertr\u00e4d XXL, modernt, flerv\u00e5ningskatthus med 2 grottor, 2 liggplatser, 4 kl\u00e4tterstammar, kattborste, tunnel, plattformar<br \/>\nF\u00e4rg: Greige<br \/>\nMaterial: sp\u00e5nskiva, 500 g\/m\u00b2 plysch, sisal<br \/>\nStorlek: 60 x 60 x 197 cm (L x B x H)<br \/>\nVikt: 29,3 kg<\/p>\n","protected":false},"excerpt":{"rendered":"<p>Feandrea kl\u00e4ttertr\u00e4d stort, 197 cm h\u00f6gt, kattkl\u00e4ttertr\u00e4d XXL, modernt, flerv\u00e5ningskatthus med 2 grottor, 2 liggplatser, 4 kl\u00e4tterstammar, kattborste, tunnel, plattformar<\/p>\n","protected":false},"featured_media":0,"comment_status":"open","ping_status":"closed","template":"","meta":[],"product_brand":[],"product_cat":[33],"product_tag":[],"class_list":{"0":"post-18112","1":"product","2":"type-product","3":"status-publish","5":"product_cat-okategoriserad","7":"first","8":"instock","9":"shipping-taxable","10":"purchasable","11":"product-type-simple"},"_links":{"self":[{"href":"https:\/\/nordicmart.andreevmaster.com\/sv\/wp-json\/wp\/v2\/product\/18112","targetHints":{"allow":["GET"]}}],"collection":[{"href":"https:\/\/nordicmart.andreevmaster.com\/sv\/wp-json\/wp\/v2\/product"}],"about":[{"href":"https:\/\/nordicmart.andreevmaster.com\/sv\/wp-json\/wp\/v2\/types\/product"}],"replies":[{"embeddable":true,"href":"https:\/\/nordicmart.andreevmaster.com\/sv\/wp-json\/wp\/v2\/comments?post=18112"}],"wp:attachment":[{"href":"https:\/\/nordicmart.andreevmaster.com\/sv\/wp-json\/wp\/v2\/media?parent=18112"}],"wp:term":[{"taxonomy":"product_brand","embeddable":true,"href":"https:\/\/nordicmart.andreevmaster.com\/sv\/wp-json\/wp\/v2\/product_brand?post=18112"},{"taxonomy":"product_cat","embeddable":true,"href":"https:\/\/nordicmart.andreevmaster.com\/sv\/wp-json\/wp\/v2\/product_cat?post=18112"},{"taxonomy":"product_tag","embeddable":true,"href":"https:\/\/nordicmart.andreevmaster.com\/sv\/wp-json\/wp\/v2\/product_tag?post=18112"}],"curies":[{"name":"wp","href":"https:\/\/api.w.org\/{rel}","templated":true}]}}