{"id":18110,"date":"2026-02-27T00:38:10","date_gmt":"2026-02-27T00:38:10","guid":{"rendered":"https:\/\/nordicmart.andreevmaster.com\/product\/feandrea-klattertrad-med-klosstolpar-och-plattformar\/"},"modified":"2026-02-27T08:27:05","modified_gmt":"2026-02-27T08:27:05","slug":"feandrea-klattertrad-med-klosstolpar-och-plattformar","status":"publish","type":"product","link":"https:\/\/nordicmart.andreevmaster.com\/sv\/produkt\/feandrea-klattertrad-med-klosstolpar-och-plattformar\/","title":{"rendered":"Feandrea kl\u00e4ttertr\u00e4d med kl\u00f6sstolpar och plattformar"},"content":{"rendered":"<p>Feandrea kl\u00e4ttertr\u00e4d, 155 cm h\u00f6gt, kattkl\u00e4ttertr\u00e4d med 5 kl\u00f6sstolpar, 2 plattformar, 2 kattgrottor, h\u00e4ngmatta, 2 plyschbollar, plysch, flerv\u00e5ningsdesign, r\u00f6kgr\u00e5 PCT192G01<br \/>\nF\u00e4rg: Kr\u00e4mvit<br \/>\nMaterial: sp\u00e5nskiva, plysch, sisal<br \/>\nStorlek: 49 x 40 x 155 cm (L x B x H)<br \/>\nVikt: 14,1 kg<br \/>\nMax. statisk totalbelastning: 78 kg<\/p>\n","protected":false},"excerpt":{"rendered":"<p>Feandrea kl\u00e4ttertr\u00e4d, 155 cm h\u00f6gt, kattkl\u00e4ttertr\u00e4d med 5 kl\u00f6sstolpar, 2 plattformar, 2 kattgrottor, h\u00e4ngmatta, 2 plyschbollar, plysch, flerv\u00e5ningsdesign, r\u00f6kgr\u00e5 PCT192G01<\/p>\n","protected":false},"featured_media":45159,"comment_status":"open","ping_status":"closed","template":"","meta":[],"product_brand":[],"product_cat":[33],"product_tag":[],"class_list":{"0":"post-18110","1":"product","2":"type-product","3":"status-publish","4":"has-post-thumbnail","6":"product_cat-okategoriserad","8":"first","9":"instock","10":"shipping-taxable","11":"purchasable","12":"product-type-simple"},"_links":{"self":[{"href":"https:\/\/nordicmart.andreevmaster.com\/sv\/wp-json\/wp\/v2\/product\/18110","targetHints":{"allow":["GET"]}}],"collection":[{"href":"https:\/\/nordicmart.andreevmaster.com\/sv\/wp-json\/wp\/v2\/product"}],"about":[{"href":"https:\/\/nordicmart.andreevmaster.com\/sv\/wp-json\/wp\/v2\/types\/product"}],"replies":[{"embeddable":true,"href":"https:\/\/nordicmart.andreevmaster.com\/sv\/wp-json\/wp\/v2\/comments?post=18110"}],"wp:featuredmedia":[{"embeddable":true,"href":"https:\/\/nordicmart.andreevmaster.com\/sv\/wp-json\/wp\/v2\/media\/45159"}],"wp:attachment":[{"href":"https:\/\/nordicmart.andreevmaster.com\/sv\/wp-json\/wp\/v2\/media?parent=18110"}],"wp:term":[{"taxonomy":"product_brand","embeddable":true,"href":"https:\/\/nordicmart.andreevmaster.com\/sv\/wp-json\/wp\/v2\/product_brand?post=18110"},{"taxonomy":"product_cat","embeddable":true,"href":"https:\/\/nordicmart.andreevmaster.com\/sv\/wp-json\/wp\/v2\/product_cat?post=18110"},{"taxonomy":"product_tag","embeddable":true,"href":"https:\/\/nordicmart.andreevmaster.com\/sv\/wp-json\/wp\/v2\/product_tag?post=18110"}],"curies":[{"name":"wp","href":"https:\/\/api.w.org\/{rel}","templated":true}]}}