{"id":18104,"date":"2026-02-27T00:38:08","date_gmt":"2026-02-27T00:38:08","guid":{"rendered":"https:\/\/nordicmart.andreevmaster.com\/product\/feandrea-klosstativ-ljusgra-xxl\/"},"modified":"2026-02-27T08:27:03","modified_gmt":"2026-02-27T08:27:03","slug":"feandrea-klosstativ-ljusgra-xxl","status":"publish","type":"product","link":"https:\/\/nordicmart.andreevmaster.com\/sv\/produkt\/feandrea-klosstativ-ljusgra-xxl\/","title":{"rendered":"Feandrea kl\u00f6sstativ ljusgr\u00e5 XXL"},"content":{"rendered":"<p>FEANDREA Stor kl\u00f6sst\u00e5ng Med en bottenyta p\u00e5 60 x 50 cm och en h\u00f6jd p\u00e5 206 cm kan du spara utrymme och samtidigt skapa en n\u00f6jespark f\u00f6r dina katter, s\u00e4rskilt f\u00f6r dem som \u00e4lskar h\u00f6jder. Slipa klorna, ta en tupplur, koppla av, str\u00e4cka p\u00e5 sig, leka&#8230; Varje katt har en favoritplats p\u00e5 v\u00e5r kl\u00f6sst\u00e5ng. Och din katt d\u00e5? I FEANDREAs kreativa verkst\u00e4der hoppar tv\u00e5 s\u00f6ta kattungar runt och granskar alla kl\u00f6sst\u00e4nger personligen och ger sin djuriska feedback. P\u00e5 s\u00e5 s\u00e4tt f\u00e5r FEANDREAs designers f\u00f6rstahandsinformation, eller snarare f\u00f6rstapawinformation, om produkterna uppfyller kraven fr\u00e5n de bortsk\u00e4mda morrh\u00e5riga v\u00e4nnerna.Din katt kommer att ha mycket roligt med detta kl\u00f6sstr\u00e4d: 206 cm h\u00f6gt, perfekt f\u00f6r katter som \u00e4lskar h\u00f6jder 1 h\u00e4ngmatta och 1 liggkorg f\u00f6r avkoppling 2 bekv\u00e4ma mysgrottor att g\u00f6mma sig i Sisalstammar och 1 kl\u00f6sramp f\u00f6r att v\u00e4ssa klorna 2 utsiktsplattformar f\u00f6r att observera 2 p\u00e4lsbollar f\u00f6r extra kul Produktdetaljer:F\u00e4rg: Ljusgr\u00e5 Material: Sp\u00e5nskiva, plysch, sisal Storlek: 60 x 50 x 206 cm (L x B x H) Vikt: 26,4 kg Leveransomfattning: 1 x kl\u00f6sst\u00e5ng 1 x tippskydd 1 x bruksanvisning (DE, EN, FR, ES, IT) FEANDREA Anm\u00e4rkningar:Om kattgrottan skadas, reparera eller byt ut den i tid f\u00f6r att undvika skador fr\u00e5n skadade delar. Om dina katter tuggar p\u00e5 p\u00e4lsbollen eller gummibandet, ta bort leksaken omedelbart och f\u00f6rvara den p\u00e5 en plats som \u00e4r o\u00e5tkomlig f\u00f6r din katt.<\/p>\n","protected":false},"excerpt":{"rendered":"<p>Feandrea kl\u00e4ttertr\u00e4d, h\u00f6gt, XL-kattkl\u00e4ttertr\u00e4d, 206 cm, r\u00f6kgr\u00e5 PCT190G01<\/p>\n","protected":false},"featured_media":0,"comment_status":"open","ping_status":"closed","template":"","meta":[],"product_brand":[],"product_cat":[33],"product_tag":[],"class_list":{"0":"post-18104","1":"product","2":"type-product","3":"status-publish","5":"product_cat-okategoriserad","7":"first","8":"instock","9":"shipping-taxable","10":"purchasable","11":"product-type-simple"},"_links":{"self":[{"href":"https:\/\/nordicmart.andreevmaster.com\/sv\/wp-json\/wp\/v2\/product\/18104","targetHints":{"allow":["GET"]}}],"collection":[{"href":"https:\/\/nordicmart.andreevmaster.com\/sv\/wp-json\/wp\/v2\/product"}],"about":[{"href":"https:\/\/nordicmart.andreevmaster.com\/sv\/wp-json\/wp\/v2\/types\/product"}],"replies":[{"embeddable":true,"href":"https:\/\/nordicmart.andreevmaster.com\/sv\/wp-json\/wp\/v2\/comments?post=18104"}],"wp:attachment":[{"href":"https:\/\/nordicmart.andreevmaster.com\/sv\/wp-json\/wp\/v2\/media?parent=18104"}],"wp:term":[{"taxonomy":"product_brand","embeddable":true,"href":"https:\/\/nordicmart.andreevmaster.com\/sv\/wp-json\/wp\/v2\/product_brand?post=18104"},{"taxonomy":"product_cat","embeddable":true,"href":"https:\/\/nordicmart.andreevmaster.com\/sv\/wp-json\/wp\/v2\/product_cat?post=18104"},{"taxonomy":"product_tag","embeddable":true,"href":"https:\/\/nordicmart.andreevmaster.com\/sv\/wp-json\/wp\/v2\/product_tag?post=18104"}],"curies":[{"name":"wp","href":"https:\/\/api.w.org\/{rel}","templated":true}]}}