{"id":18100,"date":"2026-02-27T00:38:07","date_gmt":"2026-02-27T00:38:07","guid":{"rendered":"https:\/\/nordicmart.andreevmaster.com\/product\/feandrea-klosstang-stor-206-cm-hog-flervaningskamelbrun\/"},"modified":"2026-02-27T08:27:02","modified_gmt":"2026-02-27T08:27:02","slug":"feandrea-klosstang-stor-206-cm-hog-flervaningskamelbrun","status":"publish","type":"product","link":"https:\/\/nordicmart.andreevmaster.com\/sv\/produkt\/feandrea-klosstang-stor-206-cm-hog-flervaningskamelbrun\/","title":{"rendered":"Feandrea kl\u00f6sst\u00e5ng stor 206 cm h\u00f6g flerv\u00e5ningskamelbrun"},"content":{"rendered":"<p>Feandrea kl\u00e4ttertr\u00e4d, h\u00f6gt, XL-kattkl\u00e4ttertr\u00e4d, 206 cm, r\u00f6kgr\u00e5 PCT190G01<br \/>\nF\u00e4rg: kamelbrun<br \/>\nMaterial: sp\u00e5nskiva, plysch, sisal<br \/>\nStorlek: 60 x 50 x 206 cm (L x B x H)<br \/>\nVikt: 23,5 kg<br \/>\nMax. statisk totalbelastning: 75 kg<\/p>\n","protected":false},"excerpt":{"rendered":"<p>Feandrea kl\u00e4ttertr\u00e4d, h\u00f6gt, XL-kattkl\u00e4ttertr\u00e4d, 206 cm, r\u00f6kgr\u00e5 PCT190G01<\/p>\n","protected":false},"featured_media":0,"comment_status":"open","ping_status":"closed","template":"","meta":[],"product_brand":[],"product_cat":[33],"product_tag":[],"class_list":{"0":"post-18100","1":"product","2":"type-product","3":"status-publish","5":"product_cat-okategoriserad","7":"first","8":"instock","9":"shipping-taxable","10":"purchasable","11":"product-type-simple"},"_links":{"self":[{"href":"https:\/\/nordicmart.andreevmaster.com\/sv\/wp-json\/wp\/v2\/product\/18100","targetHints":{"allow":["GET"]}}],"collection":[{"href":"https:\/\/nordicmart.andreevmaster.com\/sv\/wp-json\/wp\/v2\/product"}],"about":[{"href":"https:\/\/nordicmart.andreevmaster.com\/sv\/wp-json\/wp\/v2\/types\/product"}],"replies":[{"embeddable":true,"href":"https:\/\/nordicmart.andreevmaster.com\/sv\/wp-json\/wp\/v2\/comments?post=18100"}],"wp:attachment":[{"href":"https:\/\/nordicmart.andreevmaster.com\/sv\/wp-json\/wp\/v2\/media?parent=18100"}],"wp:term":[{"taxonomy":"product_brand","embeddable":true,"href":"https:\/\/nordicmart.andreevmaster.com\/sv\/wp-json\/wp\/v2\/product_brand?post=18100"},{"taxonomy":"product_cat","embeddable":true,"href":"https:\/\/nordicmart.andreevmaster.com\/sv\/wp-json\/wp\/v2\/product_cat?post=18100"},{"taxonomy":"product_tag","embeddable":true,"href":"https:\/\/nordicmart.andreevmaster.com\/sv\/wp-json\/wp\/v2\/product_tag?post=18100"}],"curies":[{"name":"wp","href":"https:\/\/api.w.org\/{rel}","templated":true}]}}