{"id":18097,"date":"2026-02-27T00:38:06","date_gmt":"2026-02-27T00:38:06","guid":{"rendered":"https:\/\/nordicmart.andreevmaster.com\/product\/feandrea-stor-kattklattertrad-172-cm\/"},"modified":"2026-02-27T08:27:02","modified_gmt":"2026-02-27T08:27:02","slug":"feandrea-stor-kattklattertrad-172-cm","status":"publish","type":"product","link":"https:\/\/nordicmart.andreevmaster.com\/sv\/produkt\/feandrea-stor-kattklattertrad-172-cm\/","title":{"rendered":"Feandrea Stor kattkl\u00e4ttertr\u00e4d 172 cm"},"content":{"rendered":"<p>En kl\u00e4ttertr\u00e4d med m\u00e5nga f\u00f6rdelar Kl\u00e4ttertornet ovan har klarat kattprovet. De tv\u00e5 stora mysgrottorna och de tre fluffiga utsiktsplattformarna var s\u00e4rskilt uppskattade. Men \u00e4ven kl\u00e4tterbr\u00e4dan i den nedre delen av kattleksaken var mycket popul\u00e4r. Dessutom k\u00e4nde sig de tv\u00e5 testarna trygga och hoppade utan r\u00e4dsla fr\u00e5n plattform till plattform. Den h\u00f6ga stabiliteten hos detta kl\u00e4ttertr\u00e4d s\u00e4kerst\u00e4lls framf\u00f6r allt av de tjocka sisalstammarna och den f\u00f6rst\u00e4rkta bottenplattan. Ett tippskydd medf\u00f6ljer ocks\u00e5. Produktdetaljer: &#8211; F\u00e4rg: Ljusgr\u00e5 &#8211; Material: Sp\u00e5nskiva, plysch, sisal &#8211; Storlek: 60 x 55 x 172 cm (L x B x H) &#8211; Vikt: 29,1 kg Leveransomfattning: &#8211; 1 x kl\u00f6sst\u00e5ng &#8211; 1 x bruksanvisning (DE, EN, FR, ES, IT) FEANDREA Anvisningar:- Placera kl\u00f6sstammen p\u00e5 en plan yta i ett h\u00f6rn av din bostad. &#8211; Placera inte produkten i en fuktig milj\u00f6. &#8211; H\u00e5ll barn borta fr\u00e5n denna artikel. De f\u00e5r varken kl\u00e4ttra p\u00e5 kl\u00f6sstammen eller leka med den. &#8211; Om din katt vill \u00e4ta p\u00e4lsbollarna eller det elastiska bandet, ta bort leksaken omedelbart.- Anv\u00e4nd tippskyddet f\u00f6r att f\u00e4sta produkten p\u00e5 v\u00e4ggen. &#8211; Om mysgrottan skulle vara skadad, kontakta oss omedelbart s\u00e5 att detta kl\u00f6sst\u00e4llningselement kan bytas ut eller s\u00e5 att en annan l\u00f6sning kan hittas. Skadade delar kan orsaka skador, s\u00e5 byt ut dem omedelbart.<\/p>\n","protected":false},"excerpt":{"rendered":"<p>Feandrea Kratzbaum stor, kattkl\u00e4ttertr\u00e4d med 3 mysiga utsiktsplattformar, kattleksak med 2 mysgrottor, tjocka sisalstammar, extra kl\u00f6sbr\u00e4da, stabil, 172 cm, r\u00f6kgr\u00e5 PCT18GYZ<\/p>\n","protected":false},"featured_media":45151,"comment_status":"open","ping_status":"closed","template":"","meta":[],"product_brand":[],"product_cat":[33],"product_tag":[],"class_list":{"0":"post-18097","1":"product","2":"type-product","3":"status-publish","4":"has-post-thumbnail","6":"product_cat-okategoriserad","8":"first","9":"instock","10":"shipping-taxable","11":"purchasable","12":"product-type-simple"},"_links":{"self":[{"href":"https:\/\/nordicmart.andreevmaster.com\/sv\/wp-json\/wp\/v2\/product\/18097","targetHints":{"allow":["GET"]}}],"collection":[{"href":"https:\/\/nordicmart.andreevmaster.com\/sv\/wp-json\/wp\/v2\/product"}],"about":[{"href":"https:\/\/nordicmart.andreevmaster.com\/sv\/wp-json\/wp\/v2\/types\/product"}],"replies":[{"embeddable":true,"href":"https:\/\/nordicmart.andreevmaster.com\/sv\/wp-json\/wp\/v2\/comments?post=18097"}],"wp:featuredmedia":[{"embeddable":true,"href":"https:\/\/nordicmart.andreevmaster.com\/sv\/wp-json\/wp\/v2\/media\/45151"}],"wp:attachment":[{"href":"https:\/\/nordicmart.andreevmaster.com\/sv\/wp-json\/wp\/v2\/media?parent=18097"}],"wp:term":[{"taxonomy":"product_brand","embeddable":true,"href":"https:\/\/nordicmart.andreevmaster.com\/sv\/wp-json\/wp\/v2\/product_brand?post=18097"},{"taxonomy":"product_cat","embeddable":true,"href":"https:\/\/nordicmart.andreevmaster.com\/sv\/wp-json\/wp\/v2\/product_cat?post=18097"},{"taxonomy":"product_tag","embeddable":true,"href":"https:\/\/nordicmart.andreevmaster.com\/sv\/wp-json\/wp\/v2\/product_tag?post=18097"}],"curies":[{"name":"wp","href":"https:\/\/api.w.org\/{rel}","templated":true}]}}