{"id":18096,"date":"2026-02-27T00:38:06","date_gmt":"2026-02-27T00:38:06","guid":{"rendered":"https:\/\/nordicmart.andreevmaster.com\/product\/feandrea-klattertrad-xxl-172-cm-rokgra\/"},"modified":"2026-02-27T08:27:02","modified_gmt":"2026-02-27T08:27:02","slug":"feandrea-klattertrad-xxl-172-cm-rokgra","status":"publish","type":"product","link":"https:\/\/nordicmart.andreevmaster.com\/sv\/produkt\/feandrea-klattertrad-xxl-172-cm-rokgra\/","title":{"rendered":"Feandrea kl\u00e4ttertr\u00e4d XXL 172 cm r\u00f6kgr\u00e5"},"content":{"rendered":"<p>I FEANDREAs kreativa verkst\u00e4der hoppar tv\u00e5 s\u00f6ta kattungar runt och granskar alla kl\u00f6sst\u00e4nger personligen och ger sin djuriska feedback. P\u00e5 s\u00e5 s\u00e4tt f\u00e5r FEANDREAs designers f\u00f6rstahandsinformation, eller snarare f\u00f6rstapawinformation, om produkterna uppfyller kraven fr\u00e5n de bortsk\u00e4mda morrh\u00e5riga v\u00e4nnerna. En kl\u00e4ttertr\u00e4d med m\u00e5nga f\u00f6rdelar Kl\u00e4ttertornet ovan har klarat kattens test. De tv\u00e5 stora mysgrottorna och de tre fluffiga utsiktsplattformarna var s\u00e4rskilt uppskattade. Men \u00e4ven kl\u00e4tterbr\u00e4dan i den nedre delen av kattleksaken var mycket popul\u00e4r. Dessutom k\u00e4nde sig de tv\u00e5 testarna trygga och hoppade utan r\u00e4dsla fr\u00e5n plattform till plattform. Den h\u00f6ga stabiliteten hos denna kl\u00e4ttertr\u00e4d s\u00e4kerst\u00e4lls framf\u00f6r allt av de tjocka sisalstammarna och den f\u00f6rst\u00e4rkta bottenplattan. Ett tippskydd medf\u00f6ljer ocks\u00e5. Testa vilken del av v\u00e5rt kl\u00f6sbord din katt kommer att \u00e4lska och dela testresultatet f\u00f6r din favorit med andra djurv\u00e4nner i kommentarerna. Produktdetaljer: &#8211; F\u00e4rg: R\u00f6kgr\u00e5 &#8211; Material: CARB-certifierad sp\u00e5nskiva, plysch, sisal &#8211; Storlek: 60 x 55 x 172 cm (B x D x H) &#8211; Vikt: 29,1 kg Leveransomfattning: &#8211; 1 x kl\u00f6sst\u00e5ng &#8211; 1 x bruksanvisning (DE, EN, FR, ES, IT) FEANDREA Anvisningar: &#8211; Placera kl\u00f6sst\u00e5ngen p\u00e5 en plan yta i ett h\u00f6rn av din bostad. &#8211; Placera inte produkten i en fuktig milj\u00f6. &#8211; H\u00e5ll barn borta fr\u00e5n denna artikel. De f\u00e5r varken kl\u00e4ttra p\u00e5 kl\u00f6sstammen eller leka med den. &#8211; Om din katt vill \u00e4ta p\u00e4lsbollarna eller det elastiska bandet, ta bort leksaken omedelbart. &#8211; Anv\u00e4nd tippskyddet f\u00f6r att f\u00e4sta produkten p\u00e5 v\u00e4ggen.<\/p>\n","protected":false},"excerpt":{"rendered":"<p>Feandrea Kratzbaum stor, kattkl\u00e4ttertr\u00e4d med 3 mysiga utsiktsplattformar, kattleksak med 2 mysgrottor, tjocka sisalstammar, extra kl\u00f6sbr\u00e4da, stabil, 172 cm, r\u00f6kgr\u00e5 PCT18GYZ<\/p>\n","protected":false},"featured_media":45150,"comment_status":"open","ping_status":"closed","template":"","meta":[],"product_brand":[],"product_cat":[33],"product_tag":[],"class_list":{"0":"post-18096","1":"product","2":"type-product","3":"status-publish","4":"has-post-thumbnail","6":"product_cat-okategoriserad","8":"first","9":"instock","10":"shipping-taxable","11":"purchasable","12":"product-type-simple"},"_links":{"self":[{"href":"https:\/\/nordicmart.andreevmaster.com\/sv\/wp-json\/wp\/v2\/product\/18096","targetHints":{"allow":["GET"]}}],"collection":[{"href":"https:\/\/nordicmart.andreevmaster.com\/sv\/wp-json\/wp\/v2\/product"}],"about":[{"href":"https:\/\/nordicmart.andreevmaster.com\/sv\/wp-json\/wp\/v2\/types\/product"}],"replies":[{"embeddable":true,"href":"https:\/\/nordicmart.andreevmaster.com\/sv\/wp-json\/wp\/v2\/comments?post=18096"}],"wp:featuredmedia":[{"embeddable":true,"href":"https:\/\/nordicmart.andreevmaster.com\/sv\/wp-json\/wp\/v2\/media\/45150"}],"wp:attachment":[{"href":"https:\/\/nordicmart.andreevmaster.com\/sv\/wp-json\/wp\/v2\/media?parent=18096"}],"wp:term":[{"taxonomy":"product_brand","embeddable":true,"href":"https:\/\/nordicmart.andreevmaster.com\/sv\/wp-json\/wp\/v2\/product_brand?post=18096"},{"taxonomy":"product_cat","embeddable":true,"href":"https:\/\/nordicmart.andreevmaster.com\/sv\/wp-json\/wp\/v2\/product_cat?post=18096"},{"taxonomy":"product_tag","embeddable":true,"href":"https:\/\/nordicmart.andreevmaster.com\/sv\/wp-json\/wp\/v2\/product_tag?post=18096"}],"curies":[{"name":"wp","href":"https:\/\/api.w.org\/{rel}","templated":true}]}}