{"id":18095,"date":"2026-02-27T00:38:06","date_gmt":"2026-02-27T00:38:06","guid":{"rendered":"https:\/\/nordicmart.andreevmaster.com\/product\/feandrea-klosstang-1907-cm-hog-med-2-grottor-och-2-liggplatser-sandbeige\/"},"modified":"2026-02-27T08:27:02","modified_gmt":"2026-02-27T08:27:02","slug":"feandrea-klosstang-1907-cm-hog-med-2-grottor-och-2-liggplatser-sandbeige","status":"publish","type":"product","link":"https:\/\/nordicmart.andreevmaster.com\/sv\/produkt\/feandrea-klosstang-1907-cm-hog-med-2-grottor-och-2-liggplatser-sandbeige\/","title":{"rendered":"Feandrea kl\u00f6sst\u00e5ng 190,7 cm h\u00f6g med 2 grottor och 2 liggplatser sandbeige"},"content":{"rendered":"<p>Feandrea kl\u00e4ttertr\u00e4d, 175 cm h\u00f6gt, XL, flerv\u00e5ningskl\u00e4ttertr\u00e4d med 2 grottor, 2 liggplatser, 5 kl\u00f6sstolpar, kattborste, stor plattform, duvgr\u00e5 PCT182G01<br \/>\nF\u00e4rg: Sandbeige<br \/>\nMaterial: Sp\u00e5nskiva, 500 g\/m\u00b2 plysch, sisal<br \/>\nStorlek: 59 x 48 x 190,7 cm (L x B x H)<br \/>\nVikt: 19,5 kg<\/p>\n","protected":false},"excerpt":{"rendered":"<p>Feandrea kl\u00e4ttertr\u00e4d, 175 cm h\u00f6gt, XL, flerv\u00e5ningskl\u00e4ttertr\u00e4d med 2 grottor, 2 liggplatser, 5 kl\u00f6sstolpar, kattborste, stor plattform, duvgr\u00e5 PCT182G01<\/p>\n","protected":false},"featured_media":0,"comment_status":"open","ping_status":"closed","template":"","meta":[],"product_brand":[],"product_cat":[33],"product_tag":[],"class_list":{"0":"post-18095","1":"product","2":"type-product","3":"status-publish","5":"product_cat-okategoriserad","7":"first","8":"instock","9":"shipping-taxable","10":"purchasable","11":"product-type-simple"},"_links":{"self":[{"href":"https:\/\/nordicmart.andreevmaster.com\/sv\/wp-json\/wp\/v2\/product\/18095","targetHints":{"allow":["GET"]}}],"collection":[{"href":"https:\/\/nordicmart.andreevmaster.com\/sv\/wp-json\/wp\/v2\/product"}],"about":[{"href":"https:\/\/nordicmart.andreevmaster.com\/sv\/wp-json\/wp\/v2\/types\/product"}],"replies":[{"embeddable":true,"href":"https:\/\/nordicmart.andreevmaster.com\/sv\/wp-json\/wp\/v2\/comments?post=18095"}],"wp:attachment":[{"href":"https:\/\/nordicmart.andreevmaster.com\/sv\/wp-json\/wp\/v2\/media?parent=18095"}],"wp:term":[{"taxonomy":"product_brand","embeddable":true,"href":"https:\/\/nordicmart.andreevmaster.com\/sv\/wp-json\/wp\/v2\/product_brand?post=18095"},{"taxonomy":"product_cat","embeddable":true,"href":"https:\/\/nordicmart.andreevmaster.com\/sv\/wp-json\/wp\/v2\/product_cat?post=18095"},{"taxonomy":"product_tag","embeddable":true,"href":"https:\/\/nordicmart.andreevmaster.com\/sv\/wp-json\/wp\/v2\/product_tag?post=18095"}],"curies":[{"name":"wp","href":"https:\/\/api.w.org\/{rel}","templated":true}]}}