{"id":18087,"date":"2026-02-27T00:38:03","date_gmt":"2026-02-27T00:38:03","guid":{"rendered":"https:\/\/nordicmart.andreevmaster.com\/product\/feandrea-klattertrad-xxl-165-cm-rokgra\/"},"modified":"2026-02-27T08:27:00","modified_gmt":"2026-02-27T08:27:00","slug":"feandrea-klattertrad-xxl-165-cm-rokgra","status":"publish","type":"product","link":"https:\/\/nordicmart.andreevmaster.com\/sv\/produkt\/feandrea-klattertrad-xxl-165-cm-rokgra\/","title":{"rendered":"Feandrea kl\u00e4ttertr\u00e4d XXL 165 cm r\u00f6kgr\u00e5"},"content":{"rendered":"<p>Produktbeskrivning: Songmics kl\u00f6sst\u00e5ng f\u00f6r katter kombinerar h\u00f6g kvalitet och m\u00e5ngsidighet och erbjuder olika lekytor och leksaker tack vare bottenplattan av h\u00f6gkvalitativ sp\u00e5nskiva. Alla stammar \u00e4r lindade med sisal s\u00e5 att dina katter kan kl\u00f6sa p\u00e5 dem hur de vill. Den lyxiga kattgrottan erbjuder en stor, ost\u00f6rd viloplats. Dessutom kan bollarna ge dina katter mycket n\u00f6je. Med den robusta bottenplattan och det medf\u00f6ljande tippskyddsbandet \u00f6vertygar kattr\u00e4det med sin stabilitet och h\u00e5llbarhet. Med kl\u00f6sr\u00e4det kan dina katter uppleva gl\u00e4djen att kl\u00e4ttra i tr\u00e4d hemma.Produktdetaljer: F\u00e4rg: r\u00f6kgr\u00e5 Material: h\u00f6gkvalitativ sp\u00e5nskiva, plysch, sisal, f\u00f6rst\u00e4rkt h\u00e5rdpappersrulle M\u00e5tt: 100 x 165 x 90 (B x H x D) Nettovikt: 21,8 kg Leveransomfattning: 1 x kl\u00f6sst\u00e5ng 1 x bruksanvisning (DE, EN, FR, IT, ES) Anvisningar: H\u00e5ll kl\u00f6sstammen parallellt med golvet och placera den i ett h\u00f6rn. Anv\u00e4nd inte kl\u00f6sstammen i fuktiga milj\u00f6er. Produkten \u00e4r inte en leksak f\u00f6r m\u00e4nniskor, undvik att barn kl\u00e4ttrar p\u00e5 den eller leker med den. Som ett led i optimeringen av v\u00e5rt varum\u00e4rke har vi ersatt gamla f\u00f6rpackningar med nya. Dessa v\u00e4ljs slumpm\u00e4ssigt f\u00f6r leverans av respektive produkt, s\u00e5 det kan h\u00e4nda att du f\u00e5r en f\u00f6r\u00e5ldrad f\u00f6rpackningsversion. Produkten i sig \u00e4r dock naturligtvis den senaste versionen. Genom att st\u00e4ndigt vidareutveckla v\u00e5rt varum\u00e4rke vill vi kontinuerligt f\u00f6rb\u00e4ttra din shoppingupplevelse. <\/p>\n","protected":false},"excerpt":{"rendered":"<p>Feandrea XXL kl\u00e4ttertr\u00e4d med flera niv\u00e5er f\u00f6r katter, h\u00f6jd 165 cm, r\u00f6kgr\u00e5 PCT17G<\/p>\n","protected":false},"featured_media":45149,"comment_status":"open","ping_status":"closed","template":"","meta":[],"product_brand":[],"product_cat":[33],"product_tag":[],"class_list":{"0":"post-18087","1":"product","2":"type-product","3":"status-publish","4":"has-post-thumbnail","6":"product_cat-okategoriserad","8":"first","9":"instock","10":"shipping-taxable","11":"purchasable","12":"product-type-simple"},"_links":{"self":[{"href":"https:\/\/nordicmart.andreevmaster.com\/sv\/wp-json\/wp\/v2\/product\/18087","targetHints":{"allow":["GET"]}}],"collection":[{"href":"https:\/\/nordicmart.andreevmaster.com\/sv\/wp-json\/wp\/v2\/product"}],"about":[{"href":"https:\/\/nordicmart.andreevmaster.com\/sv\/wp-json\/wp\/v2\/types\/product"}],"replies":[{"embeddable":true,"href":"https:\/\/nordicmart.andreevmaster.com\/sv\/wp-json\/wp\/v2\/comments?post=18087"}],"wp:featuredmedia":[{"embeddable":true,"href":"https:\/\/nordicmart.andreevmaster.com\/sv\/wp-json\/wp\/v2\/media\/45149"}],"wp:attachment":[{"href":"https:\/\/nordicmart.andreevmaster.com\/sv\/wp-json\/wp\/v2\/media?parent=18087"}],"wp:term":[{"taxonomy":"product_brand","embeddable":true,"href":"https:\/\/nordicmart.andreevmaster.com\/sv\/wp-json\/wp\/v2\/product_brand?post=18087"},{"taxonomy":"product_cat","embeddable":true,"href":"https:\/\/nordicmart.andreevmaster.com\/sv\/wp-json\/wp\/v2\/product_cat?post=18087"},{"taxonomy":"product_tag","embeddable":true,"href":"https:\/\/nordicmart.andreevmaster.com\/sv\/wp-json\/wp\/v2\/product_tag?post=18087"}],"curies":[{"name":"wp","href":"https:\/\/api.w.org\/{rel}","templated":true}]}}