{"id":18086,"date":"2026-02-27T00:38:03","date_gmt":"2026-02-27T00:38:03","guid":{"rendered":"https:\/\/nordicmart.andreevmaster.com\/product\/feandrea-klattertrad-170-cm-hogt-med-kattlada-greige-melerad\/"},"modified":"2026-02-27T08:27:00","modified_gmt":"2026-02-27T08:27:00","slug":"feandrea-klattertrad-170-cm-hogt-med-kattlada-greige-melerad","status":"publish","type":"product","link":"https:\/\/nordicmart.andreevmaster.com\/sv\/produkt\/feandrea-klattertrad-170-cm-hogt-med-kattlada-greige-melerad\/","title":{"rendered":"Feandrea kl\u00e4ttertr\u00e4d 170 cm h\u00f6gt med kattl\u00e5da, greige melerad"},"content":{"rendered":"<p>Feandrea kl\u00e4ttertr\u00e4d, 170 cm h\u00f6gt, flerv\u00e5ningskl\u00e4ttertr\u00e4d f\u00f6r katter, stor grotta, liggplats, kl\u00e4tterstammar, plyschbollar, kattl\u00e5da, vintagebrunt PCT169K01<br \/>\nF\u00e4rg: Greige melerad<br \/>\nMaterial: Sp\u00e5nskiva, 500 g\/m\u00b2 plysch, sisal, rostfritt st\u00e5l 304<br \/>\nStorlek: 80 x 49 x 170 cm (L x B x H)<br \/>\nVikt: 28,6 kg<\/p>\n","protected":false},"excerpt":{"rendered":"<p>Feandrea kl\u00e4ttertr\u00e4d, 170 cm h\u00f6gt, flerv\u00e5ningskl\u00e4ttertr\u00e4d f\u00f6r katter, stor grotta, liggplats, kl\u00e4tterstammar, plyschbollar, kattl\u00e5da, vintagebrunt PCT169K01<\/p>\n","protected":false},"featured_media":0,"comment_status":"open","ping_status":"closed","template":"","meta":[],"product_brand":[],"product_cat":[33],"product_tag":[],"class_list":{"0":"post-18086","1":"product","2":"type-product","3":"status-publish","5":"product_cat-okategoriserad","7":"first","8":"instock","9":"shipping-taxable","10":"purchasable","11":"product-type-simple"},"_links":{"self":[{"href":"https:\/\/nordicmart.andreevmaster.com\/sv\/wp-json\/wp\/v2\/product\/18086","targetHints":{"allow":["GET"]}}],"collection":[{"href":"https:\/\/nordicmart.andreevmaster.com\/sv\/wp-json\/wp\/v2\/product"}],"about":[{"href":"https:\/\/nordicmart.andreevmaster.com\/sv\/wp-json\/wp\/v2\/types\/product"}],"replies":[{"embeddable":true,"href":"https:\/\/nordicmart.andreevmaster.com\/sv\/wp-json\/wp\/v2\/comments?post=18086"}],"wp:attachment":[{"href":"https:\/\/nordicmart.andreevmaster.com\/sv\/wp-json\/wp\/v2\/media?parent=18086"}],"wp:term":[{"taxonomy":"product_brand","embeddable":true,"href":"https:\/\/nordicmart.andreevmaster.com\/sv\/wp-json\/wp\/v2\/product_brand?post=18086"},{"taxonomy":"product_cat","embeddable":true,"href":"https:\/\/nordicmart.andreevmaster.com\/sv\/wp-json\/wp\/v2\/product_cat?post=18086"},{"taxonomy":"product_tag","embeddable":true,"href":"https:\/\/nordicmart.andreevmaster.com\/sv\/wp-json\/wp\/v2\/product_tag?post=18086"}],"curies":[{"name":"wp","href":"https:\/\/api.w.org\/{rel}","templated":true}]}}