{"id":18083,"date":"2026-02-27T00:38:02","date_gmt":"2026-02-27T00:38:02","guid":{"rendered":"https:\/\/nordicmart.andreevmaster.com\/product\/feandrea-klosstativ-165-cm-med-klosstolpar-molnvit\/"},"modified":"2026-02-27T08:26:59","modified_gmt":"2026-02-27T08:26:59","slug":"feandrea-klosstativ-165-cm-med-klosstolpar-molnvit","status":"publish","type":"product","link":"https:\/\/nordicmart.andreevmaster.com\/sv\/produkt\/feandrea-klosstativ-165-cm-med-klosstolpar-molnvit\/","title":{"rendered":"Feandrea kl\u00f6sstativ 165 cm med kl\u00f6sstolpar molnvit"},"content":{"rendered":"<p>Feandrea kl\u00e4ttertr\u00e4d, 165 cm modernt kattorn, kattbostad med 5 kl\u00e4ttertr\u00e4d, tv\u00e4ttbara avtagbara kuddar, sittpinne, kattgrotta, kattm\u00f6bler f\u00f6r inomhuskatter, vintagebrun PCT166X01<br \/>\nF\u00e4rg: Molnvit<br \/>\nMaterial: Sp\u00e5nskiva, 500 g\/m\u00b2 plysch, sisal<br \/>\nStorlek: 58 x 40 x 165 cm (L x B x H)<br \/>\nVikt: 14,4 kg<\/p>\n","protected":false},"excerpt":{"rendered":"<p>Feandrea kl\u00e4ttertr\u00e4d, 165 cm modernt kattorn, kattbostad med 5 kl\u00e4ttertr\u00e4d, tv\u00e4ttbara avtagbara kuddar, sittpinne, kattgrotta, kattm\u00f6bler f\u00f6r inomhuskatter, vintagebrun PCT166X01<\/p>\n","protected":false},"featured_media":45148,"comment_status":"open","ping_status":"closed","template":"","meta":[],"product_brand":[],"product_cat":[33],"product_tag":[],"class_list":{"0":"post-18083","1":"product","2":"type-product","3":"status-publish","4":"has-post-thumbnail","6":"product_cat-okategoriserad","8":"first","9":"instock","10":"shipping-taxable","11":"purchasable","12":"product-type-simple"},"_links":{"self":[{"href":"https:\/\/nordicmart.andreevmaster.com\/sv\/wp-json\/wp\/v2\/product\/18083","targetHints":{"allow":["GET"]}}],"collection":[{"href":"https:\/\/nordicmart.andreevmaster.com\/sv\/wp-json\/wp\/v2\/product"}],"about":[{"href":"https:\/\/nordicmart.andreevmaster.com\/sv\/wp-json\/wp\/v2\/types\/product"}],"replies":[{"embeddable":true,"href":"https:\/\/nordicmart.andreevmaster.com\/sv\/wp-json\/wp\/v2\/comments?post=18083"}],"wp:featuredmedia":[{"embeddable":true,"href":"https:\/\/nordicmart.andreevmaster.com\/sv\/wp-json\/wp\/v2\/media\/45148"}],"wp:attachment":[{"href":"https:\/\/nordicmart.andreevmaster.com\/sv\/wp-json\/wp\/v2\/media?parent=18083"}],"wp:term":[{"taxonomy":"product_brand","embeddable":true,"href":"https:\/\/nordicmart.andreevmaster.com\/sv\/wp-json\/wp\/v2\/product_brand?post=18083"},{"taxonomy":"product_cat","embeddable":true,"href":"https:\/\/nordicmart.andreevmaster.com\/sv\/wp-json\/wp\/v2\/product_cat?post=18083"},{"taxonomy":"product_tag","embeddable":true,"href":"https:\/\/nordicmart.andreevmaster.com\/sv\/wp-json\/wp\/v2\/product_tag?post=18083"}],"curies":[{"name":"wp","href":"https:\/\/api.w.org\/{rel}","templated":true}]}}