{"id":18078,"date":"2026-02-27T00:38:01","date_gmt":"2026-02-27T00:38:01","guid":{"rendered":"https:\/\/nordicmart.andreevmaster.com\/product\/feandrea-klosstativ-stort-med-13-klosstolpar-flervanings-pastellrosa\/"},"modified":"2026-02-27T08:26:58","modified_gmt":"2026-02-27T08:26:58","slug":"feandrea-klosstativ-stort-med-13-klosstolpar-flervanings-pastellrosa","status":"publish","type":"product","link":"https:\/\/nordicmart.andreevmaster.com\/sv\/produkt\/feandrea-klosstativ-stort-med-13-klosstolpar-flervanings-pastellrosa\/","title":{"rendered":"Feandrea kl\u00f6sstativ stort med 13 kl\u00f6sstolpar, flerv\u00e5nings, pastellrosa"},"content":{"rendered":"<p>Feandrea kl\u00e4ttertr\u00e4d stort, 168 cm h\u00f6gt, M kattkl\u00e4ttertr\u00e4d, med 13 kl\u00e4tterst\u00e4nger, 2 plattformar, 2 grottor, korg, h\u00e4ngmatta, plyschbollar, flerv\u00e5nings kattkl\u00e4ttertr\u00e4d, r\u00f6kgr\u00e5tt PCT165G01<br \/>\nF\u00e4rg: Pastellrosa<br \/>\nMaterial: sp\u00e5nskiva, plysch, sisal<br \/>\nStorlek: 55 x 45 x 168 cm (L x B x H)<br \/>\nVikt: 18,4 kg<br \/>\nMax. statisk totalbelastning: 65 kg<\/p>\n","protected":false},"excerpt":{"rendered":"<p>Feandrea kl\u00e4ttertr\u00e4d stort, 168 cm h\u00f6gt, M kattkl\u00e4ttertr\u00e4d, med 13 kl\u00e4tterst\u00e4nger, 2 plattformar, 2 grottor, korg, h\u00e4ngmatta, plyschbollar, flerv\u00e5nings kattkl\u00e4ttertr\u00e4d, r\u00f6kgr\u00e5tt PCT165G01<\/p>\n","protected":false},"featured_media":45144,"comment_status":"open","ping_status":"closed","template":"","meta":[],"product_brand":[],"product_cat":[33],"product_tag":[],"class_list":{"0":"post-18078","1":"product","2":"type-product","3":"status-publish","4":"has-post-thumbnail","6":"product_cat-okategoriserad","8":"first","9":"instock","10":"shipping-taxable","11":"purchasable","12":"product-type-simple"},"_links":{"self":[{"href":"https:\/\/nordicmart.andreevmaster.com\/sv\/wp-json\/wp\/v2\/product\/18078","targetHints":{"allow":["GET"]}}],"collection":[{"href":"https:\/\/nordicmart.andreevmaster.com\/sv\/wp-json\/wp\/v2\/product"}],"about":[{"href":"https:\/\/nordicmart.andreevmaster.com\/sv\/wp-json\/wp\/v2\/types\/product"}],"replies":[{"embeddable":true,"href":"https:\/\/nordicmart.andreevmaster.com\/sv\/wp-json\/wp\/v2\/comments?post=18078"}],"wp:featuredmedia":[{"embeddable":true,"href":"https:\/\/nordicmart.andreevmaster.com\/sv\/wp-json\/wp\/v2\/media\/45144"}],"wp:attachment":[{"href":"https:\/\/nordicmart.andreevmaster.com\/sv\/wp-json\/wp\/v2\/media?parent=18078"}],"wp:term":[{"taxonomy":"product_brand","embeddable":true,"href":"https:\/\/nordicmart.andreevmaster.com\/sv\/wp-json\/wp\/v2\/product_brand?post=18078"},{"taxonomy":"product_cat","embeddable":true,"href":"https:\/\/nordicmart.andreevmaster.com\/sv\/wp-json\/wp\/v2\/product_cat?post=18078"},{"taxonomy":"product_tag","embeddable":true,"href":"https:\/\/nordicmart.andreevmaster.com\/sv\/wp-json\/wp\/v2\/product_tag?post=18078"}],"curies":[{"name":"wp","href":"https:\/\/api.w.org\/{rel}","templated":true}]}}