{"id":18077,"date":"2026-02-27T00:38:00","date_gmt":"2026-02-27T00:38:00","guid":{"rendered":"https:\/\/nordicmart.andreevmaster.com\/product\/feandrea-klattertrad-stort-2-plattformar-plyschbollar-beige\/"},"modified":"2026-02-27T08:26:57","modified_gmt":"2026-02-27T08:26:57","slug":"feandrea-klattertrad-stort-2-plattformar-plyschbollar-beige","status":"publish","type":"product","link":"https:\/\/nordicmart.andreevmaster.com\/sv\/produkt\/feandrea-klattertrad-stort-2-plattformar-plyschbollar-beige\/","title":{"rendered":"Feandrea kl\u00e4ttertr\u00e4d stort 2 plattformar plyschbollar beige"},"content":{"rendered":"<p>Feandrea kl\u00e4ttertr\u00e4d stort, 168 cm h\u00f6gt, M kattkl\u00e4ttertr\u00e4d, med 13 kl\u00e4tterst\u00e4nger, 2 plattformar, 2 grottor, korg, h\u00e4ngmatta, plyschbollar, flerv\u00e5nings kattkl\u00e4ttertr\u00e4d, r\u00f6kgr\u00e5tt PCT165G01<br \/>\nF\u00e4rg: Beige<br \/>\nMaterial: Sp\u00e5nskiva, plysch, sisal<br \/>\nStorlek: 55 x 45 x 168 cm (L x B x H)<br \/>\nVikt: 18,4 kg<br \/>\nMax. statisk totalbelastning: 65 kg<\/p>\n","protected":false},"excerpt":{"rendered":"<p>Feandrea kl\u00e4ttertr\u00e4d stort, 168 cm h\u00f6gt, M kattkl\u00e4ttertr\u00e4d, med 13 kl\u00e4tterst\u00e4nger, 2 plattformar, 2 grottor, korg, h\u00e4ngmatta, plyschbollar, flerv\u00e5nings kattkl\u00e4ttertr\u00e4d, r\u00f6kgr\u00e5tt PCT165G01<\/p>\n","protected":false},"featured_media":0,"comment_status":"open","ping_status":"closed","template":"","meta":[],"product_brand":[],"product_cat":[33],"product_tag":[],"class_list":{"0":"post-18077","1":"product","2":"type-product","3":"status-publish","5":"product_cat-okategoriserad","7":"first","8":"instock","9":"shipping-taxable","10":"purchasable","11":"product-type-simple"},"_links":{"self":[{"href":"https:\/\/nordicmart.andreevmaster.com\/sv\/wp-json\/wp\/v2\/product\/18077","targetHints":{"allow":["GET"]}}],"collection":[{"href":"https:\/\/nordicmart.andreevmaster.com\/sv\/wp-json\/wp\/v2\/product"}],"about":[{"href":"https:\/\/nordicmart.andreevmaster.com\/sv\/wp-json\/wp\/v2\/types\/product"}],"replies":[{"embeddable":true,"href":"https:\/\/nordicmart.andreevmaster.com\/sv\/wp-json\/wp\/v2\/comments?post=18077"}],"wp:attachment":[{"href":"https:\/\/nordicmart.andreevmaster.com\/sv\/wp-json\/wp\/v2\/media?parent=18077"}],"wp:term":[{"taxonomy":"product_brand","embeddable":true,"href":"https:\/\/nordicmart.andreevmaster.com\/sv\/wp-json\/wp\/v2\/product_brand?post=18077"},{"taxonomy":"product_cat","embeddable":true,"href":"https:\/\/nordicmart.andreevmaster.com\/sv\/wp-json\/wp\/v2\/product_cat?post=18077"},{"taxonomy":"product_tag","embeddable":true,"href":"https:\/\/nordicmart.andreevmaster.com\/sv\/wp-json\/wp\/v2\/product_tag?post=18077"}],"curies":[{"name":"wp","href":"https:\/\/api.w.org\/{rel}","templated":true}]}}