{"id":18076,"date":"2026-02-27T00:38:00","date_gmt":"2026-02-27T00:38:00","guid":{"rendered":"https:\/\/nordicmart.andreevmaster.com\/product\/feandrea-klattertrad-168-cm-med-2-grottor\/"},"modified":"2026-02-27T08:26:57","modified_gmt":"2026-02-27T08:26:57","slug":"feandrea-klattertrad-168-cm-med-2-grottor","status":"publish","type":"product","link":"https:\/\/nordicmart.andreevmaster.com\/sv\/produkt\/feandrea-klattertrad-168-cm-med-2-grottor\/","title":{"rendered":"Feandrea kl\u00e4ttertr\u00e4d 168 cm med 2 grottor"},"content":{"rendered":"<p>Varf\u00f6r ska du v\u00e4lja denna flerv\u00e5ningskl\u00f6sst\u00e5ng f\u00f6r katter? &#8211; S\u00e4kerheten f\u00f6rst: H\u00f6gkvalitativa material, en f\u00f6rst\u00e4rkt bas och ett tippskydd garanterar stabilitet och s\u00e4kerhet s\u00e5 att dina katter kan leka tryggt. &#8211; Komfort hela v\u00e4gen: Hela kl\u00f6sst\u00e5ngen \u00e4r kl\u00e4dd med mjuk plysch som ger en behaglig k\u00e4nsla. &#8211; Kul f\u00f6r alla: Med 2 pomponger, ett lekrep, 2 grottor, en korg och en h\u00e4ngmatta kommer dina katter aldrig att ha tr\u00e5kigt p\u00e5 detta kl\u00f6sstativ. &#8211; Skyddar din soffa: 13 kl\u00f6sstolpar och 1 kl\u00f6sramp underh\u00e5ller de rastl\u00f6sa klorna och f\u00f6rhindrar att de f\u00f6rst\u00f6r dina m\u00f6bler. &#8211; Passar \u00e4ven kattungar och \u00e4ldre katter: B\u00e5de den flerstegsdesignen och rampen underl\u00e4ttar kl\u00e4ttring upp och ner. Produktdetaljer: &#8211; F\u00e4rg: R\u00f6kgr\u00e5 &#8211; Material: Sp\u00e5nskiva, plysch, sisal &#8211; Storlek: 55 x 45 x 168 cm (L x B x H) &#8211; Vikt: 18,4 kg &#8211; Max. statisk totalbelastning: 65 kg Leveransomfattning: &#8211; 1 x kl\u00f6sst\u00e5ng &#8211; 1 x tippskydd &#8211; 1 x tillbeh\u00f6rspaket &#8211; 1 x bruksanvisning FEANDREA Anm\u00e4rkningar:- Om din katt b\u00f6rjar tugga p\u00e5 eller \u00e4ta pomponen eller gummibandet, ta bort leksaken och f\u00f6rvara den utom r\u00e4ckh\u00e5ll f\u00f6r din katt under en tid. &#8211; Om kattgrottan repas och skadas, reparera eller byt ut den innan du forts\u00e4tter att anv\u00e4nda den f\u00f6r att minimera risken f\u00f6r skador p\u00e5 din katt.- Eftersom katter gillar att hoppa och leka, f\u00e4st produkten p\u00e5 v\u00e4ggen med det medf\u00f6ljande tippskyddet f\u00f6r att s\u00e4kerst\u00e4lla n\u00f6dv\u00e4ndig stabilitet.<\/p>\n","protected":false},"excerpt":{"rendered":"<p>Feandrea kl\u00e4ttertr\u00e4d stort, 168 cm h\u00f6gt, M kattkl\u00e4ttertr\u00e4d, med 13 kl\u00e4tterst\u00e4nger, 2 plattformar, 2 grottor, korg, h\u00e4ngmatta, plyschbollar, flerv\u00e5nings kattkl\u00e4ttertr\u00e4d, r\u00f6kgr\u00e5tt PCT165G01<\/p>\n","protected":false},"featured_media":45143,"comment_status":"open","ping_status":"closed","template":"","meta":[],"product_brand":[],"product_cat":[33],"product_tag":[],"class_list":{"0":"post-18076","1":"product","2":"type-product","3":"status-publish","4":"has-post-thumbnail","6":"product_cat-okategoriserad","8":"first","9":"instock","10":"shipping-taxable","11":"purchasable","12":"product-type-simple"},"_links":{"self":[{"href":"https:\/\/nordicmart.andreevmaster.com\/sv\/wp-json\/wp\/v2\/product\/18076","targetHints":{"allow":["GET"]}}],"collection":[{"href":"https:\/\/nordicmart.andreevmaster.com\/sv\/wp-json\/wp\/v2\/product"}],"about":[{"href":"https:\/\/nordicmart.andreevmaster.com\/sv\/wp-json\/wp\/v2\/types\/product"}],"replies":[{"embeddable":true,"href":"https:\/\/nordicmart.andreevmaster.com\/sv\/wp-json\/wp\/v2\/comments?post=18076"}],"wp:featuredmedia":[{"embeddable":true,"href":"https:\/\/nordicmart.andreevmaster.com\/sv\/wp-json\/wp\/v2\/media\/45143"}],"wp:attachment":[{"href":"https:\/\/nordicmart.andreevmaster.com\/sv\/wp-json\/wp\/v2\/media?parent=18076"}],"wp:term":[{"taxonomy":"product_brand","embeddable":true,"href":"https:\/\/nordicmart.andreevmaster.com\/sv\/wp-json\/wp\/v2\/product_brand?post=18076"},{"taxonomy":"product_cat","embeddable":true,"href":"https:\/\/nordicmart.andreevmaster.com\/sv\/wp-json\/wp\/v2\/product_cat?post=18076"},{"taxonomy":"product_tag","embeddable":true,"href":"https:\/\/nordicmart.andreevmaster.com\/sv\/wp-json\/wp\/v2\/product_tag?post=18076"}],"curies":[{"name":"wp","href":"https:\/\/api.w.org\/{rel}","templated":true}]}}