{"id":18072,"date":"2026-02-27T00:37:59","date_gmt":"2026-02-27T00:37:59","guid":{"rendered":"https:\/\/nordicmart.andreevmaster.com\/product\/feandrea-kattklattertrad-138-cm-med-plattformar\/"},"modified":"2026-02-27T08:26:56","modified_gmt":"2026-02-27T08:26:56","slug":"feandrea-kattklattertrad-138-cm-med-plattformar","status":"publish","type":"product","link":"https:\/\/nordicmart.andreevmaster.com\/sv\/produkt\/feandrea-kattklattertrad-138-cm-med-plattformar\/","title":{"rendered":"Feandrea kattkl\u00e4ttertr\u00e4d 138 cm med plattformar"},"content":{"rendered":"<p>Varf\u00f6r ska du v\u00e4lja denna FEANDREA kl\u00f6sst\u00e5ng? En riktig blickf\u00e5ngare: Tack vare den gr\u00e5beige ytan passar denna kl\u00f6sst\u00e5ng bra in i din inredning. Stabil, s\u00e4ker, h\u00e5llbar: H\u00f6gkvalitativa material, halkskydd och ett tippskydd garanterar stabilitet, s\u00e4kerhet och h\u00e5llbarhet. Mjuk att spinna p\u00e5: Den ultramjuka plyschen p\u00e5 500 g\/m\u00b2 g\u00f6r den extra mysig. Skyddar din soffa: Flera sisalstammar slipar de rastl\u00f6sa klorna och f\u00f6rhindrar att de f\u00f6rst\u00f6r dina m\u00f6bler.Ger o\u00e4ndlig gl\u00e4dje: 2 sittpinnar f\u00f6r att observera, en grotta f\u00f6r att vila och en fluffig h\u00e4ngmatta f\u00f6r att slappa p\u00e5 eftermiddagen.L\u00e4tt att reng\u00f6ra: Kuddar \u00e4r avtagbara f\u00f6r enkel reng\u00f6ring.Produktdetaljer: F\u00e4rg: Greige Material: Sp\u00e5nskiva, 500 g\/m\u00b2 plysch, sisal Storlek: 55 x 45 x 138 cm (L x B x H) Vikt: 15,5 kg Max. total statisk belastningskapacitet: 40 kg Leveransomfattning: 1 x kl\u00f6sst\u00e5ng 1 x tippskydd 1 x tillbeh\u00f6rspaket 1 x bruksanvisning<\/p>\n","protected":false},"excerpt":{"rendered":"<p>Feandrea kl\u00f6sst\u00e5ng, kattkl\u00f6sst\u00e5ng, kattm\u00f6bler, modern, vintagebrun PCT164X01<\/p>\n","protected":false},"featured_media":0,"comment_status":"open","ping_status":"closed","template":"","meta":[],"product_brand":[],"product_cat":[33],"product_tag":[],"class_list":{"0":"post-18072","1":"product","2":"type-product","3":"status-publish","5":"product_cat-okategoriserad","7":"first","8":"instock","9":"shipping-taxable","10":"purchasable","11":"product-type-simple"},"_links":{"self":[{"href":"https:\/\/nordicmart.andreevmaster.com\/sv\/wp-json\/wp\/v2\/product\/18072","targetHints":{"allow":["GET"]}}],"collection":[{"href":"https:\/\/nordicmart.andreevmaster.com\/sv\/wp-json\/wp\/v2\/product"}],"about":[{"href":"https:\/\/nordicmart.andreevmaster.com\/sv\/wp-json\/wp\/v2\/types\/product"}],"replies":[{"embeddable":true,"href":"https:\/\/nordicmart.andreevmaster.com\/sv\/wp-json\/wp\/v2\/comments?post=18072"}],"wp:attachment":[{"href":"https:\/\/nordicmart.andreevmaster.com\/sv\/wp-json\/wp\/v2\/media?parent=18072"}],"wp:term":[{"taxonomy":"product_brand","embeddable":true,"href":"https:\/\/nordicmart.andreevmaster.com\/sv\/wp-json\/wp\/v2\/product_brand?post=18072"},{"taxonomy":"product_cat","embeddable":true,"href":"https:\/\/nordicmart.andreevmaster.com\/sv\/wp-json\/wp\/v2\/product_cat?post=18072"},{"taxonomy":"product_tag","embeddable":true,"href":"https:\/\/nordicmart.andreevmaster.com\/sv\/wp-json\/wp\/v2\/product_tag?post=18072"}],"curies":[{"name":"wp","href":"https:\/\/api.w.org\/{rel}","templated":true}]}}