{"id":18071,"date":"2026-02-27T00:37:59","date_gmt":"2026-02-27T00:37:59","guid":{"rendered":"https:\/\/nordicmart.andreevmaster.com\/product\/feandrea-kattklattertrad-med-2-mysgrottor\/"},"modified":"2026-02-27T08:26:56","modified_gmt":"2026-02-27T08:26:56","slug":"feandrea-kattklattertrad-med-2-mysgrottor","status":"publish","type":"product","link":"https:\/\/nordicmart.andreevmaster.com\/sv\/produkt\/feandrea-kattklattertrad-med-2-mysgrottor\/","title":{"rendered":"Feandrea kattkl\u00e4ttertr\u00e4d med 2 mysgrottor"},"content":{"rendered":"<p>I FEANDREAs kreativa verkst\u00e4der hoppar tv\u00e5 s\u00f6ta kattungar omkring, som personligen granskar alla kl\u00f6sstr\u00e5n och ger sin djuriska feedback. P\u00e5 s\u00e5 s\u00e4tt f\u00e5r FEANDREAs designers f\u00f6rstahandsinformation, eller snarare f\u00f6rstapawinformation, om produkterna uppfyller kraven fr\u00e5n de bortsk\u00e4mda morrh\u00e5riga v\u00e4nnerna. H\u00f6jdpunkterna i detta kl\u00f6sstativ i korthet: &#8211; Slitstarkt och mjukt plysch\u00f6verdrag &#8211; 2 bekv\u00e4ma mysgrottor att g\u00f6mma sig i &#8211; 2 v\u00e4lstoppade utsiktsplattformar f\u00f6r avkoppling &#8211; 1 XXL-kl\u00f6sbr\u00e4da och sisalkl\u00e4dda stammar f\u00f6r att v\u00e4ssa klorna &#8211; 1 stabil h\u00e4ngmatta f\u00f6r tupplurar Produktdetaljer:- F\u00e4rg: Ljusgr\u00e5 &#8211; Material: Sp\u00e5nskiva, plysch, sisal &#8211; Storlek: 60 x 50 x 155 cm (L x B x H) &#8211; Vikt: 18 kg Leveransomfattning: &#8211; 1 x kl\u00f6sst\u00e5ng &#8211; 1 x tippskydd &#8211; 1 x tillbeh\u00f6rspaket &#8211; 1 x bruksanvisning FEANDREA Anm\u00e4rkningar:- Om kattgrottan skadas, reparera eller byt ut den i tid f\u00f6r att undvika skador fr\u00e5n skadade delar. &#8211; F\u00e4st produkten p\u00e5 v\u00e4ggen med det medf\u00f6ljande tippskyddet f\u00f6r att s\u00e4kerst\u00e4lla s\u00e4ker anv\u00e4ndning.<\/p>\n","protected":false},"excerpt":{"rendered":"<p>Feandrea kl\u00e4ttertr\u00e4d, kattkl\u00e4ttertr\u00e4d med 2 mysgrottor, 155 cm, ljusgr\u00e5 PCT163W01<\/p>\n","protected":false},"featured_media":45140,"comment_status":"open","ping_status":"closed","template":"","meta":[],"product_brand":[],"product_cat":[33],"product_tag":[],"class_list":{"0":"post-18071","1":"product","2":"type-product","3":"status-publish","4":"has-post-thumbnail","6":"product_cat-okategoriserad","8":"first","9":"instock","10":"shipping-taxable","11":"purchasable","12":"product-type-simple"},"_links":{"self":[{"href":"https:\/\/nordicmart.andreevmaster.com\/sv\/wp-json\/wp\/v2\/product\/18071","targetHints":{"allow":["GET"]}}],"collection":[{"href":"https:\/\/nordicmart.andreevmaster.com\/sv\/wp-json\/wp\/v2\/product"}],"about":[{"href":"https:\/\/nordicmart.andreevmaster.com\/sv\/wp-json\/wp\/v2\/types\/product"}],"replies":[{"embeddable":true,"href":"https:\/\/nordicmart.andreevmaster.com\/sv\/wp-json\/wp\/v2\/comments?post=18071"}],"wp:featuredmedia":[{"embeddable":true,"href":"https:\/\/nordicmart.andreevmaster.com\/sv\/wp-json\/wp\/v2\/media\/45140"}],"wp:attachment":[{"href":"https:\/\/nordicmart.andreevmaster.com\/sv\/wp-json\/wp\/v2\/media?parent=18071"}],"wp:term":[{"taxonomy":"product_brand","embeddable":true,"href":"https:\/\/nordicmart.andreevmaster.com\/sv\/wp-json\/wp\/v2\/product_brand?post=18071"},{"taxonomy":"product_cat","embeddable":true,"href":"https:\/\/nordicmart.andreevmaster.com\/sv\/wp-json\/wp\/v2\/product_cat?post=18071"},{"taxonomy":"product_tag","embeddable":true,"href":"https:\/\/nordicmart.andreevmaster.com\/sv\/wp-json\/wp\/v2\/product_tag?post=18071"}],"curies":[{"name":"wp","href":"https:\/\/api.w.org\/{rel}","templated":true}]}}