{"id":18068,"date":"2026-02-27T00:37:58","date_gmt":"2026-02-27T00:37:58","guid":{"rendered":"https:\/\/nordicmart.andreevmaster.com\/product\/feandrea-kattklattertrad-med-mjukt-overdrag-ljusbrunt\/"},"modified":"2026-02-27T08:26:55","modified_gmt":"2026-02-27T08:26:55","slug":"feandrea-kattklattertrad-med-mjukt-overdrag-ljusbrunt","status":"publish","type":"product","link":"https:\/\/nordicmart.andreevmaster.com\/sv\/produkt\/feandrea-kattklattertrad-med-mjukt-overdrag-ljusbrunt\/","title":{"rendered":"Feandrea kattkl\u00e4ttertr\u00e4d med mjukt \u00f6verdrag Ljusbrunt"},"content":{"rendered":"<p>I FEANDREAs kreativa verkst\u00e4der hoppar tv\u00e5 s\u00f6ta kattungar omkring, som personligen granskar alla kl\u00f6sst\u00e4nger och ger sin djuriska feedback. P\u00e5 s\u00e5 s\u00e4tt f\u00e5r FEANDREAs designers f\u00f6rstahandsinformation, eller snarare f\u00f6rstapawinformation, om produkterna uppfyller kraven fr\u00e5n de bortsk\u00e4mda morrh\u00e5riga v\u00e4nnerna. H\u00f6jdpunkterna i denna kl\u00f6sst\u00e5ng i korthet: &#8211; 500 g\/m\u00b2 plysch ger en fluffig och bekv\u00e4m yta &#8211; 2 plattformar upptill f\u00f6r att observera &#8211; 1 mysig grotta f\u00f6r att leka kurrag\u00f6mma &#8211; 1 liggplats f\u00f6r avkoppling &#8211; 1 stabil h\u00e4ngmatta f\u00f6r en tupplur &#8211; Sisalstammar f\u00f6r att v\u00e4ssa klorna &#8211; 1 trappa f\u00f6r enkel upp- och nedstigning Produktdetaljer:- F\u00e4rg: Ljusbrun &#8211; Material: Sp\u00e5nskiva, 500 g\/m\u00b2 plysch, sisal &#8211; Storlek: 49 x 49 x 135 cm (L x B x H) &#8211; Vikt: 15 kg Leveransomfattning: &#8211; 1 x kl\u00f6sst\u00e5ng &#8211; 1 x tippskydd &#8211; 1 x tillbeh\u00f6rspaket &#8211; 1 x bruksanvisning FEANDREA Anm\u00e4rkningar:- Om dina katter tuggar p\u00e5 p\u00e4lsbollen eller gummibandet, ta bort leksaken omedelbart och f\u00f6rvara den p\u00e5 en plats som \u00e4r o\u00e5tkomlig f\u00f6r din katt. &#8211; Om kattgrottan skadas, reparera eller byt ut den i tid f\u00f6r att undvika skador fr\u00e5n skadade delar.<\/p>\n","protected":false},"excerpt":{"rendered":"<p>Feandrea kl\u00e4ttertr\u00e4d, kattkl\u00e4ttertr\u00e4d med mjukt \u00f6verdrag, ljusbrunt PCT162M01<\/p>\n","protected":false},"featured_media":45137,"comment_status":"open","ping_status":"closed","template":"","meta":[],"product_brand":[],"product_cat":[33],"product_tag":[],"class_list":{"0":"post-18068","1":"product","2":"type-product","3":"status-publish","4":"has-post-thumbnail","6":"product_cat-okategoriserad","8":"first","9":"instock","10":"shipping-taxable","11":"purchasable","12":"product-type-simple"},"_links":{"self":[{"href":"https:\/\/nordicmart.andreevmaster.com\/sv\/wp-json\/wp\/v2\/product\/18068","targetHints":{"allow":["GET"]}}],"collection":[{"href":"https:\/\/nordicmart.andreevmaster.com\/sv\/wp-json\/wp\/v2\/product"}],"about":[{"href":"https:\/\/nordicmart.andreevmaster.com\/sv\/wp-json\/wp\/v2\/types\/product"}],"replies":[{"embeddable":true,"href":"https:\/\/nordicmart.andreevmaster.com\/sv\/wp-json\/wp\/v2\/comments?post=18068"}],"wp:featuredmedia":[{"embeddable":true,"href":"https:\/\/nordicmart.andreevmaster.com\/sv\/wp-json\/wp\/v2\/media\/45137"}],"wp:attachment":[{"href":"https:\/\/nordicmart.andreevmaster.com\/sv\/wp-json\/wp\/v2\/media?parent=18068"}],"wp:term":[{"taxonomy":"product_brand","embeddable":true,"href":"https:\/\/nordicmart.andreevmaster.com\/sv\/wp-json\/wp\/v2\/product_brand?post=18068"},{"taxonomy":"product_cat","embeddable":true,"href":"https:\/\/nordicmart.andreevmaster.com\/sv\/wp-json\/wp\/v2\/product_cat?post=18068"},{"taxonomy":"product_tag","embeddable":true,"href":"https:\/\/nordicmart.andreevmaster.com\/sv\/wp-json\/wp\/v2\/product_tag?post=18068"}],"curies":[{"name":"wp","href":"https:\/\/api.w.org\/{rel}","templated":true}]}}