{"id":18063,"date":"2026-02-27T00:37:56","date_gmt":"2026-02-27T00:37:56","guid":{"rendered":"https:\/\/nordicmart.andreevmaster.com\/product\/feandrea-klosstang-143-cm-hog-med-4-klosstolpar-kamelbrun\/"},"modified":"2026-02-27T08:26:54","modified_gmt":"2026-02-27T08:26:54","slug":"feandrea-klosstang-143-cm-hog-med-4-klosstolpar-kamelbrun","status":"publish","type":"product","link":"https:\/\/nordicmart.andreevmaster.com\/sv\/produkt\/feandrea-klosstang-143-cm-hog-med-4-klosstolpar-kamelbrun\/","title":{"rendered":"Feandrea kl\u00f6sst\u00e5ng 143 cm h\u00f6g med 4 kl\u00f6sstolpar kamelbrun"},"content":{"rendered":"<p>Feandrea kl\u00e4ttertr\u00e4d, kattkl\u00e4ttertr\u00e4d med h\u00e4ngmatta, 143 cm, ljusgr\u00e5 PCT161W01<br \/>\nF\u00e4rg: kamelbrun<br \/>\nMaterial: sp\u00e5nskiva, plysch, sisal<br \/>\nStorlek: 55 x 45 x 143 cm (L x B x H)<br \/>\nVikt: 13 kg<br \/>\nMax. statisk totalbelastning: 40 kg<br \/>\nIdealt antal katter: Upp till 4 (var och en \u2264 5 kg)<\/p>\n","protected":false},"excerpt":{"rendered":"<p>Feandrea kl\u00e4ttertr\u00e4d, kattkl\u00e4ttertr\u00e4d med h\u00e4ngmatta, 143 cm, ljusgr\u00e5 PCT161W01<\/p>\n","protected":false},"featured_media":0,"comment_status":"open","ping_status":"closed","template":"","meta":[],"product_brand":[],"product_cat":[33],"product_tag":[],"class_list":{"0":"post-18063","1":"product","2":"type-product","3":"status-publish","5":"product_cat-okategoriserad","7":"first","8":"instock","9":"shipping-taxable","10":"purchasable","11":"product-type-simple"},"_links":{"self":[{"href":"https:\/\/nordicmart.andreevmaster.com\/sv\/wp-json\/wp\/v2\/product\/18063","targetHints":{"allow":["GET"]}}],"collection":[{"href":"https:\/\/nordicmart.andreevmaster.com\/sv\/wp-json\/wp\/v2\/product"}],"about":[{"href":"https:\/\/nordicmart.andreevmaster.com\/sv\/wp-json\/wp\/v2\/types\/product"}],"replies":[{"embeddable":true,"href":"https:\/\/nordicmart.andreevmaster.com\/sv\/wp-json\/wp\/v2\/comments?post=18063"}],"wp:attachment":[{"href":"https:\/\/nordicmart.andreevmaster.com\/sv\/wp-json\/wp\/v2\/media?parent=18063"}],"wp:term":[{"taxonomy":"product_brand","embeddable":true,"href":"https:\/\/nordicmart.andreevmaster.com\/sv\/wp-json\/wp\/v2\/product_brand?post=18063"},{"taxonomy":"product_cat","embeddable":true,"href":"https:\/\/nordicmart.andreevmaster.com\/sv\/wp-json\/wp\/v2\/product_cat?post=18063"},{"taxonomy":"product_tag","embeddable":true,"href":"https:\/\/nordicmart.andreevmaster.com\/sv\/wp-json\/wp\/v2\/product_tag?post=18063"}],"curies":[{"name":"wp","href":"https:\/\/api.w.org\/{rel}","templated":true}]}}