{"id":18061,"date":"2026-02-27T00:37:56","date_gmt":"2026-02-27T00:37:56","guid":{"rendered":"https:\/\/nordicmart.andreevmaster.com\/product\/feandrea-klosstang-143-cm-hog-med-4-klosstolpar-black-svart\/"},"modified":"2026-02-27T08:26:54","modified_gmt":"2026-02-27T08:26:54","slug":"feandrea-klosstang-143-cm-hog-med-4-klosstolpar-black-svart","status":"publish","type":"product","link":"https:\/\/nordicmart.andreevmaster.com\/sv\/produkt\/feandrea-klosstang-143-cm-hog-med-4-klosstolpar-black-svart\/","title":{"rendered":"Feandrea kl\u00f6sst\u00e5ng 143 cm h\u00f6g med 4 kl\u00f6sstolpar bl\u00e4ck svart"},"content":{"rendered":"<p>Feandrea kl\u00e4ttertr\u00e4d, kattkl\u00e4ttertr\u00e4d med h\u00e4ngmatta, 143 cm, ljusgr\u00e5 PCT161W01<br \/>\nF\u00e4rg: Bl\u00e4ksvart<br \/>\nMaterial: sp\u00e5nskiva, plysch, sisal<br \/>\nStorlek: 55 x 45 x 143 cm (L x B x H)<br \/>\nVikt: 13 kg<br \/>\nMax. statisk totalbelastning: 40 kg<br \/>\nIdealt antal katter: Upp till 4 (var och en \u2264 5 kg)<\/p>\n","protected":false},"excerpt":{"rendered":"<p>Feandrea kl\u00e4ttertr\u00e4d, kattkl\u00e4ttertr\u00e4d med h\u00e4ngmatta, 143 cm, ljusgr\u00e5 PCT161W01<\/p>\n","protected":false},"featured_media":45134,"comment_status":"open","ping_status":"closed","template":"","meta":[],"product_brand":[],"product_cat":[33],"product_tag":[],"class_list":{"0":"post-18061","1":"product","2":"type-product","3":"status-publish","4":"has-post-thumbnail","6":"product_cat-okategoriserad","8":"first","9":"instock","10":"shipping-taxable","11":"purchasable","12":"product-type-simple"},"_links":{"self":[{"href":"https:\/\/nordicmart.andreevmaster.com\/sv\/wp-json\/wp\/v2\/product\/18061","targetHints":{"allow":["GET"]}}],"collection":[{"href":"https:\/\/nordicmart.andreevmaster.com\/sv\/wp-json\/wp\/v2\/product"}],"about":[{"href":"https:\/\/nordicmart.andreevmaster.com\/sv\/wp-json\/wp\/v2\/types\/product"}],"replies":[{"embeddable":true,"href":"https:\/\/nordicmart.andreevmaster.com\/sv\/wp-json\/wp\/v2\/comments?post=18061"}],"wp:featuredmedia":[{"embeddable":true,"href":"https:\/\/nordicmart.andreevmaster.com\/sv\/wp-json\/wp\/v2\/media\/45134"}],"wp:attachment":[{"href":"https:\/\/nordicmart.andreevmaster.com\/sv\/wp-json\/wp\/v2\/media?parent=18061"}],"wp:term":[{"taxonomy":"product_brand","embeddable":true,"href":"https:\/\/nordicmart.andreevmaster.com\/sv\/wp-json\/wp\/v2\/product_brand?post=18061"},{"taxonomy":"product_cat","embeddable":true,"href":"https:\/\/nordicmart.andreevmaster.com\/sv\/wp-json\/wp\/v2\/product_cat?post=18061"},{"taxonomy":"product_tag","embeddable":true,"href":"https:\/\/nordicmart.andreevmaster.com\/sv\/wp-json\/wp\/v2\/product_tag?post=18061"}],"curies":[{"name":"wp","href":"https:\/\/api.w.org\/{rel}","templated":true}]}}