{"id":18059,"date":"2026-02-27T00:37:55","date_gmt":"2026-02-27T00:37:55","guid":{"rendered":"https:\/\/nordicmart.andreevmaster.com\/product\/feandrea-klattertrad-rokgra\/"},"modified":"2026-02-27T08:26:53","modified_gmt":"2026-02-27T08:26:53","slug":"feandrea-klattertrad-rokgra","status":"publish","type":"product","link":"https:\/\/nordicmart.andreevmaster.com\/sv\/produkt\/feandrea-klattertrad-rokgra\/","title":{"rendered":"Feandrea kl\u00e4ttertr\u00e4d r\u00f6kgr\u00e5"},"content":{"rendered":"<p>FEANDREA Flertrappigt kattr\u00e4d Detta 50 x 45 x 142 cm stora kl\u00f6sr\u00e4d \u00e4r l\u00e4mpligt f\u00f6r sm\u00e5 l\u00e4genheter d\u00e4r en eller flera energiska katter springer omkring. Sk\u00e4m bort dem trots det begr\u00e4nsade utrymmet med en mysig grotta, en fluffig liggplats och 2 vadderade plattformar.I FEANDREAs kreativa verkst\u00e4der hoppar tv\u00e5 s\u00f6ta kattungar runt och granskar alla kl\u00e4ttertr\u00e4d personligen och ger sin djuriska feedback. P\u00e5 s\u00e5 s\u00e4tt f\u00e5r FEANDREAs designers f\u00f6rstahandsinformation, eller snarare f\u00f6rstapawinformation, om produkterna uppfyller kraven fr\u00e5n de bortsk\u00e4mda morrh\u00e5riga v\u00e4nnerna.Din s\u00f6ta katt kan njuta av f\u00f6ljande specialfunktioner: 2 utsiktsplattformar upptill f\u00f6r att observera omgivningen 1 bekv\u00e4m mysgrotta f\u00f6r att leka kurrag\u00f6mma 1 fluffig liggkorg f\u00f6r att koppla av Stammar med sisal f\u00f6r att v\u00e4ssa klorna Stegvis ordnad konstruktion f\u00f6r enkel upp- och nedstigning 1 p\u00e4lsboll f\u00f6r extra kul Produktdetaljer:F\u00e4rg: R\u00f6kgr\u00e5 Material: Sp\u00e5nskiva, plysch, sisal Storlek: 50 x 45 x 142 cm (L x B x H) Vikt: 14 kg Leveransomfattning: 1 x kl\u00f6sst\u00e5ng 1 x tippskydd 1 x bruksanvisning (DE, EN, FR, ES, IT) FEANDREA Anm\u00e4rkningar:Om kattgrottan skadas, reparera eller byt ut den i tid f\u00f6r att undvika skador fr\u00e5n skadade delar. Om dina katter tuggar p\u00e5 p\u00e4lsbollen eller gummibandet, ta bort leksaken omedelbart och f\u00f6rvara den p\u00e5 en plats som \u00e4r o\u00e5tkomlig f\u00f6r din katt.<\/p>\n","protected":false},"excerpt":{"rendered":"<p>Feandrea kl\u00f6sst\u00e5ng, kattkl\u00f6sst\u00e5ng, 142 cm, ljusgr\u00e5 PCT160W01<\/p>\n","protected":false},"featured_media":45132,"comment_status":"open","ping_status":"closed","template":"","meta":[],"product_brand":[],"product_cat":[33],"product_tag":[],"class_list":{"0":"post-18059","1":"product","2":"type-product","3":"status-publish","4":"has-post-thumbnail","6":"product_cat-okategoriserad","8":"first","9":"instock","10":"shipping-taxable","11":"purchasable","12":"product-type-simple"},"_links":{"self":[{"href":"https:\/\/nordicmart.andreevmaster.com\/sv\/wp-json\/wp\/v2\/product\/18059","targetHints":{"allow":["GET"]}}],"collection":[{"href":"https:\/\/nordicmart.andreevmaster.com\/sv\/wp-json\/wp\/v2\/product"}],"about":[{"href":"https:\/\/nordicmart.andreevmaster.com\/sv\/wp-json\/wp\/v2\/types\/product"}],"replies":[{"embeddable":true,"href":"https:\/\/nordicmart.andreevmaster.com\/sv\/wp-json\/wp\/v2\/comments?post=18059"}],"wp:featuredmedia":[{"embeddable":true,"href":"https:\/\/nordicmart.andreevmaster.com\/sv\/wp-json\/wp\/v2\/media\/45132"}],"wp:attachment":[{"href":"https:\/\/nordicmart.andreevmaster.com\/sv\/wp-json\/wp\/v2\/media?parent=18059"}],"wp:term":[{"taxonomy":"product_brand","embeddable":true,"href":"https:\/\/nordicmart.andreevmaster.com\/sv\/wp-json\/wp\/v2\/product_brand?post=18059"},{"taxonomy":"product_cat","embeddable":true,"href":"https:\/\/nordicmart.andreevmaster.com\/sv\/wp-json\/wp\/v2\/product_cat?post=18059"},{"taxonomy":"product_tag","embeddable":true,"href":"https:\/\/nordicmart.andreevmaster.com\/sv\/wp-json\/wp\/v2\/product_tag?post=18059"}],"curies":[{"name":"wp","href":"https:\/\/api.w.org\/{rel}","templated":true}]}}