{"id":18058,"date":"2026-02-27T00:37:55","date_gmt":"2026-02-27T00:37:55","guid":{"rendered":"https:\/\/nordicmart.andreevmaster.com\/product\/feandrea-klattertrad-xl-143-cm-ljusgra\/"},"modified":"2026-02-27T08:26:53","modified_gmt":"2026-02-27T08:26:53","slug":"feandrea-klattertrad-xl-143-cm-ljusgra","status":"publish","type":"product","link":"https:\/\/nordicmart.andreevmaster.com\/sv\/produkt\/feandrea-klattertrad-xl-143-cm-ljusgra\/","title":{"rendered":"Feandrea kl\u00e4ttertr\u00e4d XL 143 cm ljusgr\u00e5"},"content":{"rendered":"<p>I FEANDREAs kreativa verkst\u00e4der hoppar tv\u00e5 s\u00f6ta kattungar runt och granskar alla kl\u00f6sst\u00e4nger noggrant och ger sin djuriska feedback. P\u00e5 s\u00e5 s\u00e4tt f\u00e5r FEANDREAs designers f\u00f6rstahandsinformation, eller snarare f\u00f6rstapawinformation, om produkterna uppfyller kraven fr\u00e5n de bortsk\u00e4mda morrh\u00e5riga v\u00e4nnerna. Kratztr\u00e4dets h\u00f6jdpunkter i \u00f6versikt: &#8211; H\u00f6g stabilitet; har en tr\u00e4f\u00f6rst\u00e4rkt bottenplatta &#8211; Robusta sisalstammar &#8211; Kl\u00e4dd med fluffig, extra slitstark plysch &#8211; Mysigt kattbo &#8211; 2 vadderade utsiktsplattformar i olika h\u00f6jd &#8211; Gener\u00f6s, stabil h\u00e4ngmatta &#8211; Medelstor; l\u00e4mplig f\u00f6r en eller tv\u00e5 katter &#8211; Smart trappliknande design; underl\u00e4ttar kl\u00e4ttringen Produktdetaljer: &#8211; F\u00e4rg: Ljusgr\u00e5 &#8211; Material: MDF (medeldensitetsfiberplatta), plysch, sisal &#8211; Storlek: 55 x 45 x 143 cm (L x B x H) &#8211; Vikt: 14,3 kg Leveransomfattning: &#8211; 1 x kl\u00f6sst\u00e5ng &#8211; 1 x bruksanvisning (DE, EN, FR, ES, IT) FEANDREA ANM\u00c4RKNINGAR: &#8211; Om kl\u00f6sst\u00e5ngen skulle vara skadad, v\u00e4nligen kontakta omedelbart v\u00e5r kundtj\u00e4nst f\u00f6r att f\u00e5 reservdelar eller hitta en annan tillfredsst\u00e4llande l\u00f6sning. Observera att en skadad produkt kan leda till att dina katter skadar sig. &#8211; Om dina katter tuggar p\u00e5 p\u00e4lsbollen eller gummibandet, ta omedelbart bort leksaken och f\u00f6rvara den p\u00e5 en plats som \u00e4r o\u00e5tkomlig f\u00f6r din katt.<\/p>\n","protected":false},"excerpt":{"rendered":"<p>Feandrea kl\u00e4ttertr\u00e4d 143 cm, stabilt kattr\u00e4d med kattkoja, ljusgr\u00e5 PCT15W<\/p>\n","protected":false},"featured_media":45131,"comment_status":"open","ping_status":"closed","template":"","meta":[],"product_brand":[],"product_cat":[33],"product_tag":[],"class_list":{"0":"post-18058","1":"product","2":"type-product","3":"status-publish","4":"has-post-thumbnail","6":"product_cat-okategoriserad","8":"first","9":"instock","10":"shipping-taxable","11":"purchasable","12":"product-type-simple"},"_links":{"self":[{"href":"https:\/\/nordicmart.andreevmaster.com\/sv\/wp-json\/wp\/v2\/product\/18058","targetHints":{"allow":["GET"]}}],"collection":[{"href":"https:\/\/nordicmart.andreevmaster.com\/sv\/wp-json\/wp\/v2\/product"}],"about":[{"href":"https:\/\/nordicmart.andreevmaster.com\/sv\/wp-json\/wp\/v2\/types\/product"}],"replies":[{"embeddable":true,"href":"https:\/\/nordicmart.andreevmaster.com\/sv\/wp-json\/wp\/v2\/comments?post=18058"}],"wp:featuredmedia":[{"embeddable":true,"href":"https:\/\/nordicmart.andreevmaster.com\/sv\/wp-json\/wp\/v2\/media\/45131"}],"wp:attachment":[{"href":"https:\/\/nordicmart.andreevmaster.com\/sv\/wp-json\/wp\/v2\/media?parent=18058"}],"wp:term":[{"taxonomy":"product_brand","embeddable":true,"href":"https:\/\/nordicmart.andreevmaster.com\/sv\/wp-json\/wp\/v2\/product_brand?post=18058"},{"taxonomy":"product_cat","embeddable":true,"href":"https:\/\/nordicmart.andreevmaster.com\/sv\/wp-json\/wp\/v2\/product_cat?post=18058"},{"taxonomy":"product_tag","embeddable":true,"href":"https:\/\/nordicmart.andreevmaster.com\/sv\/wp-json\/wp\/v2\/product_tag?post=18058"}],"curies":[{"name":"wp","href":"https:\/\/api.w.org\/{rel}","templated":true}]}}