{"id":18053,"date":"2026-02-27T00:37:53","date_gmt":"2026-02-27T00:37:53","guid":{"rendered":"https:\/\/nordicmart.andreevmaster.com\/product\/feandrea-klattertrad-118-cm-med-leksaker\/"},"modified":"2026-02-27T08:26:52","modified_gmt":"2026-02-27T08:26:52","slug":"feandrea-klattertrad-118-cm-med-leksaker","status":"publish","type":"product","link":"https:\/\/nordicmart.andreevmaster.com\/sv\/produkt\/feandrea-klattertrad-118-cm-med-leksaker\/","title":{"rendered":"Feandrea kl\u00e4ttertr\u00e4d 118 cm med leksaker"},"content":{"rendered":"<p>Varf\u00f6r ska du v\u00e4lja denna kl\u00f6sst\u00e5ng i flera v\u00e5ningar? &#8211; Stabil och h\u00e5llbar: H\u00f6gkvalitativa material garanterar stabilitet och h\u00e5llbarhet f\u00f6r l\u00e5ngvarig lekgl\u00e4dje. &#8211; L\u00e4mplig f\u00f6r kattungar och \u00e4ldre katter: B\u00e5de den flerv\u00e5ningarsdesignen och rampen underl\u00e4ttar f\u00f6r katterna att kl\u00e4ttra upp och ner. &#8211; Bekv\u00e4mt \u00f6verallt: Hela kl\u00f6sstammen \u00e4r kl\u00e4dd med mjuk plysch, s\u00e5 att dina katter kommer att trivas \u00f6verallt. &#8211; Obegr\u00e4nsad kl\u00f6sgl\u00e4dje: En stor kl\u00f6sramp och en sisalstam slipar de rastl\u00f6sa klorna. &#8211; Plushbollar f\u00f6r mer kul: 3 plushbollar garanterar kul; en extra plushboll utan klocka erbjuder ytterligare ett alternativ. &#8211; Avtagbara tillbeh\u00f6r: Du kan ta bort plushbollarna och anv\u00e4nda dem som kattleksaker f\u00f6r att leka med dina p\u00e4lsklingar. Produktdetaljer: &#8211; F\u00e4rg: R\u00f6kgr\u00e5 &#8211; Material: Sp\u00e5nskiva, plysch, sisal &#8211; Produktstorlek: 42 x 32 x 118 cm (L x B x H) &#8211; Vikt: 6,6 kg &#8211; Max. total statisk belastningsf\u00f6rm\u00e5ga: 25 kg Leveransomf\u00e5ng:- 1 x kl\u00f6sst\u00e5ng &#8211; 1 x tillbeh\u00f6rspaket &#8211; 1 x tippskydd &#8211; 1 x bruksanvisning FEANDREA Anm\u00e4rkningar: &#8211; Om dina katter tuggar p\u00e5 p\u00e4lsbollen eller gummibandet, ta bort leksaken omedelbart och f\u00f6rvara den p\u00e5 en plats som \u00e4r o\u00e5tkomlig f\u00f6r din katt.- Om kattgrottan \u00e4r skadad, reparera eller byt ut den i tid f\u00f6r att undvika risken f\u00f6r skador fr\u00e5n skadade delar. &#8211; F\u00e4st produkten p\u00e5 v\u00e4ggen med det medf\u00f6ljande tippskyddet f\u00f6r att garantera s\u00e4kerheten under anv\u00e4ndning. &#8211; Denna kl\u00f6sst\u00e5ng \u00e4r l\u00e4mplig f\u00f6r upp till 2 katter som v\u00e4ger upp till 7 kg vardera.<\/p>\n","protected":false},"excerpt":{"rendered":"<p>Feandrea Kratzbaum liten, kattkl\u00e4ttertr\u00e4d med kl\u00f6sbr\u00e4da, 3 avtagbara pomponpinnar, 118 cm, ljusgr\u00e5 PCT143W01<\/p>\n","protected":false},"featured_media":45128,"comment_status":"open","ping_status":"closed","template":"","meta":[],"product_brand":[],"product_cat":[33],"product_tag":[],"class_list":{"0":"post-18053","1":"product","2":"type-product","3":"status-publish","4":"has-post-thumbnail","6":"product_cat-okategoriserad","8":"first","9":"instock","10":"shipping-taxable","11":"purchasable","12":"product-type-simple"},"_links":{"self":[{"href":"https:\/\/nordicmart.andreevmaster.com\/sv\/wp-json\/wp\/v2\/product\/18053","targetHints":{"allow":["GET"]}}],"collection":[{"href":"https:\/\/nordicmart.andreevmaster.com\/sv\/wp-json\/wp\/v2\/product"}],"about":[{"href":"https:\/\/nordicmart.andreevmaster.com\/sv\/wp-json\/wp\/v2\/types\/product"}],"replies":[{"embeddable":true,"href":"https:\/\/nordicmart.andreevmaster.com\/sv\/wp-json\/wp\/v2\/comments?post=18053"}],"wp:featuredmedia":[{"embeddable":true,"href":"https:\/\/nordicmart.andreevmaster.com\/sv\/wp-json\/wp\/v2\/media\/45128"}],"wp:attachment":[{"href":"https:\/\/nordicmart.andreevmaster.com\/sv\/wp-json\/wp\/v2\/media?parent=18053"}],"wp:term":[{"taxonomy":"product_brand","embeddable":true,"href":"https:\/\/nordicmart.andreevmaster.com\/sv\/wp-json\/wp\/v2\/product_brand?post=18053"},{"taxonomy":"product_cat","embeddable":true,"href":"https:\/\/nordicmart.andreevmaster.com\/sv\/wp-json\/wp\/v2\/product_cat?post=18053"},{"taxonomy":"product_tag","embeddable":true,"href":"https:\/\/nordicmart.andreevmaster.com\/sv\/wp-json\/wp\/v2\/product_tag?post=18053"}],"curies":[{"name":"wp","href":"https:\/\/api.w.org\/{rel}","templated":true}]}}