{"id":18050,"date":"2026-02-27T00:37:53","date_gmt":"2026-02-27T00:37:53","guid":{"rendered":"https:\/\/nordicmart.andreevmaster.com\/product\/feandrea-klosstativ-ljusgra\/"},"modified":"2026-02-27T08:26:51","modified_gmt":"2026-02-27T08:26:51","slug":"feandrea-klosstativ-ljusgra","status":"publish","type":"product","link":"https:\/\/nordicmart.andreevmaster.com\/sv\/produkt\/feandrea-klosstativ-ljusgra\/","title":{"rendered":"Feandrea kl\u00f6sstativ ljusgr\u00e5"},"content":{"rendered":"<p>FEANDREA Platssparande kl\u00f6sst\u00e5ng Denna kl\u00f6sst\u00e5ng p\u00e5 50 x 35 x 115 cm \u00e4r l\u00e4mplig f\u00f6r sm\u00e5 l\u00e4genheter d\u00e4r en eller flera energiska katter springer omkring. Trots det begr\u00e4nsade utrymmet kan du sk\u00e4mma bort dem med en mysig grotta och tv\u00e5 vadderade plattformar. Slipa klorna, ta en tupplur, koppla av, str\u00e4ck p\u00e5 sig, leka&#8230; Varje katt har sin favoritplats p\u00e5 v\u00e5rt kl\u00f6sbord. Och din katt d\u00e5? I FEANDREAs kreativa verkst\u00e4der hoppar tv\u00e5 s\u00f6ta kattungar runt och granskar alla kl\u00f6sst\u00e4nger personligen och ger sin djuriska feedback. P\u00e5 s\u00e5 s\u00e4tt f\u00e5r FEANDREAs designers f\u00f6rstahandsinformation, eller snarare f\u00f6rstapawinformation, om produkterna uppfyller kraven fr\u00e5n de bortsk\u00e4mda morrh\u00e5riga v\u00e4nnerna.Din s\u00f6ta katt kan njuta av f\u00f6ljande specialfunktioner: 2 utsiktsplattformar h\u00f6gst upp f\u00f6r att observera omgivningen 1 bekv\u00e4m mysgrotta f\u00f6r att leka kurrag\u00f6mma Stammar med sisal p\u00e5 varje niv\u00e5 f\u00f6r att v\u00e4ssa klorna 1 stort kl\u00f6sbr\u00e4de som samtidigt fungerar som trappa Trappstegsformad konstruktion f\u00f6r enkel upp- och nedstigning 2 p\u00e4lsbollar f\u00f6r extra kul Produktdetaljer:F\u00e4rg: R\u00f6kgr\u00e5 Material: Sp\u00e5nskiva, plysch, sisal Storlek: 50 x 35 x 115 cm (L x B x H) Vikt: 10,3 kg Leveransomfattning: 1 x kl\u00f6sst\u00e5ng 1 x tippskydd 1 x bruksanvisning (DE, EN, FR, ES, IT) FEANDREA Anm\u00e4rkningar:Om kattgrottan skadas, reparera eller byt ut den i tid f\u00f6r att undvika skador fr\u00e5n skadade delar. Om dina katter tuggar p\u00e5 p\u00e4lsbollen eller gummibandet, ta bort leksaken omedelbart och f\u00f6rvara den p\u00e5 en plats som \u00e4r o\u00e5tkomlig f\u00f6r din katt.<\/p>\n","protected":false},"excerpt":{"rendered":"<p>Feandrea kl\u00e4ttertr\u00e4d, kattkl\u00e4ttertr\u00e4d, 115 cm, kl\u00e4tterbr\u00e4da, ljusgr\u00e5 PCT141W01<\/p>\n","protected":false},"featured_media":0,"comment_status":"open","ping_status":"closed","template":"","meta":[],"product_brand":[],"product_cat":[33],"product_tag":[],"class_list":{"0":"post-18050","1":"product","2":"type-product","3":"status-publish","5":"product_cat-okategoriserad","7":"first","8":"instock","9":"shipping-taxable","10":"purchasable","11":"product-type-simple"},"_links":{"self":[{"href":"https:\/\/nordicmart.andreevmaster.com\/sv\/wp-json\/wp\/v2\/product\/18050","targetHints":{"allow":["GET"]}}],"collection":[{"href":"https:\/\/nordicmart.andreevmaster.com\/sv\/wp-json\/wp\/v2\/product"}],"about":[{"href":"https:\/\/nordicmart.andreevmaster.com\/sv\/wp-json\/wp\/v2\/types\/product"}],"replies":[{"embeddable":true,"href":"https:\/\/nordicmart.andreevmaster.com\/sv\/wp-json\/wp\/v2\/comments?post=18050"}],"wp:attachment":[{"href":"https:\/\/nordicmart.andreevmaster.com\/sv\/wp-json\/wp\/v2\/media?parent=18050"}],"wp:term":[{"taxonomy":"product_brand","embeddable":true,"href":"https:\/\/nordicmart.andreevmaster.com\/sv\/wp-json\/wp\/v2\/product_brand?post=18050"},{"taxonomy":"product_cat","embeddable":true,"href":"https:\/\/nordicmart.andreevmaster.com\/sv\/wp-json\/wp\/v2\/product_cat?post=18050"},{"taxonomy":"product_tag","embeddable":true,"href":"https:\/\/nordicmart.andreevmaster.com\/sv\/wp-json\/wp\/v2\/product_tag?post=18050"}],"curies":[{"name":"wp","href":"https:\/\/api.w.org\/{rel}","templated":true}]}}