{"id":18046,"date":"2026-02-27T00:37:52","date_gmt":"2026-02-27T00:37:52","guid":{"rendered":"https:\/\/nordicmart.andreevmaster.com\/product\/feandrea-kattklattertrad-med-mjuk-plysch-104-cm-bla\/"},"modified":"2026-02-27T08:26:50","modified_gmt":"2026-02-27T08:26:50","slug":"feandrea-kattklattertrad-med-mjuk-plysch-104-cm-bla","status":"publish","type":"product","link":"https:\/\/nordicmart.andreevmaster.com\/sv\/produkt\/feandrea-kattklattertrad-med-mjuk-plysch-104-cm-bla\/","title":{"rendered":"Feandrea kattkl\u00e4ttertr\u00e4d med mjuk plysch 104 cm bl\u00e5"},"content":{"rendered":"<p>I FEANDREAs kreativa verkst\u00e4der hoppar tv\u00e5 s\u00f6ta kattungar runt och granskar alla kl\u00f6sstr\u00e4d personligen och ger sin djuriska feedback. P\u00e5 s\u00e5 s\u00e4tt f\u00e5r FEANDREAs designers f\u00f6rstahandsinformation, eller snarare f\u00f6rstapawinformation, om produkterna uppfyller kraven fr\u00e5n de bortsk\u00e4mda morrh\u00e5riga v\u00e4nnerna.H\u00f6jdpunkterna i detta kl\u00e4ttertr\u00e4d i korthet: Slitstarkt och mjukt plysch\u00f6verdrag utan ludd 1 kl\u00f6sbr\u00e4da f\u00f6r att v\u00e4ssa klorna 1 bekv\u00e4m mysgrotta att g\u00f6mma sig i 1 stabil liggplats f\u00f6r tupplurar 1 genomt\u00e4nkt utsiktsplattform f\u00f6r att observera omgivningen 1 p\u00e4lsboll f\u00f6r extra kul Produktdetaljer:F\u00e4rg: Bl\u00e5 Material: Sp\u00e5nskiva, plysch, sisal Storlek: 55 x 50 x 104 cm (L x B x H) Vikt: 11,3 kg Leveransomfattning: 1 x kl\u00f6sst\u00e5ng 1 x tippskydd 1 x tillbeh\u00f6rspaket 1 x bruksanvisning (DE, EN, FR, ES, IT) FEANDREA Anm\u00e4rkningar:Om dina katter tuggar p\u00e5 p\u00e4lsbollen eller gummibandet, ta bort leksaken omedelbart och f\u00f6rvara den p\u00e5 en plats som \u00e4r o\u00e5tkomlig f\u00f6r din katt. Om kattgrottan skadas, reparera eller byt ut den i tid f\u00f6r att undvika skador fr\u00e5n skadade delar.<\/p>\n","protected":false},"excerpt":{"rendered":"<p>Feandrea kl\u00f6sst\u00e5ng, kattkl\u00f6sst\u00e5ng med mjuk plysch, 104 cm, bl\u00e5 PCT140B01<\/p>\n","protected":false},"featured_media":45124,"comment_status":"open","ping_status":"closed","template":"","meta":[],"product_brand":[],"product_cat":[33],"product_tag":[],"class_list":{"0":"post-18046","1":"product","2":"type-product","3":"status-publish","4":"has-post-thumbnail","6":"product_cat-okategoriserad","8":"first","9":"instock","10":"shipping-taxable","11":"purchasable","12":"product-type-simple"},"_links":{"self":[{"href":"https:\/\/nordicmart.andreevmaster.com\/sv\/wp-json\/wp\/v2\/product\/18046","targetHints":{"allow":["GET"]}}],"collection":[{"href":"https:\/\/nordicmart.andreevmaster.com\/sv\/wp-json\/wp\/v2\/product"}],"about":[{"href":"https:\/\/nordicmart.andreevmaster.com\/sv\/wp-json\/wp\/v2\/types\/product"}],"replies":[{"embeddable":true,"href":"https:\/\/nordicmart.andreevmaster.com\/sv\/wp-json\/wp\/v2\/comments?post=18046"}],"wp:featuredmedia":[{"embeddable":true,"href":"https:\/\/nordicmart.andreevmaster.com\/sv\/wp-json\/wp\/v2\/media\/45124"}],"wp:attachment":[{"href":"https:\/\/nordicmart.andreevmaster.com\/sv\/wp-json\/wp\/v2\/media?parent=18046"}],"wp:term":[{"taxonomy":"product_brand","embeddable":true,"href":"https:\/\/nordicmart.andreevmaster.com\/sv\/wp-json\/wp\/v2\/product_brand?post=18046"},{"taxonomy":"product_cat","embeddable":true,"href":"https:\/\/nordicmart.andreevmaster.com\/sv\/wp-json\/wp\/v2\/product_cat?post=18046"},{"taxonomy":"product_tag","embeddable":true,"href":"https:\/\/nordicmart.andreevmaster.com\/sv\/wp-json\/wp\/v2\/product_tag?post=18046"}],"curies":[{"name":"wp","href":"https:\/\/api.w.org\/{rel}","templated":true}]}}