{"id":18044,"date":"2026-02-27T00:37:51","date_gmt":"2026-02-27T00:37:51","guid":{"rendered":"https:\/\/nordicmart.andreevmaster.com\/product\/feandrea-klosstang-135-cm-med-ligghylla\/"},"modified":"2026-02-27T08:26:50","modified_gmt":"2026-02-27T08:26:50","slug":"feandrea-klosstang-135-cm-med-ligghylla","status":"publish","type":"product","link":"https:\/\/nordicmart.andreevmaster.com\/sv\/produkt\/feandrea-klosstang-135-cm-med-ligghylla\/","title":{"rendered":"Feandrea kl\u00f6sst\u00e5ng 135 cm med ligghylla"},"content":{"rendered":"<p>I FEANDREAs kreativa verkstad hoppar tv\u00e5 sm\u00e5 kattungar runt, som personligen granskar v\u00e5ra kl\u00f6sstolar och ger djurisk feedback. P\u00e5 s\u00e5 s\u00e4tt vet FEANDREAs designers av f\u00f6rsta hand vilka produkter som uppfyller v\u00e5ra v\u00e4rdefulla kattungars behov. Varf\u00f6r ska du v\u00e4lja denna kl\u00f6sstol med flera niv\u00e5er? &#8211; V\u00e4nlig f\u00f6r kattungar och \u00e4ldre katter: B\u00e5de den flerstegsdesignen och rampen g\u00f6r det l\u00e4ttare att kliva upp och ner. &#8211; Mjuk och bekv\u00e4m: Det mjuka plysch\u00f6verdraget skapar en avslappnad atmosf\u00e4r. &#8211; M\u00e5ngsidigt lekande: 1 sittpinne f\u00f6r att observera f\u00e5glar, 1 grotta att g\u00f6mma sig i, 1 korg att vila i och 1 stolpe och br\u00e4da att tr\u00e4na p\u00e5. &#8211; L\u00e4tt att reng\u00f6ra: Den \u00f6vre sittpinnen har ett avtagbart \u00f6verdrag f\u00f6r enkel reng\u00f6ring. &#8211; Enkel montering: Med m\u00e4rkta delar, tydliga instruktioner och ett monteringsverktyg kan den snabbt och enkelt monteras av en person. Produktdetaljer: &#8211; F\u00e4rg: M\u00f6rkgr\u00e5 &#8211; Material: Sp\u00e5nskiva, plysch, sisal &#8211; Storlek: 46 x 41 x 135 cm (L x B x H) &#8211; Vikt: 10,4 kg &#8211; Total statisk belastningskapacitet: 40 kg Leveransomfattning: &#8211; 1 x kl\u00f6sst\u00e5ng f\u00f6r katter &#8211; 1 x tippskydd &#8211; 1 x tillbeh\u00f6rspaket &#8211; 1 x instruktioner FEANDREA Anm\u00e4rkningar:- Om kattgrottan \u00e4r repig och skadad p\u00e5 grund av d\u00e5liga tassar, reparera eller byt ut den innan du forts\u00e4tter att anv\u00e4nda den f\u00f6r att undvika skaderisk f\u00f6r din p\u00e4lskling. &#8211; Eftersom katter gillar att hoppa och leka, f\u00e4st produkten p\u00e5 v\u00e4ggen med det medf\u00f6ljande tippskyddet f\u00f6r att anv\u00e4nda den p\u00e5 ett s\u00e4kert s\u00e4tt.<\/p>\n","protected":false},"excerpt":{"rendered":"<p>Feandrea kl\u00e4ttertr\u00e4d, 135 cm Litet kattkl\u00e4ttertr\u00e4d, flerv\u00e5ningskl\u00e4ttertr\u00e4d i plysch med tv\u00e4ttbar, avtagbar sittpinne, kl\u00e4tterstam, korg, grotta, m\u00f6rkgr\u00e5<\/p>\n","protected":false},"featured_media":45122,"comment_status":"open","ping_status":"closed","template":"","meta":[],"product_brand":[],"product_cat":[33],"product_tag":[],"class_list":{"0":"post-18044","1":"product","2":"type-product","3":"status-publish","4":"has-post-thumbnail","6":"product_cat-okategoriserad","8":"first","9":"instock","10":"shipping-taxable","11":"purchasable","12":"product-type-simple"},"_links":{"self":[{"href":"https:\/\/nordicmart.andreevmaster.com\/sv\/wp-json\/wp\/v2\/product\/18044","targetHints":{"allow":["GET"]}}],"collection":[{"href":"https:\/\/nordicmart.andreevmaster.com\/sv\/wp-json\/wp\/v2\/product"}],"about":[{"href":"https:\/\/nordicmart.andreevmaster.com\/sv\/wp-json\/wp\/v2\/types\/product"}],"replies":[{"embeddable":true,"href":"https:\/\/nordicmart.andreevmaster.com\/sv\/wp-json\/wp\/v2\/comments?post=18044"}],"wp:featuredmedia":[{"embeddable":true,"href":"https:\/\/nordicmart.andreevmaster.com\/sv\/wp-json\/wp\/v2\/media\/45122"}],"wp:attachment":[{"href":"https:\/\/nordicmart.andreevmaster.com\/sv\/wp-json\/wp\/v2\/media?parent=18044"}],"wp:term":[{"taxonomy":"product_brand","embeddable":true,"href":"https:\/\/nordicmart.andreevmaster.com\/sv\/wp-json\/wp\/v2\/product_brand?post=18044"},{"taxonomy":"product_cat","embeddable":true,"href":"https:\/\/nordicmart.andreevmaster.com\/sv\/wp-json\/wp\/v2\/product_cat?post=18044"},{"taxonomy":"product_tag","embeddable":true,"href":"https:\/\/nordicmart.andreevmaster.com\/sv\/wp-json\/wp\/v2\/product_tag?post=18044"}],"curies":[{"name":"wp","href":"https:\/\/api.w.org\/{rel}","templated":true}]}}