{"id":18043,"date":"2026-02-27T00:37:51","date_gmt":"2026-02-27T00:37:51","guid":{"rendered":"https:\/\/nordicmart.andreevmaster.com\/product\/feandrea-liten-klosstang-med-grotta\/"},"modified":"2026-02-27T08:26:50","modified_gmt":"2026-02-27T08:26:50","slug":"feandrea-liten-klosstang-med-grotta","status":"publish","type":"product","link":"https:\/\/nordicmart.andreevmaster.com\/sv\/produkt\/feandrea-liten-klosstang-med-grotta\/","title":{"rendered":"Feandrea Liten kl\u00f6sst\u00e5ng med grotta"},"content":{"rendered":"<p>Feandrea WhimsyWonders kattkl\u00e4ttertr\u00e4d, litet kl\u00e4ttertr\u00e4d f\u00f6r kattungar, 76,2 cm gulligt kattkl\u00e4ttertr\u00e4d med 69 cm kl\u00e4tterpelare, vadderad liggyta, v\u00e5rgr\u00f6nt-ljusbrunt PCT123G01<\/p>\n","protected":false},"excerpt":{"rendered":"<p>Feandrea WhimsyWonders kattkl\u00e4ttertr\u00e4d, litet kl\u00e4ttertr\u00e4d f\u00f6r kattungar, 76,2 cm gulligt kattkl\u00e4ttertr\u00e4d med 69 cm kl\u00e4tterpelare, vadderad liggyta, v\u00e5rgr\u00f6nt-ljusbrunt PCT123G01<\/p>\n","protected":false},"featured_media":45121,"comment_status":"open","ping_status":"closed","template":"","meta":[],"product_brand":[],"product_cat":[33],"product_tag":[],"class_list":{"0":"post-18043","1":"product","2":"type-product","3":"status-publish","4":"has-post-thumbnail","6":"product_cat-okategoriserad","8":"first","9":"instock","10":"shipping-taxable","11":"purchasable","12":"product-type-simple"},"_links":{"self":[{"href":"https:\/\/nordicmart.andreevmaster.com\/sv\/wp-json\/wp\/v2\/product\/18043","targetHints":{"allow":["GET"]}}],"collection":[{"href":"https:\/\/nordicmart.andreevmaster.com\/sv\/wp-json\/wp\/v2\/product"}],"about":[{"href":"https:\/\/nordicmart.andreevmaster.com\/sv\/wp-json\/wp\/v2\/types\/product"}],"replies":[{"embeddable":true,"href":"https:\/\/nordicmart.andreevmaster.com\/sv\/wp-json\/wp\/v2\/comments?post=18043"}],"wp:featuredmedia":[{"embeddable":true,"href":"https:\/\/nordicmart.andreevmaster.com\/sv\/wp-json\/wp\/v2\/media\/45121"}],"wp:attachment":[{"href":"https:\/\/nordicmart.andreevmaster.com\/sv\/wp-json\/wp\/v2\/media?parent=18043"}],"wp:term":[{"taxonomy":"product_brand","embeddable":true,"href":"https:\/\/nordicmart.andreevmaster.com\/sv\/wp-json\/wp\/v2\/product_brand?post=18043"},{"taxonomy":"product_cat","embeddable":true,"href":"https:\/\/nordicmart.andreevmaster.com\/sv\/wp-json\/wp\/v2\/product_cat?post=18043"},{"taxonomy":"product_tag","embeddable":true,"href":"https:\/\/nordicmart.andreevmaster.com\/sv\/wp-json\/wp\/v2\/product_tag?post=18043"}],"curies":[{"name":"wp","href":"https:\/\/api.w.org\/{rel}","templated":true}]}}