{"id":18042,"date":"2026-02-27T00:37:51","date_gmt":"2026-02-27T00:37:51","guid":{"rendered":"https:\/\/nordicmart.andreevmaster.com\/product\/feandrea-klosstativ-61-cm-av-traspan\/"},"modified":"2026-02-27T08:26:49","modified_gmt":"2026-02-27T08:26:49","slug":"feandrea-klosstativ-61-cm-av-traspan","status":"publish","type":"product","link":"https:\/\/nordicmart.andreevmaster.com\/sv\/produkt\/feandrea-klosstativ-61-cm-av-traspan\/","title":{"rendered":"Feandrea kl\u00f6sstativ 61 cm av tr\u00e4sp\u00e5n"},"content":{"rendered":"<p>I FEANDREAs kreativa verkst\u00e4der hoppar tv\u00e5 s\u00f6ta kattungar runt och granskar alla kl\u00f6sstr\u00e5n personligen och ger sin djuriska feedback. P\u00e5 s\u00e5 s\u00e4tt f\u00e5r FEANDREAs designers f\u00f6rstahandsinformation, eller snarare f\u00f6rstapawinformation, om produkterna uppfyller kraven fr\u00e5n de bortsk\u00e4mda morrh\u00e5riga v\u00e4nnerna. H\u00f6jdpunkterna i detta kl\u00f6sstr\u00e4d i korthet: &#8211; Med sin rustika yta passar kl\u00f6sstr\u00e4det bra in i din inredning &#8211; 500 g\/m\u00b2 plysch ger en fluffig och bekv\u00e4m yta &#8211; 1 plattform upptill f\u00f6r avkoppling &#8211; 1 mysig grotta f\u00f6r lek &#8211; 1 fluffig liggplats f\u00f6r en tupplur &#8211; 2 sisalstammar f\u00f6r att v\u00e4ssa klorna &#8211; Avtagbara kuddar \u00e4r l\u00e4tta att reng\u00f6ra Produktdetaljer:- F\u00e4rg: Vintagebrun &#8211; Material: Sp\u00e5nskiva, 500 g\/m\u00b2 plysch, sisal &#8211; Storlek: 44 x 28 x 61 cm (L x B x H) &#8211; Vikt: 5,2 kg Leveransomfattning: &#8211; 1 x kl\u00f6sst\u00e5ng &#8211; 1 x tippskydd &#8211; 1 x tillbeh\u00f6rspaket &#8211; 1 x bruksanvisning<\/p>\n","protected":false},"excerpt":{"rendered":"<p>Feandrea kl\u00f6sst\u00e5ng, kattkl\u00f6sst\u00e5ng av tr\u00e4sp\u00e5n, vintagebrun PCT122X01<\/p>\n","protected":false},"featured_media":45120,"comment_status":"open","ping_status":"closed","template":"","meta":[],"product_brand":[],"product_cat":[33],"product_tag":[],"class_list":{"0":"post-18042","1":"product","2":"type-product","3":"status-publish","4":"has-post-thumbnail","6":"product_cat-okategoriserad","8":"first","9":"instock","10":"shipping-taxable","11":"purchasable","12":"product-type-simple"},"_links":{"self":[{"href":"https:\/\/nordicmart.andreevmaster.com\/sv\/wp-json\/wp\/v2\/product\/18042","targetHints":{"allow":["GET"]}}],"collection":[{"href":"https:\/\/nordicmart.andreevmaster.com\/sv\/wp-json\/wp\/v2\/product"}],"about":[{"href":"https:\/\/nordicmart.andreevmaster.com\/sv\/wp-json\/wp\/v2\/types\/product"}],"replies":[{"embeddable":true,"href":"https:\/\/nordicmart.andreevmaster.com\/sv\/wp-json\/wp\/v2\/comments?post=18042"}],"wp:featuredmedia":[{"embeddable":true,"href":"https:\/\/nordicmart.andreevmaster.com\/sv\/wp-json\/wp\/v2\/media\/45120"}],"wp:attachment":[{"href":"https:\/\/nordicmart.andreevmaster.com\/sv\/wp-json\/wp\/v2\/media?parent=18042"}],"wp:term":[{"taxonomy":"product_brand","embeddable":true,"href":"https:\/\/nordicmart.andreevmaster.com\/sv\/wp-json\/wp\/v2\/product_brand?post=18042"},{"taxonomy":"product_cat","embeddable":true,"href":"https:\/\/nordicmart.andreevmaster.com\/sv\/wp-json\/wp\/v2\/product_cat?post=18042"},{"taxonomy":"product_tag","embeddable":true,"href":"https:\/\/nordicmart.andreevmaster.com\/sv\/wp-json\/wp\/v2\/product_tag?post=18042"}],"curies":[{"name":"wp","href":"https:\/\/api.w.org\/{rel}","templated":true}]}}