{"id":18040,"date":"2026-02-27T00:37:50","date_gmt":"2026-02-27T00:37:50","guid":{"rendered":"https:\/\/nordicmart.andreevmaster.com\/product\/feandrea-litet-klosstativ-med-grotta\/"},"modified":"2026-02-27T08:26:49","modified_gmt":"2026-02-27T08:26:49","slug":"feandrea-litet-klosstativ-med-grotta","status":"publish","type":"product","link":"https:\/\/nordicmart.andreevmaster.com\/sv\/produkt\/feandrea-litet-klosstativ-med-grotta\/","title":{"rendered":"Feandrea Litet kl\u00f6sstativ med grotta"},"content":{"rendered":"<p>I FEANDREAs kreativa verkst\u00e4der hoppar tv\u00e5 s\u00f6ta kattungar omkring, som personligen granskar alla kl\u00f6sstr\u00e5n och ger sin djuriska feedback. P\u00e5 s\u00e5 s\u00e4tt f\u00e5r FEANDREAs designers f\u00f6rstahandsinformation, eller snarare f\u00f6rstapawinformation, om produkterna uppfyller kraven fr\u00e5n de bortsk\u00e4mda morrh\u00e5riga v\u00e4nnerna. H\u00f6jdpunkterna i denna kl\u00f6sst\u00e5ng i korthet: &#8211; 4 plyschbollar f\u00f6r extra kul &#8211; 1 genomt\u00e4nkt utsiktsplattform f\u00f6r observation &#8211; 1 bekv\u00e4m mysgrotta f\u00f6r att g\u00f6mma sig och ta en tupplur &#8211; Mjuk plyschkl\u00e4dsel, som en kram Produktdetaljer:- F\u00e4rg: R\u00f6kgr\u00e5 &#8211; Material: Sp\u00e5nskiva, plysch, sisal &#8211; Storlek: 53 x 33 x 72 cm (L x B x H) &#8211; Vikt: 5,4 kg Leveransomfattning: &#8211; 1 x kl\u00f6sst\u00e5ng &#8211; 1 x tippskydd &#8211; 1 x tillbeh\u00f6rspaket &#8211; 1 x bruksanvisning FEANDREA Anm\u00e4rkningar:- Om dina katter tuggar p\u00e5 plyschbollen eller gummibandet, ta bort leksaken omedelbart och f\u00f6rvara den p\u00e5 en plats som \u00e4r o\u00e5tkomlig f\u00f6r din katt. &#8211; Om kattgrottan skadas, reparera eller byt ut den i tid f\u00f6r att undvika skador fr\u00e5n skadade delar.<\/p>\n","protected":false},"excerpt":{"rendered":"<p>Feandrea kl\u00e4ttertr\u00e4d, kattkl\u00e4ttertr\u00e4d med p\u00e4lsbollar, 72 cm, ljusgr\u00e5 PCT121W01<\/p>\n","protected":false},"featured_media":45118,"comment_status":"open","ping_status":"closed","template":"","meta":[],"product_brand":[],"product_cat":[33],"product_tag":[],"class_list":{"0":"post-18040","1":"product","2":"type-product","3":"status-publish","4":"has-post-thumbnail","6":"product_cat-okategoriserad","8":"first","9":"instock","10":"shipping-taxable","11":"purchasable","12":"product-type-simple"},"_links":{"self":[{"href":"https:\/\/nordicmart.andreevmaster.com\/sv\/wp-json\/wp\/v2\/product\/18040","targetHints":{"allow":["GET"]}}],"collection":[{"href":"https:\/\/nordicmart.andreevmaster.com\/sv\/wp-json\/wp\/v2\/product"}],"about":[{"href":"https:\/\/nordicmart.andreevmaster.com\/sv\/wp-json\/wp\/v2\/types\/product"}],"replies":[{"embeddable":true,"href":"https:\/\/nordicmart.andreevmaster.com\/sv\/wp-json\/wp\/v2\/comments?post=18040"}],"wp:featuredmedia":[{"embeddable":true,"href":"https:\/\/nordicmart.andreevmaster.com\/sv\/wp-json\/wp\/v2\/media\/45118"}],"wp:attachment":[{"href":"https:\/\/nordicmart.andreevmaster.com\/sv\/wp-json\/wp\/v2\/media?parent=18040"}],"wp:term":[{"taxonomy":"product_brand","embeddable":true,"href":"https:\/\/nordicmart.andreevmaster.com\/sv\/wp-json\/wp\/v2\/product_brand?post=18040"},{"taxonomy":"product_cat","embeddable":true,"href":"https:\/\/nordicmart.andreevmaster.com\/sv\/wp-json\/wp\/v2\/product_cat?post=18040"},{"taxonomy":"product_tag","embeddable":true,"href":"https:\/\/nordicmart.andreevmaster.com\/sv\/wp-json\/wp\/v2\/product_tag?post=18040"}],"curies":[{"name":"wp","href":"https:\/\/api.w.org\/{rel}","templated":true}]}}