{"id":18035,"date":"2026-02-27T00:37:48","date_gmt":"2026-02-27T00:37:48","guid":{"rendered":"https:\/\/nordicmart.andreevmaster.com\/product\/feandrea-klattertrad-stort-165-cm-hogt-med-hangmatta-honungsbrunt\/"},"modified":"2026-02-27T08:26:48","modified_gmt":"2026-02-27T08:26:48","slug":"feandrea-klattertrad-stort-165-cm-hogt-med-hangmatta-honungsbrunt","status":"publish","type":"product","link":"https:\/\/nordicmart.andreevmaster.com\/sv\/produkt\/feandrea-klattertrad-stort-165-cm-hogt-med-hangmatta-honungsbrunt\/","title":{"rendered":"Feandrea kl\u00e4ttertr\u00e4d stort 165 cm h\u00f6gt med h\u00e4ngmatta honungsbrunt"},"content":{"rendered":"<p>Feandrea Kattkl\u00f6sst\u00e5ng stor, 165 cm h\u00f6g, kattkl\u00f6sst\u00e5ng, flerv\u00e5ningskl\u00f6sst\u00e5ng med grotta, liggplats, h\u00e4ngmatta, plyschboll, kl\u00f6sstammar, honungsbrun PCT118K03<br \/>\nF\u00e4rg: Honungsbrun<br \/>\nMaterial: Sp\u00e5nskiva, 370 g\/m\u00b2 plysch, sisal<br \/>\nStorlek: 45 x 40 x 165 cm (L x B x H)<br \/>\nVikt: 13,5 kg<\/p>\n","protected":false},"excerpt":{"rendered":"<p>Feandrea Kattkl\u00f6sst\u00e5ng stor, 165 cm h\u00f6g, kattkl\u00f6sst\u00e5ng, flerv\u00e5ningskl\u00f6sst\u00e5ng med grotta, liggplats, h\u00e4ngmatta, plyschboll, kl\u00f6sstammar, honungsbrun PCT118K03<\/p>\n","protected":false},"featured_media":45113,"comment_status":"open","ping_status":"closed","template":"","meta":[],"product_brand":[],"product_cat":[33],"product_tag":[],"class_list":{"0":"post-18035","1":"product","2":"type-product","3":"status-publish","4":"has-post-thumbnail","6":"product_cat-okategoriserad","8":"first","9":"instock","10":"shipping-taxable","11":"purchasable","12":"product-type-simple"},"_links":{"self":[{"href":"https:\/\/nordicmart.andreevmaster.com\/sv\/wp-json\/wp\/v2\/product\/18035","targetHints":{"allow":["GET"]}}],"collection":[{"href":"https:\/\/nordicmart.andreevmaster.com\/sv\/wp-json\/wp\/v2\/product"}],"about":[{"href":"https:\/\/nordicmart.andreevmaster.com\/sv\/wp-json\/wp\/v2\/types\/product"}],"replies":[{"embeddable":true,"href":"https:\/\/nordicmart.andreevmaster.com\/sv\/wp-json\/wp\/v2\/comments?post=18035"}],"wp:featuredmedia":[{"embeddable":true,"href":"https:\/\/nordicmart.andreevmaster.com\/sv\/wp-json\/wp\/v2\/media\/45113"}],"wp:attachment":[{"href":"https:\/\/nordicmart.andreevmaster.com\/sv\/wp-json\/wp\/v2\/media?parent=18035"}],"wp:term":[{"taxonomy":"product_brand","embeddable":true,"href":"https:\/\/nordicmart.andreevmaster.com\/sv\/wp-json\/wp\/v2\/product_brand?post=18035"},{"taxonomy":"product_cat","embeddable":true,"href":"https:\/\/nordicmart.andreevmaster.com\/sv\/wp-json\/wp\/v2\/product_cat?post=18035"},{"taxonomy":"product_tag","embeddable":true,"href":"https:\/\/nordicmart.andreevmaster.com\/sv\/wp-json\/wp\/v2\/product_tag?post=18035"}],"curies":[{"name":"wp","href":"https:\/\/api.w.org\/{rel}","templated":true}]}}