{"id":18034,"date":"2026-02-27T00:37:48","date_gmt":"2026-02-27T00:37:48","guid":{"rendered":"https:\/\/nordicmart.andreevmaster.com\/product\/feandrea-klattertrad-111-cm-hogt-med-sisalstam-klassiskt-svart\/"},"modified":"2026-02-27T08:26:48","modified_gmt":"2026-02-27T08:26:48","slug":"feandrea-klattertrad-111-cm-hogt-med-sisalstam-klassiskt-svart","status":"publish","type":"product","link":"https:\/\/nordicmart.andreevmaster.com\/sv\/produkt\/feandrea-klattertrad-111-cm-hogt-med-sisalstam-klassiskt-svart\/","title":{"rendered":"Feandrea kl\u00e4ttertr\u00e4d 111 cm h\u00f6gt med sisalstam klassiskt svart"},"content":{"rendered":"<p>Feandrea kl\u00e4ttertr\u00e4d, modernt, kattkl\u00e4ttertr\u00e4d, metallr\u00f6r, med kudde och plattform, sisalstam, kattleksak, 80 x 43 x 111 cm, f\u00f6r sm\u00e5, stora, gamla katter, klassiskt svart PCT117B01<br \/>\nF\u00e4rg: klassiskt svart<br \/>\nMaterial: st\u00e5l, sp\u00e5nskiva, sisal<br \/>\nStorlek: 80 x 43 x 111 cm (L x B x H)<br \/>\nVikt: 15,4 kg<br \/>\nMax. statisk totalbelastning: 60 kg<\/p>\n","protected":false},"excerpt":{"rendered":"<p>Feandrea kl\u00e4ttertr\u00e4d, modernt, kattkl\u00e4ttertr\u00e4d, metallr\u00f6r, med kudde och plattform, sisalstam, kattleksak, 80 x 43 x 111 cm, f\u00f6r sm\u00e5, stora, gamla katter, klassiskt svart PCT117B01<\/p>\n","protected":false},"featured_media":45112,"comment_status":"open","ping_status":"closed","template":"","meta":[],"product_brand":[],"product_cat":[33],"product_tag":[],"class_list":{"0":"post-18034","1":"product","2":"type-product","3":"status-publish","4":"has-post-thumbnail","6":"product_cat-okategoriserad","8":"first","9":"instock","10":"shipping-taxable","11":"purchasable","12":"product-type-simple"},"_links":{"self":[{"href":"https:\/\/nordicmart.andreevmaster.com\/sv\/wp-json\/wp\/v2\/product\/18034","targetHints":{"allow":["GET"]}}],"collection":[{"href":"https:\/\/nordicmart.andreevmaster.com\/sv\/wp-json\/wp\/v2\/product"}],"about":[{"href":"https:\/\/nordicmart.andreevmaster.com\/sv\/wp-json\/wp\/v2\/types\/product"}],"replies":[{"embeddable":true,"href":"https:\/\/nordicmart.andreevmaster.com\/sv\/wp-json\/wp\/v2\/comments?post=18034"}],"wp:featuredmedia":[{"embeddable":true,"href":"https:\/\/nordicmart.andreevmaster.com\/sv\/wp-json\/wp\/v2\/media\/45112"}],"wp:attachment":[{"href":"https:\/\/nordicmart.andreevmaster.com\/sv\/wp-json\/wp\/v2\/media?parent=18034"}],"wp:term":[{"taxonomy":"product_brand","embeddable":true,"href":"https:\/\/nordicmart.andreevmaster.com\/sv\/wp-json\/wp\/v2\/product_brand?post=18034"},{"taxonomy":"product_cat","embeddable":true,"href":"https:\/\/nordicmart.andreevmaster.com\/sv\/wp-json\/wp\/v2\/product_cat?post=18034"},{"taxonomy":"product_tag","embeddable":true,"href":"https:\/\/nordicmart.andreevmaster.com\/sv\/wp-json\/wp\/v2\/product_tag?post=18034"}],"curies":[{"name":"wp","href":"https:\/\/api.w.org\/{rel}","templated":true}]}}