{"id":18033,"date":"2026-02-27T00:37:48","date_gmt":"2026-02-27T00:37:48","guid":{"rendered":"https:\/\/nordicmart.andreevmaster.com\/product\/feandrea-kratzbaum-kattklosstativ-med-kattlada\/"},"modified":"2026-02-27T08:26:48","modified_gmt":"2026-02-27T08:26:48","slug":"feandrea-kratzbaum-kattklosstativ-med-kattlada","status":"publish","type":"product","link":"https:\/\/nordicmart.andreevmaster.com\/sv\/produkt\/feandrea-kratzbaum-kattklosstativ-med-kattlada\/","title":{"rendered":"Feandrea Kratzbaum, kattkl\u00f6sstativ med kattl\u00e5da"},"content":{"rendered":"<p>F\u00e4rg: Vintagebrun<br \/>\nMaterial: Sp\u00e5nskiva, 500 g\/m\u00b2 plysch, sisal<br \/>\nStorlek: 60 x 52 x 185 cm (L x B x H)<br \/>\nVikt: 28,7 kg<\/p>\n","protected":false},"excerpt":{"rendered":"<p>F\u00e4rg: Vintagebrun Material: Sp\u00e5nskiva, 500 g\/m\u00b2 plysch, sisal Storlek: 60 x 52 x 185 cm (L x B x H) Vikt: 28,7 kg<\/p>\n","protected":false},"featured_media":0,"comment_status":"open","ping_status":"closed","template":"","meta":[],"product_brand":[],"product_cat":[33],"product_tag":[],"class_list":{"0":"post-18033","1":"product","2":"type-product","3":"status-publish","5":"product_cat-okategoriserad","7":"first","8":"instock","9":"shipping-taxable","10":"purchasable","11":"product-type-simple"},"_links":{"self":[{"href":"https:\/\/nordicmart.andreevmaster.com\/sv\/wp-json\/wp\/v2\/product\/18033","targetHints":{"allow":["GET"]}}],"collection":[{"href":"https:\/\/nordicmart.andreevmaster.com\/sv\/wp-json\/wp\/v2\/product"}],"about":[{"href":"https:\/\/nordicmart.andreevmaster.com\/sv\/wp-json\/wp\/v2\/types\/product"}],"replies":[{"embeddable":true,"href":"https:\/\/nordicmart.andreevmaster.com\/sv\/wp-json\/wp\/v2\/comments?post=18033"}],"wp:attachment":[{"href":"https:\/\/nordicmart.andreevmaster.com\/sv\/wp-json\/wp\/v2\/media?parent=18033"}],"wp:term":[{"taxonomy":"product_brand","embeddable":true,"href":"https:\/\/nordicmart.andreevmaster.com\/sv\/wp-json\/wp\/v2\/product_brand?post=18033"},{"taxonomy":"product_cat","embeddable":true,"href":"https:\/\/nordicmart.andreevmaster.com\/sv\/wp-json\/wp\/v2\/product_cat?post=18033"},{"taxonomy":"product_tag","embeddable":true,"href":"https:\/\/nordicmart.andreevmaster.com\/sv\/wp-json\/wp\/v2\/product_tag?post=18033"}],"curies":[{"name":"wp","href":"https:\/\/api.w.org\/{rel}","templated":true}]}}